{"id":6093,"date":"2025-05-26T11:02:26","date_gmt":"2025-05-26T11:02:26","guid":{"rendered":"https:\/\/orthodoxblessings.com\/shop\/lat-oss-lara-oss-att-be\/"},"modified":"2025-05-26T11:02:26","modified_gmt":"2025-05-26T11:02:26","slug":"lat-oss-lara-oss-att-be","status":"publish","type":"product","link":"https:\/\/orthodoxblessings.com\/sv\/shop\/lat-oss-lara-oss-att-be\/","title":{"rendered":"L\u00e5t oss l\u00e4ra oss att be"},"content":{"rendered":"<p>&#8221;Let&#8217;s learn to pray&#8221; av Metropolitan Antonio Bloom \u00e4r en kortfattad och inspirerad guide till b\u00f6nens betydelse och betydelse i vardagen. Boken uppmanar l\u00e4saren att uppt\u00e4cka en djupare andlig kontakt med Gud genom personlig och uppriktig b\u00f6n. <\/p>\n","protected":false},"excerpt":{"rendered":"<p>&#8221;Let&#8217;s learn to pray&#8221; av Metropolitan Antonio Bloom \u00e4r en kortfattad och inspirerad guide till b\u00f6nens betydelse och betydelse i vardagen. Boken uppmanar l\u00e4saren att uppt\u00e4cka en djupare andlig kontakt med Gud genom personlig och uppriktig b\u00f6n.<\/p>\n","protected":false},"featured_media":4134,"template":"","meta":{"give_campaign_id":0},"product_brand":[],"product_cat":[564],"product_tag":[],"class_list":{"0":"post-6093","1":"product","2":"type-product","3":"status-publish","4":"has-post-thumbnail","6":"product_cat-andlig-litteratur-1","8":"first","9":"instock","10":"purchasable","11":"product-type-simple"},"_links":{"self":[{"href":"https:\/\/orthodoxblessings.com\/sv\/wp-json\/wp\/v2\/product\/6093","targetHints":{"allow":["GET"]}}],"collection":[{"href":"https:\/\/orthodoxblessings.com\/sv\/wp-json\/wp\/v2\/product"}],"about":[{"href":"https:\/\/orthodoxblessings.com\/sv\/wp-json\/wp\/v2\/types\/product"}],"wp:featuredmedia":[{"embeddable":true,"href":"https:\/\/orthodoxblessings.com\/sv\/wp-json\/wp\/v2\/media\/4134"}],"wp:attachment":[{"href":"https:\/\/orthodoxblessings.com\/sv\/wp-json\/wp\/v2\/media?parent=6093"}],"wp:term":[{"taxonomy":"product_brand","embeddable":true,"href":"https:\/\/orthodoxblessings.com\/sv\/wp-json\/wp\/v2\/product_brand?post=6093"},{"taxonomy":"product_cat","embeddable":true,"href":"https:\/\/orthodoxblessings.com\/sv\/wp-json\/wp\/v2\/product_cat?post=6093"},{"taxonomy":"product_tag","embeddable":true,"href":"https:\/\/orthodoxblessings.com\/sv\/wp-json\/wp\/v2\/product_tag?post=6093"}],"curies":[{"name":"wp","href":"https:\/\/api.w.org\/{rel}","templated":true}]}}