{"id":6092,"date":"2025-05-26T11:02:26","date_gmt":"2025-05-26T11:02:26","guid":{"rendered":"https:\/\/orthodoxblessings.com\/shop\/philokalia-3\/"},"modified":"2025-05-26T11:02:26","modified_gmt":"2025-05-26T11:02:26","slug":"philokalia-3","status":"publish","type":"product","link":"https:\/\/orthodoxblessings.com\/sv\/shop\/philokalia-3\/","title":{"rendered":"Philokalia 3"},"content":{"rendered":"<p>\u00e4r en forts\u00e4ttning p\u00e5 ortodoxa andliga l\u00e4rares samlade skrifter, med fokus p\u00e5 \u00e4mnen som inre b\u00f6n, nykterhet och andlig kamp. Denna volym inneh\u00e5ller verk som f\u00f6rdjupar f\u00f6rst\u00e5elsen av hj\u00e4rtats b\u00f6n och ger riktlinjer f\u00f6r andliga framsteg och rening av sj\u00e4len. <\/p>\n","protected":false},"excerpt":{"rendered":"<p>\u00e4r en forts\u00e4ttning p\u00e5 ortodoxa andliga l\u00e4rares samlade skrifter, med fokus p\u00e5 \u00e4mnen som inre b\u00f6n, nykterhet och andlig kamp. Denna volym inneh\u00e5ller verk som f\u00f6rdjupar f\u00f6rst\u00e5elsen av hj\u00e4rtats b\u00f6n och ger riktlinjer f\u00f6r andliga framsteg och rening av sj\u00e4len.<\/p>\n","protected":false},"featured_media":4132,"template":"","meta":{"give_campaign_id":0},"product_brand":[],"product_cat":[564],"product_tag":[],"class_list":{"0":"post-6092","1":"product","2":"type-product","3":"status-publish","4":"has-post-thumbnail","6":"product_cat-andlig-litteratur-1","8":"first","9":"instock","10":"purchasable","11":"product-type-simple"},"_links":{"self":[{"href":"https:\/\/orthodoxblessings.com\/sv\/wp-json\/wp\/v2\/product\/6092","targetHints":{"allow":["GET"]}}],"collection":[{"href":"https:\/\/orthodoxblessings.com\/sv\/wp-json\/wp\/v2\/product"}],"about":[{"href":"https:\/\/orthodoxblessings.com\/sv\/wp-json\/wp\/v2\/types\/product"}],"wp:featuredmedia":[{"embeddable":true,"href":"https:\/\/orthodoxblessings.com\/sv\/wp-json\/wp\/v2\/media\/4132"}],"wp:attachment":[{"href":"https:\/\/orthodoxblessings.com\/sv\/wp-json\/wp\/v2\/media?parent=6092"}],"wp:term":[{"taxonomy":"product_brand","embeddable":true,"href":"https:\/\/orthodoxblessings.com\/sv\/wp-json\/wp\/v2\/product_brand?post=6092"},{"taxonomy":"product_cat","embeddable":true,"href":"https:\/\/orthodoxblessings.com\/sv\/wp-json\/wp\/v2\/product_cat?post=6092"},{"taxonomy":"product_tag","embeddable":true,"href":"https:\/\/orthodoxblessings.com\/sv\/wp-json\/wp\/v2\/product_tag?post=6092"}],"curies":[{"name":"wp","href":"https:\/\/api.w.org\/{rel}","templated":true}]}}