{"id":6091,"date":"2025-05-26T11:02:26","date_gmt":"2025-05-26T11:02:26","guid":{"rendered":"https:\/\/orthodoxblessings.com\/shop\/philokalia-2\/"},"modified":"2025-05-26T11:02:26","modified_gmt":"2025-05-26T11:02:26","slug":"philokalia-2","status":"publish","type":"product","link":"https:\/\/orthodoxblessings.com\/sv\/shop\/philokalia-2\/","title":{"rendered":"Philokalia 2"},"content":{"rendered":"<p>&#8221;Philokalia 2&#8221; forts\u00e4tter att avsl\u00f6ja djupet av ortodox andlighet genom skrifter av heliga f\u00e4der som Sankt Philotheus fr\u00e5n Sinai och Sankt Elia Presbyter. Denna volym betonar vikten av nykterhet (n\u00e9psis), inre tystnad, st\u00e4ndig b\u00f6n och kampen mot d\u00e5liga tankar. <\/p>\n","protected":false},"excerpt":{"rendered":"<p>&#8221;Philokalia 2&#8221; forts\u00e4tter att avsl\u00f6ja djupet av ortodox andlighet genom skrifter av heliga f\u00e4der som Sankt Philotheus fr\u00e5n Sinai och Sankt Elia Presbyter. Denna volym betonar vikten av nykterhet (n\u00e9psis), inre tystnad, st\u00e4ndig b\u00f6n och kampen mot d\u00e5liga tankar.<\/p>\n","protected":false},"featured_media":4130,"template":"","meta":{"give_campaign_id":0},"product_brand":[],"product_cat":[564],"product_tag":[],"class_list":{"0":"post-6091","1":"product","2":"type-product","3":"status-publish","4":"has-post-thumbnail","6":"product_cat-andlig-litteratur-1","8":"first","9":"instock","10":"purchasable","11":"product-type-simple"},"_links":{"self":[{"href":"https:\/\/orthodoxblessings.com\/sv\/wp-json\/wp\/v2\/product\/6091","targetHints":{"allow":["GET"]}}],"collection":[{"href":"https:\/\/orthodoxblessings.com\/sv\/wp-json\/wp\/v2\/product"}],"about":[{"href":"https:\/\/orthodoxblessings.com\/sv\/wp-json\/wp\/v2\/types\/product"}],"wp:featuredmedia":[{"embeddable":true,"href":"https:\/\/orthodoxblessings.com\/sv\/wp-json\/wp\/v2\/media\/4130"}],"wp:attachment":[{"href":"https:\/\/orthodoxblessings.com\/sv\/wp-json\/wp\/v2\/media?parent=6091"}],"wp:term":[{"taxonomy":"product_brand","embeddable":true,"href":"https:\/\/orthodoxblessings.com\/sv\/wp-json\/wp\/v2\/product_brand?post=6091"},{"taxonomy":"product_cat","embeddable":true,"href":"https:\/\/orthodoxblessings.com\/sv\/wp-json\/wp\/v2\/product_cat?post=6091"},{"taxonomy":"product_tag","embeddable":true,"href":"https:\/\/orthodoxblessings.com\/sv\/wp-json\/wp\/v2\/product_tag?post=6091"}],"curies":[{"name":"wp","href":"https:\/\/api.w.org\/{rel}","templated":true}]}}