{"id":6090,"date":"2025-05-26T11:02:26","date_gmt":"2025-05-26T11:02:26","guid":{"rendered":"https:\/\/orthodoxblessings.com\/shop\/philokalia-1\/"},"modified":"2025-05-26T11:02:26","modified_gmt":"2025-05-26T11:02:26","slug":"philokalia-1","status":"publish","type":"product","link":"https:\/\/orthodoxblessings.com\/sv\/shop\/philokalia-1\/","title":{"rendered":"Philokalia 1"},"content":{"rendered":"<p>&#8221;Philokalia 1&#8221; \u00e4r en samling texter av de heliga f\u00e4derna som ger en djup inblick i ortodox andlighet och asketisk praktik. Den h\u00e4r boken \u00e4r en ov\u00e4rderlig guide f\u00f6r dem som s\u00f6ker en djupare f\u00f6rst\u00e5else f\u00f6r det inre livet och andlig utveckling, och ger praktiska r\u00e5d och lektioner f\u00f6r det andliga livet i vardagen.<\/p>\n","protected":false},"excerpt":{"rendered":"<p>&#8221;Philokalia 1&#8221; \u00e4r en samling texter av de heliga f\u00e4derna som ger en djup inblick i ortodox andlighet och asketisk praktik. Den h\u00e4r boken \u00e4r en ov\u00e4rderlig guide f\u00f6r dem som s\u00f6ker en djupare f\u00f6rst\u00e5else f\u00f6r det inre livet och andlig utveckling, och ger praktiska r\u00e5d och lektioner f\u00f6r det andliga livet i vardagen.<\/p>\n","protected":false},"featured_media":4128,"template":"","meta":{"give_campaign_id":0},"product_brand":[],"product_cat":[564],"product_tag":[],"class_list":{"0":"post-6090","1":"product","2":"type-product","3":"status-publish","4":"has-post-thumbnail","6":"product_cat-andlig-litteratur-1","8":"first","9":"instock","10":"purchasable","11":"product-type-simple"},"_links":{"self":[{"href":"https:\/\/orthodoxblessings.com\/sv\/wp-json\/wp\/v2\/product\/6090","targetHints":{"allow":["GET"]}}],"collection":[{"href":"https:\/\/orthodoxblessings.com\/sv\/wp-json\/wp\/v2\/product"}],"about":[{"href":"https:\/\/orthodoxblessings.com\/sv\/wp-json\/wp\/v2\/types\/product"}],"wp:featuredmedia":[{"embeddable":true,"href":"https:\/\/orthodoxblessings.com\/sv\/wp-json\/wp\/v2\/media\/4128"}],"wp:attachment":[{"href":"https:\/\/orthodoxblessings.com\/sv\/wp-json\/wp\/v2\/media?parent=6090"}],"wp:term":[{"taxonomy":"product_brand","embeddable":true,"href":"https:\/\/orthodoxblessings.com\/sv\/wp-json\/wp\/v2\/product_brand?post=6090"},{"taxonomy":"product_cat","embeddable":true,"href":"https:\/\/orthodoxblessings.com\/sv\/wp-json\/wp\/v2\/product_cat?post=6090"},{"taxonomy":"product_tag","embeddable":true,"href":"https:\/\/orthodoxblessings.com\/sv\/wp-json\/wp\/v2\/product_tag?post=6090"}],"curies":[{"name":"wp","href":"https:\/\/api.w.org\/{rel}","templated":true}]}}