{"id":6089,"date":"2025-07-31T11:02:59","date_gmt":"2025-07-31T11:02:59","guid":{"rendered":"https:\/\/orthodoxblessings.com\/shop\/reseuppsattning\/"},"modified":"2025-07-31T11:02:59","modified_gmt":"2025-07-31T11:02:59","slug":"reseuppsattning","status":"publish","type":"product","link":"https:\/\/orthodoxblessings.com\/sv\/shop\/reseuppsattning\/","title":{"rendered":"Reseupps\u00e4ttning"},"content":{"rendered":"<p>M\u00e5 tron \u200b\u200bf\u00f6lja med dig vart du \u00e4n g\u00e5r.<br \/>\nDetta noggrant designade ortodoxa set inneh\u00e5ller en mindre diptyk med ikoner av Jesus Kristus och Jungfru Maria, inrymt i ett elegant och slitstarkt l\u00e4derfodral, perfekt att b\u00e4ra i en v\u00e4ska, resv\u00e4ska eller bil.<\/p>\n<p>Diptyken fungerar som ett litet b\u00e4rbart altare, som p\u00e5minner dig om b\u00f6n, Guds n\u00e4rhet och n\u00e4rvaro, oavsett var du \u00e4r.<br \/>\nDenna diptyk representerar andlig balans, skydd och v\u00e4lsignelse f\u00f6r resan.<br \/>\nM\u00e5nga troende anv\u00e4nder resediptyken f\u00f6r kv\u00e4llsb\u00f6n p\u00e5 hotell, i bilen f\u00f6re en resa eller n\u00e4r de g\u00e5r ut och \u00e5terv\u00e4nder hem.<\/p>\n<p>Vart du \u00e4n g\u00e5r, m\u00e5 Gud g\u00e5 med dig.<br \/>\nResediptyken \u00e4r mer \u00e4n en ikon. Det \u00e4r ett tecken p\u00e5 att k\u00e4rlek och tro inte k\u00e4nner n\u00e5gra gr\u00e4nser. <\/p>\n","protected":false},"excerpt":{"rendered":"<p>M\u00e5 tron \u200b\u200bf\u00f6lja med dig vart du \u00e4n g\u00e5r.<br \/>\nDetta noggrant designade ortodoxa set inneh\u00e5ller en mindre diptyk med ikoner av Jesus Kristus och Jungfru Maria, inrymt i ett elegant och slitstarkt l\u00e4derfodral, perfekt att b\u00e4ra i en v\u00e4ska, resv\u00e4ska eller bil.<\/p>\n","protected":false},"featured_media":4320,"template":"","meta":{"give_campaign_id":0},"product_brand":[],"product_cat":[531],"product_tag":[],"class_list":{"0":"post-6089","1":"product","2":"type-product","3":"status-publish","4":"has-post-thumbnail","6":"product_cat-presentset","8":"first","9":"instock","10":"shipping-taxable","11":"purchasable","12":"product-type-simple"},"_links":{"self":[{"href":"https:\/\/orthodoxblessings.com\/sv\/wp-json\/wp\/v2\/product\/6089","targetHints":{"allow":["GET"]}}],"collection":[{"href":"https:\/\/orthodoxblessings.com\/sv\/wp-json\/wp\/v2\/product"}],"about":[{"href":"https:\/\/orthodoxblessings.com\/sv\/wp-json\/wp\/v2\/types\/product"}],"wp:featuredmedia":[{"embeddable":true,"href":"https:\/\/orthodoxblessings.com\/sv\/wp-json\/wp\/v2\/media\/4320"}],"wp:attachment":[{"href":"https:\/\/orthodoxblessings.com\/sv\/wp-json\/wp\/v2\/media?parent=6089"}],"wp:term":[{"taxonomy":"product_brand","embeddable":true,"href":"https:\/\/orthodoxblessings.com\/sv\/wp-json\/wp\/v2\/product_brand?post=6089"},{"taxonomy":"product_cat","embeddable":true,"href":"https:\/\/orthodoxblessings.com\/sv\/wp-json\/wp\/v2\/product_cat?post=6089"},{"taxonomy":"product_tag","embeddable":true,"href":"https:\/\/orthodoxblessings.com\/sv\/wp-json\/wp\/v2\/product_tag?post=6089"}],"curies":[{"name":"wp","href":"https:\/\/api.w.org\/{rel}","templated":true}]}}