{"id":6088,"date":"2025-07-31T11:11:09","date_gmt":"2025-07-31T11:11:09","guid":{"rendered":"https:\/\/orthodoxblessings.com\/shop\/stort-set-for-aktenskapsrummet\/"},"modified":"2025-07-31T11:11:09","modified_gmt":"2025-07-31T11:11:09","slug":"stort-set-for-aktenskapsrummet","status":"publish","type":"product","link":"https:\/\/orthodoxblessings.com\/sv\/shop\/stort-set-for-aktenskapsrummet\/","title":{"rendered":"Stort set f\u00f6r \u00e4ktenskapsrummet"},"content":{"rendered":"<p>Ta med b\u00f6nens kraft och skyddshelgonets v\u00e4lsignelse in i hj\u00e4rtat av ditt hem. Detta \u00f6verd\u00e5diga \u00e4ktenskapsrum har en ortodox triptyk med ikonen f\u00f6r Saint Petka, k\u00e4nt som skyddshelgon f\u00f6r kvinnor, familj, \u00e4ktenskap och hush\u00e5ll. <\/p>\n<p>Triptyken \u00e4r en ikon i tre delar, den centrala panelen visar skyddshelgonen Saint Friday omgiven av \u00e4rke\u00e4nglar i sidopanelerna.<br \/>\nSaint Petka har varit v\u00f6rdad i \u00e5rhundraden som beskyddare av kvinnor, h\u00e4lsa och familj.<\/p>\n<p>Triptyken placerad ovanf\u00f6r s\u00e4ngen, p\u00e5 byr\u00e5n eller i b\u00f6neh\u00f6rnan inbjuder makarna till en daglig stund av tystnad och intimitet med Gud.<\/p>\n<p>Precis som Stilla Fredagen har betts om hj\u00e4lp i generationer, forts\u00e4tter denna upps\u00e4ttning den traditionen i det moderna hemmet.<br \/>\nTa med trons ljus och skyddet av Stilla fredagen i ditt \u00e4ktenskap.<br \/>\nL\u00e5t denna heliga triptyk vara en p\u00e5minnelse om att all k\u00e4rlek \u00e4r starkare n\u00e4r den grundar sig i b\u00f6n.<\/p>\n<p>&nbsp;<\/p>\n","protected":false},"excerpt":{"rendered":"<p>Ta med b\u00f6nens kraft och skyddshelgonets v\u00e4lsignelse in i hj\u00e4rtat av ditt hem. Detta \u00f6verd\u00e5diga \u00e4ktenskapsrum har en ortodox triptyk med ikonen f\u00f6r Saint Petka, k\u00e4nt som skyddshelgon f\u00f6r kvinnor, familj, \u00e4ktenskap och hush\u00e5ll. <\/p>\n<p>Triptyken \u00e4r en ikon i tre delar, den centrala panelen visar skyddshelgonen Saint Friday omgiven av \u00e4rke\u00e4nglar i sidopanelerna.<br \/>\nSaint Petka har varit v\u00f6rdad i \u00e5rhundraden som beskyddare av kvinnor, h\u00e4lsa och familj.<\/p>\n","protected":false},"featured_media":7965,"template":"","meta":{"give_campaign_id":0},"product_brand":[],"product_cat":[531],"product_tag":[],"class_list":{"0":"post-6088","1":"product","2":"type-product","3":"status-publish","4":"has-post-thumbnail","6":"product_cat-presentset","8":"first","9":"instock","10":"sale","11":"shipping-taxable","12":"purchasable","13":"product-type-simple"},"_links":{"self":[{"href":"https:\/\/orthodoxblessings.com\/sv\/wp-json\/wp\/v2\/product\/6088","targetHints":{"allow":["GET"]}}],"collection":[{"href":"https:\/\/orthodoxblessings.com\/sv\/wp-json\/wp\/v2\/product"}],"about":[{"href":"https:\/\/orthodoxblessings.com\/sv\/wp-json\/wp\/v2\/types\/product"}],"wp:featuredmedia":[{"embeddable":true,"href":"https:\/\/orthodoxblessings.com\/sv\/wp-json\/wp\/v2\/media\/7965"}],"wp:attachment":[{"href":"https:\/\/orthodoxblessings.com\/sv\/wp-json\/wp\/v2\/media?parent=6088"}],"wp:term":[{"taxonomy":"product_brand","embeddable":true,"href":"https:\/\/orthodoxblessings.com\/sv\/wp-json\/wp\/v2\/product_brand?post=6088"},{"taxonomy":"product_cat","embeddable":true,"href":"https:\/\/orthodoxblessings.com\/sv\/wp-json\/wp\/v2\/product_cat?post=6088"},{"taxonomy":"product_tag","embeddable":true,"href":"https:\/\/orthodoxblessings.com\/sv\/wp-json\/wp\/v2\/product_tag?post=6088"}],"curies":[{"name":"wp","href":"https:\/\/api.w.org\/{rel}","templated":true}]}}