{"id":5902,"date":"2025-07-31T11:13:27","date_gmt":"2025-07-31T11:13:27","guid":{"rendered":"https:\/\/orthodoxblessings.com\/shop\/litet-set-for-aktenskapsrummet\/"},"modified":"2025-07-31T11:13:27","modified_gmt":"2025-07-31T11:13:27","slug":"litet-set-for-aktenskapsrummet","status":"publish","type":"product","link":"https:\/\/orthodoxblessings.com\/sv\/shop\/litet-set-for-aktenskapsrummet\/","title":{"rendered":"Litet set f\u00f6r \u00e4ktenskapsrummet"},"content":{"rendered":"<p>Ta med v\u00e4lsignelser i ditt hem med detta \u00e4ktenskapsrumsset. Setet inneh\u00e5ller en diptyk med ikoner av Jesus Kristus och Guds heliga moder, som \u00e4r en symbol f\u00f6r andlig enhet, skydd och \u00e4ktenskapets helighet. <\/p>\n<div class=\"elementor-element elementor-element-319798f e-n-tabs-mobile elementor-widget elementor-widget-n-tabs\" data-id=\"319798f\" data-element_type=\"widget\" data-settings=\"{\" tabs_justify_horizontal=\"\" data-widget_type=\"nested-tabs.default\">\n<div class=\"elementor-widget-container\">\n<div class=\"e-n-tabs e-activated\" data-widget-number=\"52001167\" aria-label=\"Tabs. Open items with Enter or Space, close with Escape and navigate using the Arrow keys.\" data-touch-mode=\"false\">\n<div class=\"e-n-tabs-content\">\n<div id=\"e-n-tab-content-520011671\" class=\"e-active elementor-element elementor-element-73c41a6 e-con-full e-flex e-con e-child\" role=\"tabpanel\" aria-labelledby=\"e-n-tab-title-520011671\" data-tab-index=\"1\" data-id=\"73c41a6\" data-element_type=\"container\">\n<div class=\"elementor-element elementor-element-1f00fe3 e-flex e-con-boxed e-con e-child\" data-id=\"1f00fe3\" data-element_type=\"container\">\n<div class=\"e-con-inner\">\n<div class=\"elementor-element elementor-element-3ccdd0c elementor-widget elementor-widget-woocommerce-product-content\" data-id=\"3ccdd0c\" data-element_type=\"widget\" data-widget_type=\"woocommerce-product-content.default\">\n<div class=\"elementor-widget-container\">\n<p>Denna diptykikon kombinerar de tv\u00e5 viktigaste kristna gestalterna: Jesus Kristus och den heliga jungfru Maria, i en elegant rysk design. Deras karakt\u00e4rer representerar den kristna trons centrala gestalter, och den r\u00f6da plyschen tillf\u00f6r ett djupt andligt allvar och sk\u00f6nhet. <\/p>\n<\/div>\n<\/div>\n<\/div>\n<\/div>\n<\/div>\n<\/div>\n<\/div>\n<\/div>\n<\/div>\n<p>Diptyken \u00e4r idealisk f\u00f6r makens dagliga b\u00f6n, lugna stunder av tacksamhet, f\u00f6r att beh\u00e5lla tro och frid i hemmet.<br \/>\nM\u00e5 din gemenskap alltid vara rotad i tro.<\/p>\n","protected":false},"excerpt":{"rendered":"<p>En liten upps\u00e4ttning f\u00f6r ett dubbelrum i en duptih kombinerar de tv\u00e5 viktigaste kristna gestalterna: Jesus Kristus och den heliga jungfru Maria, i en elegant rysk design. Deras karakt\u00e4rer representerar den kristna trons centrala gestalter, och den r\u00f6da plyschen tillf\u00f6r ett djupt andligt allvar och sk\u00f6nhet. <\/p>\n","protected":false},"featured_media":4322,"template":"","meta":{"give_campaign_id":0},"product_brand":[],"product_cat":[531],"product_tag":[],"class_list":{"0":"post-5902","1":"product","2":"type-product","3":"status-publish","4":"has-post-thumbnail","6":"product_cat-presentset","8":"first","9":"instock","10":"shipping-taxable","11":"purchasable","12":"product-type-simple"},"_links":{"self":[{"href":"https:\/\/orthodoxblessings.com\/sv\/wp-json\/wp\/v2\/product\/5902","targetHints":{"allow":["GET"]}}],"collection":[{"href":"https:\/\/orthodoxblessings.com\/sv\/wp-json\/wp\/v2\/product"}],"about":[{"href":"https:\/\/orthodoxblessings.com\/sv\/wp-json\/wp\/v2\/types\/product"}],"wp:featuredmedia":[{"embeddable":true,"href":"https:\/\/orthodoxblessings.com\/sv\/wp-json\/wp\/v2\/media\/4322"}],"wp:attachment":[{"href":"https:\/\/orthodoxblessings.com\/sv\/wp-json\/wp\/v2\/media?parent=5902"}],"wp:term":[{"taxonomy":"product_brand","embeddable":true,"href":"https:\/\/orthodoxblessings.com\/sv\/wp-json\/wp\/v2\/product_brand?post=5902"},{"taxonomy":"product_cat","embeddable":true,"href":"https:\/\/orthodoxblessings.com\/sv\/wp-json\/wp\/v2\/product_cat?post=5902"},{"taxonomy":"product_tag","embeddable":true,"href":"https:\/\/orthodoxblessings.com\/sv\/wp-json\/wp\/v2\/product_tag?post=5902"}],"curies":[{"name":"wp","href":"https:\/\/api.w.org\/{rel}","templated":true}]}}