{"id":5853,"date":"2025-06-12T12:05:36","date_gmt":"2025-06-12T12:05:36","guid":{"rendered":"https:\/\/orthodoxblessings.com\/donacije\/"},"modified":"2025-10-03T08:02:07","modified_gmt":"2025-10-03T08:02:07","slug":"donacije","status":"publish","type":"page","link":"https:\/\/orthodoxblessings.com\/sv\/donacije\/","title":{"rendered":"Donationer"},"content":{"rendered":"\t\t<div data-elementor-type=\"wp-page\" data-elementor-id=\"5853\" class=\"elementor elementor-5853 elementor-2358\" data-elementor-post-type=\"page\">\n\t\t\t\t<div class=\"elementor-element elementor-element-358769d e-flex e-con-boxed e-con e-parent\" data-id=\"358769d\" data-element_type=\"container\" data-settings=\"{&quot;background_background&quot;:&quot;classic&quot;}\">\n\t\t\t\t\t<div class=\"e-con-inner\">\n\t\t\t\t<div class=\"elementor-element elementor-element-16f3148 elementor-widget elementor-widget-heading\" data-id=\"16f3148\" data-element_type=\"widget\" data-widget_type=\"heading.default\">\n\t\t\t\t<div class=\"elementor-widget-container\">\n\t\t\t\t\t<h2 class=\"elementor-heading-title elementor-size-default\">Donationer<\/h2>\t\t\t\t<\/div>\n\t\t\t\t<\/div>\n\t\t\t\t<div class=\"elementor-element elementor-element-6435548 elementor-widget-divider--view-line elementor-widget elementor-widget-divider\" data-id=\"6435548\" data-element_type=\"widget\" data-widget_type=\"divider.default\">\n\t\t\t\t<div class=\"elementor-widget-container\">\n\t\t\t\t\t\t\t<div class=\"elementor-divider\">\n\t\t\t<span class=\"elementor-divider-separator\">\n\t\t\t\t\t\t<\/span>\n\t\t<\/div>\n\t\t\t\t\t\t<\/div>\n\t\t\t\t<\/div>\n\t\t\t\t<div class=\"elementor-element elementor-element-7869d21 elementor-widget elementor-widget-woocommerce-breadcrumb\" data-id=\"7869d21\" data-element_type=\"widget\" data-widget_type=\"woocommerce-breadcrumb.default\">\n\t\t\t\t<div class=\"elementor-widget-container\">\n\t\t\t\t\t<nav class=\"woocommerce-breadcrumb\" aria-label=\"Breadcrumb\">Hem<\/nav>\t\t\t\t<\/div>\n\t\t\t\t<\/div>\n\t\t\t\t\t<\/div>\n\t\t\t\t<\/div>\n\t\t<div class=\"elementor-element elementor-element-c307aed e-flex e-con-boxed e-con e-parent\" data-id=\"c307aed\" data-element_type=\"container\" data-settings=\"{&quot;background_background&quot;:&quot;classic&quot;}\">\n\t\t\t\t\t<div class=\"e-con-inner\">\n\t\t<div class=\"elementor-element elementor-element-698516b e-con-full e-flex e-con e-child\" data-id=\"698516b\" data-element_type=\"container\">\n\t\t<div class=\"elementor-element elementor-element-bd5e5bc e-con-full e-flex e-con e-child\" data-id=\"bd5e5bc\" data-element_type=\"container\">\n\t\t\t\t<div class=\"elementor-element elementor-element-dfeda30 elementor-widget elementor-widget-heading\" data-id=\"dfeda30\" data-element_type=\"widget\" data-widget_type=\"heading.default\">\n\t\t\t\t<div class=\"elementor-widget-container\">\n\t\t\t\t\t<h2 class=\"elementor-heading-title elementor-size-default\">Hur mycket vill du donera?<\/h2>\t\t\t\t<\/div>\n\t\t\t\t<\/div>\n\t\t\t\t<div class=\"elementor-element elementor-element-26586a8 elementor-widget elementor-widget-text-editor\" data-id=\"26586a8\" data-element_type=\"widget\" data-widget_type=\"text-editor.default\">\n\t\t\t\t<div class=\"elementor-widget-container\">\n\t\t\t\t\t\t\t\t\t<p>Alla donationer har direkt inverkan p\u00e5 v\u00e5r organisation och hj\u00e4lper oss att fr\u00e4mja v\u00e5rt uppdrag.<\/p>\t\t\t\t\t\t\t\t<\/div>\n\t\t\t\t<\/div>\n\t\t\t\t<div class=\"elementor-element elementor-element-08a1a1e elementor-widget__width-initial elementor-widget elementor-widget-shortcode\" data-id=\"08a1a1e\" data-element_type=\"widget\" data-widget_type=\"shortcode.default\">\n\t\t\t\t<div class=\"elementor-widget-container\">\n\t\t\t\t\t\t\t<div class=\"elementor-shortcode\"><ul class=\"woocommerce-error wcdp-error-message\" id=\"wcdp-ajax-error\" role=\"alert\"><li>In the current view, the donation form is not available.<\/li><\/ul><\/div>\n\t\t\t\t\t\t<\/div>\n\t\t\t\t<\/div>\n\t\t\t\t<\/div>\n\t\t<div class=\"elementor-element elementor-element-185b292 e-con-full e-flex e-con e-child\" data-id=\"185b292\" data-element_type=\"container\">\n\t\t\t\t<div class=\"elementor-element elementor-element-9c14d5c elementor-widget elementor-widget-text-editor\" data-id=\"9c14d5c\" data-element_type=\"widget\" data-widget_type=\"text-editor.default\">\n\t\t\t\t<div class=\"elementor-widget-container\">\n\t\t\t\t\t\t\t\t\t<p>Ett block f\u00f6r kyrkbygget kostar 50 \u20ac, och donatorn f\u00e5r m\u00f6jlighet att f\u00e5 sitt namn ingraverat p\u00e5 kyrkans v\u00e4ggar samt p\u00e5 webbplatsen f\u00f6r Heliga Petka. Eftersom du redan har bidragit genom ett k\u00f6p, kan du bli registrerad som byggm\u00e4stare med en extra donation p\u00e5 20 \u20ac.<\/p>\t\t\t\t\t\t\t\t<\/div>\n\t\t\t\t<\/div>\n\t\t\t\t<div class=\"elementor-element elementor-element-fdd356d elementor-widget elementor-widget-image\" data-id=\"fdd356d\" data-element_type=\"widget\" data-widget_type=\"image.default\">\n\t\t\t\t<div class=\"elementor-widget-container\">\n\t\t\t\t\t\t\t\t\t\t\t\t\t\t\t<img fetchpriority=\"high\" decoding=\"async\" width=\"1920\" height=\"1080\" src=\"https:\/\/orthodoxblessings.com\/wp-content\/uploads\/2025\/06\/Druga_pocetna_desaturisana.png\" class=\"attachment-full size-full wp-image-4190\" alt=\"\" srcset=\"https:\/\/orthodoxblessings.com\/wp-content\/uploads\/2025\/06\/Druga_pocetna_desaturisana.png 1920w, https:\/\/orthodoxblessings.com\/wp-content\/uploads\/2025\/06\/Druga_pocetna_desaturisana-300x169.png 300w, https:\/\/orthodoxblessings.com\/wp-content\/uploads\/2025\/06\/Druga_pocetna_desaturisana-1024x576.png 1024w, https:\/\/orthodoxblessings.com\/wp-content\/uploads\/2025\/06\/Druga_pocetna_desaturisana-768x432.png 768w, https:\/\/orthodoxblessings.com\/wp-content\/uploads\/2025\/06\/Druga_pocetna_desaturisana-1536x864.png 1536w, https:\/\/orthodoxblessings.com\/wp-content\/uploads\/2025\/06\/Druga_pocetna_desaturisana-600x338.png 600w\" sizes=\"(max-width: 1920px) 100vw, 1920px\" \/>\t\t\t\t\t\t\t\t\t\t\t\t\t\t\t<\/div>\n\t\t\t\t<\/div>\n\t\t\t\t<\/div>\n\t\t\t\t<\/div>\n\t\t\t\t\t<\/div>\n\t\t\t\t<\/div>\n\t\t\t\t<\/div>\n\t\t","protected":false},"excerpt":{"rendered":"<p>Donationer Hur mycket vill du donera? Alla donationer har direkt inverkan p\u00e5 v\u00e5r organisation och hj\u00e4lper oss att fr\u00e4mja v\u00e5rt uppdrag. Ett block f\u00f6r kyrkbygget kostar 50 \u20ac, och donatorn f\u00e5r m\u00f6jlighet att f\u00e5 sitt namn ingraverat p\u00e5 kyrkans v\u00e4ggar samt p\u00e5 webbplatsen f\u00f6r Heliga Petka. Eftersom du redan har bidragit genom ett k\u00f6p, kan [&hellip;]<\/p>\n","protected":false},"author":1,"featured_media":0,"parent":0,"menu_order":0,"comment_status":"closed","ping_status":"closed","template":"","meta":{"give_campaign_id":0,"footnotes":""},"class_list":["post-5853","page","type-page","status-publish","hentry"],"campaignId":"","_links":{"self":[{"href":"https:\/\/orthodoxblessings.com\/sv\/wp-json\/wp\/v2\/pages\/5853","targetHints":{"allow":["GET"]}}],"collection":[{"href":"https:\/\/orthodoxblessings.com\/sv\/wp-json\/wp\/v2\/pages"}],"about":[{"href":"https:\/\/orthodoxblessings.com\/sv\/wp-json\/wp\/v2\/types\/page"}],"author":[{"embeddable":true,"href":"https:\/\/orthodoxblessings.com\/sv\/wp-json\/wp\/v2\/users\/1"}],"replies":[{"embeddable":true,"href":"https:\/\/orthodoxblessings.com\/sv\/wp-json\/wp\/v2\/comments?post=5853"}],"version-history":[{"count":13,"href":"https:\/\/orthodoxblessings.com\/sv\/wp-json\/wp\/v2\/pages\/5853\/revisions"}],"predecessor-version":[{"id":6639,"href":"https:\/\/orthodoxblessings.com\/sv\/wp-json\/wp\/v2\/pages\/5853\/revisions\/6639"}],"wp:attachment":[{"href":"https:\/\/orthodoxblessings.com\/sv\/wp-json\/wp\/v2\/media?parent=5853"}],"curies":[{"name":"wp","href":"https:\/\/api.w.org\/{rel}","templated":true}]}}