{"id":5801,"date":"2025-06-23T07:29:01","date_gmt":"2025-06-23T07:29:01","guid":{"rendered":"https:\/\/orthodoxblessings.com\/blog\/"},"modified":"2025-09-02T16:29:50","modified_gmt":"2025-09-02T16:29:50","slug":"blog","status":"publish","type":"page","link":"https:\/\/orthodoxblessings.com\/sv\/blog\/","title":{"rendered":"Blog"},"content":{"rendered":"\t\t<div data-elementor-type=\"wp-page\" data-elementor-id=\"5801\" class=\"elementor elementor-5801 elementor-2759\" data-elementor-post-type=\"page\">\n\t\t\t\t<div class=\"elementor-element elementor-element-29a22c3 e-flex e-con-boxed e-con e-parent\" data-id=\"29a22c3\" data-element_type=\"container\" data-settings=\"{&quot;background_background&quot;:&quot;classic&quot;}\">\n\t\t\t\t\t<div class=\"e-con-inner\">\n\t\t\t\t<div class=\"elementor-element elementor-element-22be3f7 elementor-widget elementor-widget-heading\" data-id=\"22be3f7\" data-element_type=\"widget\" data-widget_type=\"heading.default\">\n\t\t\t\t<div class=\"elementor-widget-container\">\n\t\t\t\t\t<h2 class=\"elementor-heading-title elementor-size-default\">Blog<\/h2>\t\t\t\t<\/div>\n\t\t\t\t<\/div>\n\t\t\t\t<div class=\"elementor-element elementor-element-7a3bc2e elementor-widget-divider--view-line elementor-widget elementor-widget-divider\" data-id=\"7a3bc2e\" data-element_type=\"widget\" data-widget_type=\"divider.default\">\n\t\t\t\t<div class=\"elementor-widget-container\">\n\t\t\t\t\t\t\t<div class=\"elementor-divider\">\n\t\t\t<span class=\"elementor-divider-separator\">\n\t\t\t\t\t\t<\/span>\n\t\t<\/div>\n\t\t\t\t\t\t<\/div>\n\t\t\t\t<\/div>\n\t\t\t\t<div class=\"elementor-element elementor-element-43f42c3 elementor-widget elementor-widget-woocommerce-breadcrumb\" data-id=\"43f42c3\" data-element_type=\"widget\" data-widget_type=\"woocommerce-breadcrumb.default\">\n\t\t\t\t<div class=\"elementor-widget-container\">\n\t\t\t\t\t<nav class=\"woocommerce-breadcrumb\" aria-label=\"Breadcrumb\">Hem<\/nav>\t\t\t\t<\/div>\n\t\t\t\t<\/div>\n\t\t\t\t\t<\/div>\n\t\t\t\t<\/div>\n\t\t<div class=\"elementor-element elementor-element-0fd50d1 e-flex e-con-boxed e-con e-parent\" data-id=\"0fd50d1\" data-element_type=\"container\">\n\t\t\t\t\t<div class=\"e-con-inner\">\n\t\t\t\t<div class=\"elementor-element elementor-element-01c45d2 elementor-grid-4 elementor-posts--thumbnail-none elementor-grid-tablet-2 elementor-grid-mobile-1 elementor-card-shadow-yes elementor-posts__hover-gradient elementor-widget elementor-widget-posts\" data-id=\"01c45d2\" data-element_type=\"widget\" data-settings=\"{&quot;cards_columns&quot;:&quot;4&quot;,&quot;cards_row_gap&quot;:{&quot;unit&quot;:&quot;px&quot;,&quot;size&quot;:20,&quot;sizes&quot;:[]},&quot;cards_columns_tablet&quot;:&quot;2&quot;,&quot;cards_columns_mobile&quot;:&quot;1&quot;,&quot;cards_row_gap_tablet&quot;:{&quot;unit&quot;:&quot;px&quot;,&quot;size&quot;:&quot;&quot;,&quot;sizes&quot;:[]},&quot;cards_row_gap_mobile&quot;:{&quot;unit&quot;:&quot;px&quot;,&quot;size&quot;:&quot;&quot;,&quot;sizes&quot;:[]}}\" data-widget_type=\"posts.cards\">\n\t\t\t\t<div class=\"elementor-widget-container\">\n\t\t\t\t\t\t\t<div class=\"elementor-posts-container elementor-posts elementor-posts--skin-cards elementor-grid\" role=\"list\">\n\t\t\t\t<article class=\"elementor-post elementor-grid-item post-5802 post type-post status-publish format-standard hentry category-blog-sv\" role=\"listitem\">\n\t\t\t<div class=\"elementor-post__card\">\n\t\t\t\t<div class=\"elementor-post__text\">\n\t\t\t\t<h3 class=\"elementor-post__title\">\n\t\t\t<a href=\"https:\/\/orthodoxblessings.com\/sv\/berattelsen-om-bina-sma-arbetare-med-stor-betydelse\/\" >\n\t\t\t\tBer\u00e4ttelsen om bina \u2013 Sm\u00e5 arbetare med stor betydelse\t\t\t<\/a>\n\t\t<\/h3>\n\t\t\t\t<div class=\"elementor-post__excerpt\">\n\t\t\t<p>I naturen finns det m\u00e5nga fascinerande varelser, men bina har en s\u00e4rskild plats tack vare sitt v\u00e4rde f\u00f6r m\u00e4nniskans liv och hela planeten. Dessa sm\u00e5<\/p>\n\t\t<\/div>\n\t\t\t\t\t<div class=\"elementor-post__read-more-wrapper\">\n\t\t\n\t\t<a class=\"elementor-post__read-more\" href=\"https:\/\/orthodoxblessings.com\/sv\/berattelsen-om-bina-sma-arbetare-med-stor-betydelse\/\" aria-label=\"L\u00e4s mer om Ber\u00e4ttelsen om bina \u2013 Sm\u00e5 arbetare med stor betydelse\" tabindex=\"-1\" >\n\t\t\tL\u00e4s mer \u00bb\t\t<\/a>\n\n\t\t\t\t\t<\/div>\n\t\t\t\t<\/div>\n\t\t\t\t\t<\/div>\n\t\t<\/article>\n\t\t\t\t<article class=\"elementor-post elementor-grid-item post-5804 post type-post status-publish format-standard hentry category-blog-sv\" role=\"listitem\">\n\t\t\t<div class=\"elementor-post__card\">\n\t\t\t\t<div class=\"elementor-post__text\">\n\t\t\t\t<h3 class=\"elementor-post__title\">\n\t\t\t<a href=\"https:\/\/orthodoxblessings.com\/sv\/ljus-for-halsa-och-for-sjalar-i-vila-ett-ljus-som-forenar-himmel-och-jord\/\" >\n\t\t\t\tLjus f\u00f6r h\u00e4lsa och f\u00f6r sj\u00e4lar i vila \u2013 Ett ljus som f\u00f6renar himmel och jord\t\t\t<\/a>\n\t\t<\/h3>\n\t\t\t\t<div class=\"elementor-post__excerpt\">\n\t\t\t<p>I den ortodoxa traditionen har ljus en s\u00e4rskild betydelse. Deras sken symboliserar tro, hopp och Guds eviga n\u00e4rvaro. Varje ljus som t\u00e4nds, i kyrkan eller<\/p>\n\t\t<\/div>\n\t\t\t\t\t<div class=\"elementor-post__read-more-wrapper\">\n\t\t\n\t\t<a class=\"elementor-post__read-more\" href=\"https:\/\/orthodoxblessings.com\/sv\/ljus-for-halsa-och-for-sjalar-i-vila-ett-ljus-som-forenar-himmel-och-jord\/\" aria-label=\"L\u00e4s mer om Ljus f\u00f6r h\u00e4lsa och f\u00f6r sj\u00e4lar i vila \u2013 Ett ljus som f\u00f6renar himmel och jord\" tabindex=\"-1\" >\n\t\t\tL\u00e4s mer \u00bb\t\t<\/a>\n\n\t\t\t\t\t<\/div>\n\t\t\t\t<\/div>\n\t\t\t\t\t<\/div>\n\t\t<\/article>\n\t\t\t\t<article class=\"elementor-post elementor-grid-item post-5807 post type-post status-publish format-standard hentry category-blog-sv\" role=\"listitem\">\n\t\t\t<div class=\"elementor-post__card\">\n\t\t\t\t<div class=\"elementor-post__text\">\n\t\t\t\t<h3 class=\"elementor-post__title\">\n\t\t\t<a href=\"https:\/\/orthodoxblessings.com\/sv\/berattelsen-om-den-heliga-petka-kvinnors-och-familjers-beskyddare-hur-en-helgon-forandrade-liv\/\" >\n\t\t\t\tBer\u00e4ttelsen om den heliga Petka \u2013 Kvinnors och familjers beskyddare: Hur en helgon f\u00f6r\u00e4ndrade liv\t\t\t<\/a>\n\t\t<\/h3>\n\t\t\t\t<div class=\"elementor-post__excerpt\">\n\t\t\t<p>Sofija hade alltid haft en s\u00e4rskild relation till den heliga Petka. Redan som barn lyssnade hon till sin mammas ber\u00e4ttelser om detta helgons liv och<\/p>\n\t\t<\/div>\n\t\t\t\t\t<div class=\"elementor-post__read-more-wrapper\">\n\t\t\n\t\t<a class=\"elementor-post__read-more\" href=\"https:\/\/orthodoxblessings.com\/sv\/berattelsen-om-den-heliga-petka-kvinnors-och-familjers-beskyddare-hur-en-helgon-forandrade-liv\/\" aria-label=\"L\u00e4s mer om Ber\u00e4ttelsen om den heliga Petka \u2013 Kvinnors och familjers beskyddare: Hur en helgon f\u00f6r\u00e4ndrade liv\" tabindex=\"-1\" >\n\t\t\tL\u00e4s mer \u00bb\t\t<\/a>\n\n\t\t\t\t\t<\/div>\n\t\t\t\t<\/div>\n\t\t\t\t\t<\/div>\n\t\t<\/article>\n\t\t\t\t<article class=\"elementor-post elementor-grid-item post-5809 post type-post status-publish format-standard hentry category-blog-sv\" role=\"listitem\">\n\t\t\t<div class=\"elementor-post__card\">\n\t\t\t\t<div class=\"elementor-post__text\">\n\t\t\t\t<h3 class=\"elementor-post__title\">\n\t\t\t<a href=\"https:\/\/orthodoxblessings.com\/sv\/hur-man-inreder-ett-bonhorn-i-hemmet-en-berattelse-om-en-plats-som-utstralar-frid\/\" >\n\t\t\t\tHur man inreder ett b\u00f6nh\u00f6rn i hemmet: En ber\u00e4ttelse om en plats som utstr\u00e5lar frid\t\t\t<\/a>\n\t\t<\/h3>\n\t\t\t\t<div class=\"elementor-post__excerpt\">\n\t\t\t<p>Milica v\u00e4xte upp i en familj som v\u00e4rderade andliga v\u00e4rden h\u00f6gt. Men n\u00e4r hon b\u00f6rjade ett sj\u00e4lvst\u00e4ndigt liv i sin nya l\u00e4genhet, ins\u00e5g hon att<\/p>\n\t\t<\/div>\n\t\t\t\t\t<div class=\"elementor-post__read-more-wrapper\">\n\t\t\n\t\t<a class=\"elementor-post__read-more\" href=\"https:\/\/orthodoxblessings.com\/sv\/hur-man-inreder-ett-bonhorn-i-hemmet-en-berattelse-om-en-plats-som-utstralar-frid\/\" aria-label=\"L\u00e4s mer om Hur man inreder ett b\u00f6nh\u00f6rn i hemmet: En ber\u00e4ttelse om en plats som utstr\u00e5lar frid\" tabindex=\"-1\" >\n\t\t\tL\u00e4s mer \u00bb\t\t<\/a>\n\n\t\t\t\t\t<\/div>\n\t\t\t\t<\/div>\n\t\t\t\t\t<\/div>\n\t\t<\/article>\n\t\t\t\t<article class=\"elementor-post elementor-grid-item post-5811 post type-post status-publish format-standard hentry category-blog-sv\" role=\"listitem\">\n\t\t\t<div class=\"elementor-post__card\">\n\t\t\t\t<div class=\"elementor-post__text\">\n\t\t\t\t<h3 class=\"elementor-post__title\">\n\t\t\t<a href=\"https:\/\/orthodoxblessings.com\/sv\/hemligheter-och-valsignelser-med-att-tanda-ett-oljeljus-hemma-en-berattelse-om-ett-ljus-som-forandrar-livet\/\" >\n\t\t\t\tHemligheter och v\u00e4lsignelser med att t\u00e4nda ett oljeljus hemma: En ber\u00e4ttelse om ett ljus som f\u00f6r\u00e4ndrar livet\t\t\t<\/a>\n\t\t<\/h3>\n\t\t\t\t<div class=\"elementor-post__excerpt\">\n\t\t\t<p>Petar var en man som alltid levde snabbt och intensivt. Hans arbete tog upp st\u00f6rre delen av dagen, och den lilla fritid som \u00e5terstod \u00e4gnade<\/p>\n\t\t<\/div>\n\t\t\t\t\t<div class=\"elementor-post__read-more-wrapper\">\n\t\t\n\t\t<a class=\"elementor-post__read-more\" href=\"https:\/\/orthodoxblessings.com\/sv\/hemligheter-och-valsignelser-med-att-tanda-ett-oljeljus-hemma-en-berattelse-om-ett-ljus-som-forandrar-livet\/\" aria-label=\"L\u00e4s mer om Hemligheter och v\u00e4lsignelser med att t\u00e4nda ett oljeljus hemma: En ber\u00e4ttelse om ett ljus som f\u00f6r\u00e4ndrar livet\" tabindex=\"-1\" >\n\t\t\tL\u00e4s mer \u00bb\t\t<\/a>\n\n\t\t\t\t\t<\/div>\n\t\t\t\t<\/div>\n\t\t\t\t\t<\/div>\n\t\t<\/article>\n\t\t\t\t<article class=\"elementor-post elementor-grid-item post-5813 post type-post status-publish format-standard hentry category-blog-sv\" role=\"listitem\">\n\t\t\t<div class=\"elementor-post__card\">\n\t\t\t\t<div class=\"elementor-post__text\">\n\t\t\t\t<h3 class=\"elementor-post__title\">\n\t\t\t<a href=\"https:\/\/orthodoxblessings.com\/sv\/fem-saker-varje-ortodoxt-hem-bor-ha-en-berattelse-om-en-andlig-forvandling\/\" >\n\t\t\t\tFem saker varje ortodoxt hem b\u00f6r ha: En ber\u00e4ttelse om en andlig f\u00f6rvandling\t\t\t<\/a>\n\t\t<\/h3>\n\t\t\t\t<div class=\"elementor-post__excerpt\">\n\t\t\t<p>Ivana och Marko hade nyligen gift sig och flyttat in i sitt f\u00f6rsta gemensamma hem. \u00c4ven om de b\u00e5da vuxit upp i ortodoxa familjer, hade<\/p>\n\t\t<\/div>\n\t\t\t\t\t<div class=\"elementor-post__read-more-wrapper\">\n\t\t\n\t\t<a class=\"elementor-post__read-more\" href=\"https:\/\/orthodoxblessings.com\/sv\/fem-saker-varje-ortodoxt-hem-bor-ha-en-berattelse-om-en-andlig-forvandling\/\" aria-label=\"L\u00e4s mer om Fem saker varje ortodoxt hem b\u00f6r ha: En ber\u00e4ttelse om en andlig f\u00f6rvandling\" tabindex=\"-1\" >\n\t\t\tL\u00e4s mer \u00bb\t\t<\/a>\n\n\t\t\t\t\t<\/div>\n\t\t\t\t<\/div>\n\t\t\t\t\t<\/div>\n\t\t<\/article>\n\t\t\t\t<article class=\"elementor-post elementor-grid-item post-5815 post type-post status-publish format-standard hentry category-blog-sv\" role=\"listitem\">\n\t\t\t<div class=\"elementor-post__card\">\n\t\t\t\t<div class=\"elementor-post__text\">\n\t\t\t\t<h3 class=\"elementor-post__title\">\n\t\t\t<a href=\"https:\/\/orthodoxblessings.com\/sv\/berattelsen-om-dopgavan-hur-en-gava-blev-ett-evigt-minne\/\" >\n\t\t\t\tBer\u00e4ttelsen om dopg\u00e5van: Hur en g\u00e5va blev ett evigt minne\t\t\t<\/a>\n\t\t<\/h3>\n\t\t\t\t<div class=\"elementor-post__excerpt\">\n\t\t\t<p>Marija var alltid k\u00e4nd f\u00f6r sitt stora hj\u00e4rta och sinne f\u00f6r detaljer, s\u00e4rskilt n\u00e4r det g\u00e4llde m\u00e4nniskor hon brydde sig om. N\u00e4r hon fick veta<\/p>\n\t\t<\/div>\n\t\t\t\t\t<div class=\"elementor-post__read-more-wrapper\">\n\t\t\n\t\t<a class=\"elementor-post__read-more\" href=\"https:\/\/orthodoxblessings.com\/sv\/berattelsen-om-dopgavan-hur-en-gava-blev-ett-evigt-minne\/\" aria-label=\"L\u00e4s mer om Ber\u00e4ttelsen om dopg\u00e5van: Hur en g\u00e5va blev ett evigt minne\" tabindex=\"-1\" >\n\t\t\tL\u00e4s mer \u00bb\t\t<\/a>\n\n\t\t\t\t\t<\/div>\n\t\t\t\t<\/div>\n\t\t\t\t\t<\/div>\n\t\t<\/article>\n\t\t\t\t<article class=\"elementor-post elementor-grid-item post-5818 post type-post status-publish format-standard hentry category-blog-sv\" role=\"listitem\">\n\t\t\t<div class=\"elementor-post__card\">\n\t\t\t\t<div class=\"elementor-post__text\">\n\t\t\t\t<h3 class=\"elementor-post__title\">\n\t\t\t<a href=\"https:\/\/orthodoxblessings.com\/sv\/berattelsen-om-ikoner-hur-ortodoxa-ikoner-forandrade-en-manniskas-liv\/\" >\n\t\t\t\tBer\u00e4ttelsen om ikoner: Hur ortodoxa ikoner f\u00f6r\u00e4ndrade en m\u00e4nniskas liv\t\t\t<\/a>\n\t\t<\/h3>\n\t\t\t\t<div class=\"elementor-post__excerpt\">\n\t\t\t<p>Nikola var en vanlig man, anst\u00e4lld p\u00e5 ett litet kontor, med ett liv fyllt av rutiner. \u00c4nd\u00e5 k\u00e4nde han en inre tomhet \u2013 en brist<\/p>\n\t\t<\/div>\n\t\t\t\t\t<div class=\"elementor-post__read-more-wrapper\">\n\t\t\n\t\t<a class=\"elementor-post__read-more\" href=\"https:\/\/orthodoxblessings.com\/sv\/berattelsen-om-ikoner-hur-ortodoxa-ikoner-forandrade-en-manniskas-liv\/\" aria-label=\"L\u00e4s mer om Ber\u00e4ttelsen om ikoner: Hur ortodoxa ikoner f\u00f6r\u00e4ndrade en m\u00e4nniskas liv\" tabindex=\"-1\" >\n\t\t\tL\u00e4s mer \u00bb\t\t<\/a>\n\n\t\t\t\t\t<\/div>\n\t\t\t\t<\/div>\n\t\t\t\t\t<\/div>\n\t\t<\/article>\n\t\t\t\t<\/div>\n\t\t\n\t\t\t\t\t\t<\/div>\n\t\t\t\t<\/div>\n\t\t\t\t\t<\/div>\n\t\t\t\t<\/div>\n\t\t\t\t<\/div>\n\t\t","protected":false},"excerpt":{"rendered":"<p>Blog<\/p>\n","protected":false},"author":1,"featured_media":0,"parent":0,"menu_order":0,"comment_status":"closed","ping_status":"closed","template":"","meta":{"give_campaign_id":0,"footnotes":""},"class_list":["post-5801","page","type-page","status-publish","hentry"],"campaignId":"","_links":{"self":[{"href":"https:\/\/orthodoxblessings.com\/sv\/wp-json\/wp\/v2\/pages\/5801","targetHints":{"allow":["GET"]}}],"collection":[{"href":"https:\/\/orthodoxblessings.com\/sv\/wp-json\/wp\/v2\/pages"}],"about":[{"href":"https:\/\/orthodoxblessings.com\/sv\/wp-json\/wp\/v2\/types\/page"}],"author":[{"embeddable":true,"href":"https:\/\/orthodoxblessings.com\/sv\/wp-json\/wp\/v2\/users\/1"}],"replies":[{"embeddable":true,"href":"https:\/\/orthodoxblessings.com\/sv\/wp-json\/wp\/v2\/comments?post=5801"}],"version-history":[{"count":3,"href":"https:\/\/orthodoxblessings.com\/sv\/wp-json\/wp\/v2\/pages\/5801\/revisions"}],"predecessor-version":[{"id":5826,"href":"https:\/\/orthodoxblessings.com\/sv\/wp-json\/wp\/v2\/pages\/5801\/revisions\/5826"}],"wp:attachment":[{"href":"https:\/\/orthodoxblessings.com\/sv\/wp-json\/wp\/v2\/media?parent=5801"}],"curies":[{"name":"wp","href":"https:\/\/api.w.org\/{rel}","templated":true}]}}