{"id":9246,"date":"2026-01-29T12:56:50","date_gmt":"2026-01-29T12:56:50","guid":{"rendered":"https:\/\/orthodoxblessings.com\/?post_type=product&#038;p=9246"},"modified":"2026-01-31T14:52:46","modified_gmt":"2026-01-31T14:52:46","slug":"sirup-od-borovih-iglica-sa-medom","status":"publish","type":"product","link":"https:\/\/orthodoxblessings.com\/sr\/shop\/sirup-od-borovih-iglica-sa-medom\/","title":{"rendered":"Sirup od borovih iglica sa medom"},"content":{"rendered":"<p class=\"my-2 [&amp;+p]:mt-4 [&amp;_strong:has(+br)]:inline-block [&amp;_strong:has(+br)]:pb-2\"><strong>Med sa sirupom od borovih iglica \u2013 Prirodna podr\u0161ka za disajne puteve<\/strong><\/p>\n<p class=\"my-2 [&amp;+p]:mt-4 [&amp;_strong:has(+br)]:inline-block [&amp;_strong:has(+br)]:pb-2\">Ovaj jedinstveni spoj kombinuje \u010disti med sa sirupom od borovih iglica, tradicionalni prirodni lek cenjen zbog mo\u0107nih benefita za respiratorni sistem. Napravljen od sve\u017eih borovih pupoljaka i iglica bogatih esencijalnim uljima, ovaj lekoviti sirup deluje kao prirodni ekspektorans i antiseptik, efikasno ubla\u017eava ka\u0161alj, bronhitis, prehladu i iritaciju grla. Ekstrakti bora sadr\u017ee antimikrobna jedinjenja koja se bore protiv bakterija i virusa dok umiruju upaljene sluznice grla i respiratornog trakta. Bogat vitaminima i prirodnim antibakterijskim svojstvima, ja\u010da imuni sistem i poma\u017ee telu da se odupre infekcijama. Sirup od borovog meda je posebno efikasan za hroni\u010dni ka\u0161alj i bezbedan je i za odrasle i za decu stariju od 3 godine. Njegov blago o\u0161tar, aromati\u010dan ukus sa smolastim notama mo\u017ee se uzimati direktno ka\u0161ikom, rastvoriti u \u010daju ili koristiti kao prirodni zasla\u0111iva\u010d. Savr\u0161en za sezonu prehlade i gripa ili kao svakodnevni poja\u010diva\u010d imuniteta.<\/p>\n","protected":false},"excerpt":{"rendered":"<p>Med sa sirupom od borovih iglica \u2013 Prirodna podr\u0161ka za disajne puteve Ovaj jedinstveni spoj kombinuje \u010disti med sa sirupom od borovih iglica, tradicionalni prirodni lek cenjen zbog mo\u0107nih benefita za respiratorni sistem. Napravljen od sve\u017eih borovih pupoljaka i iglica bogatih esencijalnim uljima, ovaj lekoviti sirup deluje kao prirodni ekspektorans i antiseptik, efikasno ubla\u017eava ka\u0161alj, [&hellip;]<\/p>\n","protected":false},"featured_media":9312,"template":"","meta":{"give_campaign_id":0},"product_brand":[],"product_cat":[675],"product_tag":[],"class_list":{"0":"post-9246","1":"product","2":"type-product","3":"status-publish","4":"has-post-thumbnail","6":"product_cat-med","8":"first","9":"instock","10":"purchasable","11":"product-type-variable","12":"rtwpvg-product"},"_links":{"self":[{"href":"https:\/\/orthodoxblessings.com\/sr\/wp-json\/wp\/v2\/product\/9246","targetHints":{"allow":["GET"]}}],"collection":[{"href":"https:\/\/orthodoxblessings.com\/sr\/wp-json\/wp\/v2\/product"}],"about":[{"href":"https:\/\/orthodoxblessings.com\/sr\/wp-json\/wp\/v2\/types\/product"}],"wp:featuredmedia":[{"embeddable":true,"href":"https:\/\/orthodoxblessings.com\/sr\/wp-json\/wp\/v2\/media\/9312"}],"wp:attachment":[{"href":"https:\/\/orthodoxblessings.com\/sr\/wp-json\/wp\/v2\/media?parent=9246"}],"wp:term":[{"taxonomy":"product_brand","embeddable":true,"href":"https:\/\/orthodoxblessings.com\/sr\/wp-json\/wp\/v2\/product_brand?post=9246"},{"taxonomy":"product_cat","embeddable":true,"href":"https:\/\/orthodoxblessings.com\/sr\/wp-json\/wp\/v2\/product_cat?post=9246"},{"taxonomy":"product_tag","embeddable":true,"href":"https:\/\/orthodoxblessings.com\/sr\/wp-json\/wp\/v2\/product_tag?post=9246"}],"curies":[{"name":"wp","href":"https:\/\/api.w.org\/{rel}","templated":true}]}}