{"id":9228,"date":"2026-01-29T12:53:03","date_gmt":"2026-01-29T12:53:03","guid":{"rendered":"https:\/\/orthodoxblessings.com\/?post_type=product&#038;p=9228"},"modified":"2026-01-31T14:45:30","modified_gmt":"2026-01-31T14:45:30","slug":"med-od-eukaliptusa","status":"publish","type":"product","link":"https:\/\/orthodoxblessings.com\/sr\/shop\/med-od-eukaliptusa\/","title":{"rendered":"Med od eukaliptusa"},"content":{"rendered":"<p class=\"my-2 [&amp;+p]:mt-4 [&amp;_strong:has(+br)]:inline-block [&amp;_strong:has(+br)]:pb-2\"><strong>Med od eukaliptusa \u2013 Prirodna pomo\u0107 za disajne puteve<\/strong><\/p>\n<p class=\"my-2 [&amp;+p]:mt-4 [&amp;_strong:has(+br)]:inline-block [&amp;_strong:has(+br)]:pb-2\">Med od eukaliptusa je monocvetni med proizveden od nektara cvetova eukaliptusa, poznat po svojoj karakteristi\u010dnoj tamno jantarnoj boji i aromati\u010dnom profilu. Ovaj lekoviti med je posebno cenjen zbog svojih mo\u0107nih benefita za respiratorni sistem, deluje kao prirodni supresant ka\u0161lja, ubla\u017eava zapu\u0161enost nosa i poma\u017ee u dreniranju vi\u0161ka sluzi. Bogat antioksidansima, vitaminima C i B9, med od eukaliptusa ja\u010da imuni sistem i \u0161titi \u0107elije od o\u0161te\u0107enja izazvanih slobodnim radikalima. Njegova prirodna antibakterijska, antiupalna i antisepti\u010dka svojstva \u010dine ga efikasnim za zarastanje rana, zdravlje ko\u017ee, pa \u010dak i podr\u0161ku urinarnog trakta. Med sadr\u017ei eukaliptol, jedinjenje koje poja\u010dava njegove terapeutske efekte i daje mu jedinstven slatki ukus sa biljnim notama. Savr\u0161en za sezonu prehlade i gripa, ili svakodnevno kao prirodni poja\u010diva\u010d energije i zdravlja.<\/p>\n","protected":false},"excerpt":{"rendered":"<p>Med od eukaliptusa \u2013 Prirodna pomo\u0107 za disajne puteve Med od eukaliptusa je monocvetni med proizveden od nektara cvetova eukaliptusa, poznat po svojoj karakteristi\u010dnoj tamno jantarnoj boji i aromati\u010dnom profilu. Ovaj lekoviti med je posebno cenjen zbog svojih mo\u0107nih benefita za respiratorni sistem, deluje kao prirodni supresant ka\u0161lja, ubla\u017eava zapu\u0161enost nosa i poma\u017ee u dreniranju [&hellip;]<\/p>\n","protected":false},"featured_media":9309,"template":"","meta":{"give_campaign_id":0},"product_brand":[],"product_cat":[675],"product_tag":[],"class_list":{"0":"post-9228","1":"product","2":"type-product","3":"status-publish","4":"has-post-thumbnail","6":"product_cat-med","8":"first","9":"instock","10":"purchasable","11":"product-type-variable","12":"rtwpvg-product"},"_links":{"self":[{"href":"https:\/\/orthodoxblessings.com\/sr\/wp-json\/wp\/v2\/product\/9228","targetHints":{"allow":["GET"]}}],"collection":[{"href":"https:\/\/orthodoxblessings.com\/sr\/wp-json\/wp\/v2\/product"}],"about":[{"href":"https:\/\/orthodoxblessings.com\/sr\/wp-json\/wp\/v2\/types\/product"}],"wp:featuredmedia":[{"embeddable":true,"href":"https:\/\/orthodoxblessings.com\/sr\/wp-json\/wp\/v2\/media\/9309"}],"wp:attachment":[{"href":"https:\/\/orthodoxblessings.com\/sr\/wp-json\/wp\/v2\/media?parent=9228"}],"wp:term":[{"taxonomy":"product_brand","embeddable":true,"href":"https:\/\/orthodoxblessings.com\/sr\/wp-json\/wp\/v2\/product_brand?post=9228"},{"taxonomy":"product_cat","embeddable":true,"href":"https:\/\/orthodoxblessings.com\/sr\/wp-json\/wp\/v2\/product_cat?post=9228"},{"taxonomy":"product_tag","embeddable":true,"href":"https:\/\/orthodoxblessings.com\/sr\/wp-json\/wp\/v2\/product_tag?post=9228"}],"curies":[{"name":"wp","href":"https:\/\/api.w.org\/{rel}","templated":true}]}}