{"id":9210,"date":"2026-01-29T12:46:35","date_gmt":"2026-01-29T12:46:35","guid":{"rendered":"https:\/\/orthodoxblessings.com\/?post_type=product&#038;p=9210"},"modified":"2026-01-31T14:37:40","modified_gmt":"2026-01-31T14:37:40","slug":"med-od-kafe","status":"publish","type":"product","link":"https:\/\/orthodoxblessings.com\/sr\/shop\/med-od-kafe\/","title":{"rendered":"Med od kafe"},"content":{"rendered":"<p class=\"my-2 [&amp;+p]:mt-4 [&amp;_strong:has(+br)]:inline-block [&amp;_strong:has(+br)]:pb-2 animate-in fade-in-25 duration-700\"><strong>Med od kafe \u2013 Mirisna energija u tegli<\/strong><\/p>\n<p class=\"my-2 [&amp;+p]:mt-4 [&amp;_strong:has(+br)]:inline-block [&amp;_strong:has(+br)]:pb-2 animate-in fade-in-25 duration-700\">Med od kafe spaja prirodni cvetni med sa pa\u017eljivo odabranom kafom i stvara bogat, aromati\u010dan namaz sa dubokim karamel\u2011kafa ukusom. Daje blagu, dugotrajnu energiju i bolju koncentraciju zahvaljuju\u0107i prirodnim \u0161e\u0107erima iz meda i blagom sadr\u017eaju kofeina iz kafe. Idealan je za jutro umesto klasi\u010dnih zasla\u0111iva\u010da u kafi, mleku ili \u010daju, kao i kao gurmanski preliv za tost, deserte i vo\u0107e. Med od kafe je savr\u0161en za ljubitelje kafe koji \u017eele zdraviji i prirodniji na\u010din da u\u017eivaju u omiljenom ukusu svakog dana.<\/p>\n","protected":false},"excerpt":{"rendered":"<p>Med od kafe \u2013 Mirisna energija u tegli Med od kafe spaja prirodni cvetni med sa pa\u017eljivo odabranom kafom i stvara bogat, aromati\u010dan namaz sa dubokim karamel\u2011kafa ukusom. Daje blagu, dugotrajnu energiju i bolju koncentraciju zahvaljuju\u0107i prirodnim \u0161e\u0107erima iz meda i blagom sadr\u017eaju kofeina iz kafe. Idealan je za jutro umesto klasi\u010dnih zasla\u0111iva\u010da u kafi, [&hellip;]<\/p>\n","protected":false},"featured_media":9306,"template":"","meta":{"give_campaign_id":0},"product_brand":[],"product_cat":[675],"product_tag":[],"class_list":{"0":"post-9210","1":"product","2":"type-product","3":"status-publish","4":"has-post-thumbnail","6":"product_cat-med","8":"first","9":"instock","10":"purchasable","11":"product-type-variable","12":"rtwpvg-product"},"_links":{"self":[{"href":"https:\/\/orthodoxblessings.com\/sr\/wp-json\/wp\/v2\/product\/9210","targetHints":{"allow":["GET"]}}],"collection":[{"href":"https:\/\/orthodoxblessings.com\/sr\/wp-json\/wp\/v2\/product"}],"about":[{"href":"https:\/\/orthodoxblessings.com\/sr\/wp-json\/wp\/v2\/types\/product"}],"wp:featuredmedia":[{"embeddable":true,"href":"https:\/\/orthodoxblessings.com\/sr\/wp-json\/wp\/v2\/media\/9306"}],"wp:attachment":[{"href":"https:\/\/orthodoxblessings.com\/sr\/wp-json\/wp\/v2\/media?parent=9210"}],"wp:term":[{"taxonomy":"product_brand","embeddable":true,"href":"https:\/\/orthodoxblessings.com\/sr\/wp-json\/wp\/v2\/product_brand?post=9210"},{"taxonomy":"product_cat","embeddable":true,"href":"https:\/\/orthodoxblessings.com\/sr\/wp-json\/wp\/v2\/product_cat?post=9210"},{"taxonomy":"product_tag","embeddable":true,"href":"https:\/\/orthodoxblessings.com\/sr\/wp-json\/wp\/v2\/product_tag?post=9210"}],"curies":[{"name":"wp","href":"https:\/\/api.w.org\/{rel}","templated":true}]}}