{"id":9192,"date":"2026-01-29T12:43:34","date_gmt":"2026-01-29T12:43:34","guid":{"rendered":"https:\/\/orthodoxblessings.com\/?post_type=product&#038;p=9192"},"modified":"2026-01-31T12:06:29","modified_gmt":"2026-01-31T12:06:29","slug":"krem-med-sa-maticnom-mleci","status":"publish","type":"product","link":"https:\/\/orthodoxblessings.com\/sr\/shop\/krem-med-sa-maticnom-mleci\/","title":{"rendered":"Krem med sa mati\u010dnom mle\u010di"},"content":{"rendered":"<p class=\"my-2 [&amp;+p]:mt-4 [&amp;_strong:has(+br)]:inline-block [&amp;_strong:has(+br)]:pb-2\"><strong>Krem Med sa Mati\u010dnom Mle\u010di \u2013 Hranljivi Eliksir Energije<\/strong><\/p>\n<p class=\"my-2 [&amp;+p]:mt-4 [&amp;_strong:has(+br)]:inline-block [&amp;_strong:has(+br)]:pb-2\">Krem Med sa Mati\u010dnom Mle\u010di je svilenkasta, penasto umutena poslastica od meda oboga\u0107ena mati\u010dnom mle\u010di za ja\u010danje vitalnosti i \u043e\u043f\u0448\u0442\u0435\u0433 \u0437\u0434\u0440\u0430\u0432\u0459\u0430. Njegova glatka tekstura i blaga cvetna slatko\u0107a savr\u0161eni su za one koji vole ne\u017ean, lako maziv med. Mati\u010dna mle\u010d je tradicionalno cenjena zbog podr\u0161ke prirodnoj energiji, imunitetu i oporavku, pa je ova me\u0161avina odli\u010dan izbor u periodima umora ili pove\u0107anog stresa. U\u017eivajte u ka\u0161i\u010dici ujutru, na hlebu ili ume\u0161anoj u mlak \u010daj kao prirodan dnevni podsticaj.<\/p>\n","protected":false},"excerpt":{"rendered":"<p>Krem Med sa Mati\u010dnom Mle\u010di \u2013 Hranljivi Eliksir Energije Krem Med sa Mati\u010dnom Mle\u010di je svilenkasta, penasto umutena poslastica od meda oboga\u0107ena mati\u010dnom mle\u010di za ja\u010danje vitalnosti i \u043e\u043f\u0448\u0442\u0435\u0433 \u0437\u0434\u0440\u0430\u0432\u0459\u0430. Njegova glatka tekstura i blaga cvetna slatko\u0107a savr\u0161eni su za one koji vole ne\u017ean, lako maziv med. Mati\u010dna mle\u010d je tradicionalno cenjena zbog podr\u0161ke prirodnoj [&hellip;]<\/p>\n","protected":false},"featured_media":9303,"template":"","meta":{"give_campaign_id":0},"product_brand":[],"product_cat":[675],"product_tag":[],"class_list":{"0":"post-9192","1":"product","2":"type-product","3":"status-publish","4":"has-post-thumbnail","6":"product_cat-med","8":"first","9":"instock","10":"purchasable","11":"product-type-variable","12":"rtwpvg-product"},"_links":{"self":[{"href":"https:\/\/orthodoxblessings.com\/sr\/wp-json\/wp\/v2\/product\/9192","targetHints":{"allow":["GET"]}}],"collection":[{"href":"https:\/\/orthodoxblessings.com\/sr\/wp-json\/wp\/v2\/product"}],"about":[{"href":"https:\/\/orthodoxblessings.com\/sr\/wp-json\/wp\/v2\/types\/product"}],"wp:featuredmedia":[{"embeddable":true,"href":"https:\/\/orthodoxblessings.com\/sr\/wp-json\/wp\/v2\/media\/9303"}],"wp:attachment":[{"href":"https:\/\/orthodoxblessings.com\/sr\/wp-json\/wp\/v2\/media?parent=9192"}],"wp:term":[{"taxonomy":"product_brand","embeddable":true,"href":"https:\/\/orthodoxblessings.com\/sr\/wp-json\/wp\/v2\/product_brand?post=9192"},{"taxonomy":"product_cat","embeddable":true,"href":"https:\/\/orthodoxblessings.com\/sr\/wp-json\/wp\/v2\/product_cat?post=9192"},{"taxonomy":"product_tag","embeddable":true,"href":"https:\/\/orthodoxblessings.com\/sr\/wp-json\/wp\/v2\/product_tag?post=9192"}],"curies":[{"name":"wp","href":"https:\/\/api.w.org\/{rel}","templated":true}]}}