{"id":9174,"date":"2026-01-29T12:31:12","date_gmt":"2026-01-29T12:31:12","guid":{"rendered":"https:\/\/orthodoxblessings.com\/?post_type=product&#038;p=9174"},"modified":"2026-01-31T11:57:33","modified_gmt":"2026-01-31T11:57:33","slug":"med-sa-kurkumom","status":"publish","type":"product","link":"https:\/\/orthodoxblessings.com\/sr\/shop\/med-sa-kurkumom\/","title":{"rendered":"Med sa kurkumom"},"content":{"rendered":"<p class=\"my-2 [&amp;+p]:mt-4 [&amp;_strong:has(+br)]:inline-block [&amp;_strong:has(+br)]:pb-2\"><strong>Med sa Kurkumom \u2013 Zlatna Protivupalna Me\u0161avina<\/strong><\/p>\n<p class=\"my-2 [&amp;+p]:mt-4 [&amp;_strong:has(+br)]:inline-block [&amp;_strong:has(+br)]:pb-2\">Med sa Kurkumom je zlatna, kremasta me\u0161avina koja spaja \u010dist cvetni med sa sitno mlevenom kurkumom za sna\u017enu svakodnevnu podr\u0161ku. Topao, blago ljutkast ukus kurkume produbljuje prirodnu slatko\u0107u meda i stvara bogat ukus koji se savr\u0161eno sla\u017ee sa \u010dajem, mlekom ili tostom. Kurkuma je poznata po svojim jakim protivupalnim i antioksidativnim svojstvima, dok med pru\u017ea prirodno umiruju\u0107e i antibakterijsko dejstvo, \u0448\u0442\u043e \u043e\u0432\u0443 \u043c\u0435\u0448\u0430\u0432\u0438\u043d\u0443 \u010dini idealnom u sezoni prehlada ili nakon napornog dana. U\u017eivajte u ka\u0161i\u010dici samostalno, ume\u0161ajte je u mlake napitke ili je koristite kao ukusan dodatak doru\u010dku i zdravim poslasticama.<\/p>\n","protected":false},"excerpt":{"rendered":"<p>Med sa Kurkumom \u2013 Zlatna Protivupalna Me\u0161avina Med sa Kurkumom je zlatna, kremasta me\u0161avina koja spaja \u010dist cvetni med sa sitno mlevenom kurkumom za sna\u017enu svakodnevnu podr\u0161ku. Topao, blago ljutkast ukus kurkume produbljuje prirodnu slatko\u0107u meda i stvara bogat ukus koji se savr\u0161eno sla\u017ee sa \u010dajem, mlekom ili tostom. Kurkuma je poznata po svojim jakim [&hellip;]<\/p>\n","protected":false},"featured_media":9300,"template":"","meta":{"give_campaign_id":0},"product_brand":[],"product_cat":[675],"product_tag":[],"class_list":{"0":"post-9174","1":"product","2":"type-product","3":"status-publish","4":"has-post-thumbnail","6":"product_cat-med","8":"first","9":"instock","10":"purchasable","11":"product-type-variable","12":"rtwpvg-product"},"_links":{"self":[{"href":"https:\/\/orthodoxblessings.com\/sr\/wp-json\/wp\/v2\/product\/9174","targetHints":{"allow":["GET"]}}],"collection":[{"href":"https:\/\/orthodoxblessings.com\/sr\/wp-json\/wp\/v2\/product"}],"about":[{"href":"https:\/\/orthodoxblessings.com\/sr\/wp-json\/wp\/v2\/types\/product"}],"wp:featuredmedia":[{"embeddable":true,"href":"https:\/\/orthodoxblessings.com\/sr\/wp-json\/wp\/v2\/media\/9300"}],"wp:attachment":[{"href":"https:\/\/orthodoxblessings.com\/sr\/wp-json\/wp\/v2\/media?parent=9174"}],"wp:term":[{"taxonomy":"product_brand","embeddable":true,"href":"https:\/\/orthodoxblessings.com\/sr\/wp-json\/wp\/v2\/product_brand?post=9174"},{"taxonomy":"product_cat","embeddable":true,"href":"https:\/\/orthodoxblessings.com\/sr\/wp-json\/wp\/v2\/product_cat?post=9174"},{"taxonomy":"product_tag","embeddable":true,"href":"https:\/\/orthodoxblessings.com\/sr\/wp-json\/wp\/v2\/product_tag?post=9174"}],"curies":[{"name":"wp","href":"https:\/\/api.w.org\/{rel}","templated":true}]}}