{"id":9156,"date":"2026-01-29T12:22:36","date_gmt":"2026-01-29T12:22:36","guid":{"rendered":"https:\/\/orthodoxblessings.com\/?post_type=product&#038;p=9156"},"modified":"2026-01-31T11:42:06","modified_gmt":"2026-01-31T11:42:06","slug":"med-konoplja","status":"publish","type":"product","link":"https:\/\/orthodoxblessings.com\/sr\/shop\/med-konoplja\/","title":{"rendered":"Med konoplja"},"content":{"rendered":"<p class=\"my-2 [&amp;+p]:mt-4 [&amp;_strong:has(+br)]:inline-block [&amp;_strong:has(+br)]:pb-2\"><strong>Med Konoplja \u2013 Prirodna Ravnote\u017ea i Vitalnost<\/strong><\/p>\n<p class=\"my-2 [&amp;+p]:mt-4 [&amp;_strong:has(+br)]:inline-block [&amp;_strong:has(+br)]:pb-2\">Med Konoplja je jedinstvena me\u0161avina \u010distog cvetnog meda i sitno samlevenih semenki konoplje, osmi\u0161ljena da podr\u017ei svakodnevnu ravnote\u017eu i vitalnost. Kremasta tekstura i blage ora\u0161aste, biljne note konoplje oboga\u0107uju prirodnu slatko\u0107u meda, \u010dine\u0107i ovaj proizvod i ukusnim i funkcionalnim. Bogat biljnim proteinima, omega masnim kiselinama, vitaminima i mineralima, poma\u017ee da se organizam nahrani, podr\u017ei normalna funkcija nervnog sistema i odr\u017ei zdrav nivo energije. U\u017eivajte u ka\u0161i\u010dici samostalno, na hlebu ili ume\u0161anoj u smutije i tople napitke kao prirodan deo dnevne rutine.<\/p>\n","protected":false},"excerpt":{"rendered":"<p>Med Konoplja \u2013 Prirodna Ravnote\u017ea i Vitalnost Med Konoplja je jedinstvena me\u0161avina \u010distog cvetnog meda i sitno samlevenih semenki konoplje, osmi\u0161ljena da podr\u017ei svakodnevnu ravnote\u017eu i vitalnost. Kremasta tekstura i blage ora\u0161aste, biljne note konoplje oboga\u0107uju prirodnu slatko\u0107u meda, \u010dine\u0107i ovaj proizvod i ukusnim i funkcionalnim. Bogat biljnim proteinima, omega masnim kiselinama, vitaminima i mineralima, [&hellip;]<\/p>\n","protected":false},"featured_media":9297,"template":"","meta":{"give_campaign_id":0},"product_brand":[],"product_cat":[675],"product_tag":[],"class_list":{"0":"post-9156","1":"product","2":"type-product","3":"status-publish","4":"has-post-thumbnail","6":"product_cat-med","8":"first","9":"instock","10":"purchasable","11":"product-type-variable","12":"rtwpvg-product"},"_links":{"self":[{"href":"https:\/\/orthodoxblessings.com\/sr\/wp-json\/wp\/v2\/product\/9156","targetHints":{"allow":["GET"]}}],"collection":[{"href":"https:\/\/orthodoxblessings.com\/sr\/wp-json\/wp\/v2\/product"}],"about":[{"href":"https:\/\/orthodoxblessings.com\/sr\/wp-json\/wp\/v2\/types\/product"}],"wp:featuredmedia":[{"embeddable":true,"href":"https:\/\/orthodoxblessings.com\/sr\/wp-json\/wp\/v2\/media\/9297"}],"wp:attachment":[{"href":"https:\/\/orthodoxblessings.com\/sr\/wp-json\/wp\/v2\/media?parent=9156"}],"wp:term":[{"taxonomy":"product_brand","embeddable":true,"href":"https:\/\/orthodoxblessings.com\/sr\/wp-json\/wp\/v2\/product_brand?post=9156"},{"taxonomy":"product_cat","embeddable":true,"href":"https:\/\/orthodoxblessings.com\/sr\/wp-json\/wp\/v2\/product_cat?post=9156"},{"taxonomy":"product_tag","embeddable":true,"href":"https:\/\/orthodoxblessings.com\/sr\/wp-json\/wp\/v2\/product_tag?post=9156"}],"curies":[{"name":"wp","href":"https:\/\/api.w.org\/{rel}","templated":true}]}}