{"id":9138,"date":"2026-01-29T12:17:22","date_gmt":"2026-01-29T12:17:22","guid":{"rendered":"https:\/\/orthodoxblessings.com\/?post_type=product&#038;p=9138"},"modified":"2026-01-31T11:35:39","modified_gmt":"2026-01-31T11:35:39","slug":"prosta-med","status":"publish","type":"product","link":"https:\/\/orthodoxblessings.com\/sr\/shop\/prosta-med\/","title":{"rendered":"Prosta med"},"content":{"rendered":"<p class=\"my-2 [&amp;+p]:mt-4 [&amp;_strong:has(+br)]:inline-block [&amp;_strong:has(+br)]:pb-2 animate-in fade-in-25 duration-700\"><strong>Prosta Med \u2013 Me\u0161avina Meda za Podr\u0161ku Prostati<\/strong><\/p>\n<p class=\"my-2 [&amp;+p]:mt-4 [&amp;_strong:has(+br)]:inline-block [&amp;_strong:has(+br)]:pb-2 animate-in fade-in-25 duration-700\">Prosta Med je posebno osmi\u0161ljena me\u0161avina meda namenjena o\u010duvanju zdravlja prostate i mu\u0161ke vitalnosti. Ovaj jedinstveni proizvod spaja prirodni p\u010delinji med sa pa\u017eljivo odabranim biljem koje se tradicionalno koristi za olak\u0161avanje urinarnih tegoba, podsticanje normalnog mokrenja i smanjenje napetosti u predelu karlice. Idealan je za mu\u0161karce koji \u017eele blag, svakodnevni na\u010din da brinu o prostati i op\u0161tem zdravlju. U\u017eivajte u jednoj ka\u0161i\u010dici dnevno, samostalno ili razmu\u0107enoj u mlakoj vodi ili \u010daju, kao deo svoje rutine.<\/p>\n","protected":false},"excerpt":{"rendered":"<p>Prosta Med \u2013 Me\u0161avina Meda za Podr\u0161ku Prostati Prosta Med je posebno osmi\u0161ljena me\u0161avina meda namenjena o\u010duvanju zdravlja prostate i mu\u0161ke vitalnosti. Ovaj jedinstveni proizvod spaja prirodni p\u010delinji med sa pa\u017eljivo odabranim biljem koje se tradicionalno koristi za olak\u0161avanje urinarnih tegoba, podsticanje normalnog mokrenja i smanjenje napetosti u predelu karlice. Idealan je za mu\u0161karce koji [&hellip;]<\/p>\n","protected":false},"featured_media":9294,"template":"","meta":{"give_campaign_id":0},"product_brand":[],"product_cat":[675],"product_tag":[],"class_list":{"0":"post-9138","1":"product","2":"type-product","3":"status-publish","4":"has-post-thumbnail","6":"product_cat-med","8":"first","9":"instock","10":"purchasable","11":"product-type-variable","12":"rtwpvg-product"},"_links":{"self":[{"href":"https:\/\/orthodoxblessings.com\/sr\/wp-json\/wp\/v2\/product\/9138","targetHints":{"allow":["GET"]}}],"collection":[{"href":"https:\/\/orthodoxblessings.com\/sr\/wp-json\/wp\/v2\/product"}],"about":[{"href":"https:\/\/orthodoxblessings.com\/sr\/wp-json\/wp\/v2\/types\/product"}],"wp:featuredmedia":[{"embeddable":true,"href":"https:\/\/orthodoxblessings.com\/sr\/wp-json\/wp\/v2\/media\/9294"}],"wp:attachment":[{"href":"https:\/\/orthodoxblessings.com\/sr\/wp-json\/wp\/v2\/media?parent=9138"}],"wp:term":[{"taxonomy":"product_brand","embeddable":true,"href":"https:\/\/orthodoxblessings.com\/sr\/wp-json\/wp\/v2\/product_brand?post=9138"},{"taxonomy":"product_cat","embeddable":true,"href":"https:\/\/orthodoxblessings.com\/sr\/wp-json\/wp\/v2\/product_cat?post=9138"},{"taxonomy":"product_tag","embeddable":true,"href":"https:\/\/orthodoxblessings.com\/sr\/wp-json\/wp\/v2\/product_tag?post=9138"}],"curies":[{"name":"wp","href":"https:\/\/api.w.org\/{rel}","templated":true}]}}