{"id":9120,"date":"2026-01-29T11:16:17","date_gmt":"2026-01-29T11:16:17","guid":{"rendered":"https:\/\/orthodoxblessings.com\/?post_type=product&#038;p=9120"},"modified":"2026-01-31T11:12:19","modified_gmt":"2026-01-31T11:12:19","slug":"dumbir-u-krem-medu","status":"publish","type":"product","link":"https:\/\/orthodoxblessings.com\/sr\/shop\/dumbir-u-krem-medu\/","title":{"rendered":"\u0110umbir u krem medu"},"content":{"rendered":"<p class=\"my-2 [&amp;+p]:mt-4 [&amp;_strong:has(+br)]:inline-block [&amp;_strong:has(+br)]:pb-2\"><strong>Imuno Bomba &#8211; Me\u0161avina Meda za Ja\u010danje Immuniteta<\/strong><\/p>\n<p class=\"my-2 [&amp;+p]:mt-4 [&amp;_strong:has(+br)]:inline-block [&amp;_strong:has(+br)]:pb-2\">Imuno Bomba je mo\u0107an prirodni preparat koji kombinuje \u010dist med sa \u0111umbirom i stvara izuzetan poja\u010diva\u010d imunskog sistema. Ova zanatska me\u0161avina koristi sinergijska svojstva dva superfuda: antibakterijska i antimikrobna jedinjenja meda deluju zajedno sa gingerolom iz \u0111umbira, pru\u017eaju\u0107i sna\u017ene antiupalne i antioksidativne beneficije koje ja\u010daju prirodnu odbranu organizma.<\/p>\n<p class=\"my-2 [&amp;+p]:mt-4 [&amp;_strong:has(+br)]:inline-block [&amp;_strong:has(+br)]:pb-2\">Ova imuna me\u0161avina podr\u017eava op\u0161te zdravlje pove\u0107avaju\u0107i proizvodnju belih krvnih zrnaca i obezbe\u0111uju\u0107i esencijalne minerale kao \u0161to su cink, magnezijum i hrom. Efikasno umiruje upaljeno grlo, smiruje ka\u0161alj, ubla\u017eava mu\u010dninu i poma\u017ee u borbi protiv sezonskih infekcija svojim prirodnim ekspektorantnim svojstvima. Kombinacija tako\u0111e deluje kao prirodni detoksikator, poma\u017eu\u0107i \u010di\u0161\u0107enje toksina iz vitalnih organa dok smanjuje upale povezane sa razli\u010ditim zdravstvenim stanjima. Uzimajte ka\u0161i\u010dicu dnevno, me\u0161ajte u topli \u010daj ili u\u017eivajte direktno iz tegle za maksimalnu imunu podr\u0161ku.<\/p>\n","protected":false},"excerpt":{"rendered":"<p>Imuno Bomba &#8211; Me\u0161avina Meda za Ja\u010danje Immuniteta Imuno Bomba je mo\u0107an prirodni preparat koji kombinuje \u010dist med sa \u0111umbirom i stvara izuzetan poja\u010diva\u010d imunskog sistema. Ova zanatska me\u0161avina koristi sinergijska svojstva dva superfuda: antibakterijska i antimikrobna jedinjenja meda deluju zajedno sa gingerolom iz \u0111umbira, pru\u017eaju\u0107i sna\u017ene antiupalne i antioksidativne beneficije koje ja\u010daju prirodnu odbranu [&hellip;]<\/p>\n","protected":false},"featured_media":9291,"template":"","meta":{"give_campaign_id":0},"product_brand":[],"product_cat":[675],"product_tag":[],"class_list":{"0":"post-9120","1":"product","2":"type-product","3":"status-publish","4":"has-post-thumbnail","6":"product_cat-med","8":"first","9":"instock","10":"purchasable","11":"product-type-variable","12":"rtwpvg-product"},"_links":{"self":[{"href":"https:\/\/orthodoxblessings.com\/sr\/wp-json\/wp\/v2\/product\/9120","targetHints":{"allow":["GET"]}}],"collection":[{"href":"https:\/\/orthodoxblessings.com\/sr\/wp-json\/wp\/v2\/product"}],"about":[{"href":"https:\/\/orthodoxblessings.com\/sr\/wp-json\/wp\/v2\/types\/product"}],"wp:featuredmedia":[{"embeddable":true,"href":"https:\/\/orthodoxblessings.com\/sr\/wp-json\/wp\/v2\/media\/9291"}],"wp:attachment":[{"href":"https:\/\/orthodoxblessings.com\/sr\/wp-json\/wp\/v2\/media?parent=9120"}],"wp:term":[{"taxonomy":"product_brand","embeddable":true,"href":"https:\/\/orthodoxblessings.com\/sr\/wp-json\/wp\/v2\/product_brand?post=9120"},{"taxonomy":"product_cat","embeddable":true,"href":"https:\/\/orthodoxblessings.com\/sr\/wp-json\/wp\/v2\/product_cat?post=9120"},{"taxonomy":"product_tag","embeddable":true,"href":"https:\/\/orthodoxblessings.com\/sr\/wp-json\/wp\/v2\/product_tag?post=9120"}],"curies":[{"name":"wp","href":"https:\/\/api.w.org\/{rel}","templated":true}]}}