{"id":9090,"date":"2026-01-29T11:11:23","date_gmt":"2026-01-29T11:11:23","guid":{"rendered":"https:\/\/orthodoxblessings.com\/?post_type=product&#038;p=9090"},"modified":"2026-01-31T11:00:19","modified_gmt":"2026-01-31T11:00:19","slug":"bronho-med","status":"publish","type":"product","link":"https:\/\/orthodoxblessings.com\/sr\/shop\/bronho-med\/","title":{"rendered":"Bronho med"},"content":{"rendered":"<p data-start=\"82\" data-end=\"321\"><strong data-start=\"82\" data-end=\"96\">Bronho med<\/strong> je pa\u017eljivo pripremljena me\u0161avina prirodnog p\u010delinjeg meda i odabranih biljnih sastojaka, namenjena podr\u0161ci disajnim putevima i op\u0161tem ja\u010danju organizma. Odlikuje se bogatom, punom aromom i prijatnim, blago za\u010dinskim ukusom.<\/p>\n<p data-start=\"323\" data-end=\"561\">Zahvaljuju\u0107i kombinaciji meda i lekovitog bilja, bronho med se tradicionalno koristi za umirenje grla, olak\u0161avanje ka\u0161lja i podr\u0161ku normalnom disanju. Idealan je tokom hladnijih dana, ali i kao deo svakodnevne rutine za o\u010duvanje zdravlja.<\/p>\n<p data-start=\"563\" data-end=\"650\">Mo\u017ee se koristiti samostalno, po ka\u0161i\u010dicu dnevno, ili dodat u tople napitke poput \u010daja.<\/p>\n","protected":false},"excerpt":{"rendered":"<p>Bronho med je pa\u017eljivo pripremljena me\u0161avina prirodnog p\u010delinjeg meda i odabranih biljnih sastojaka, namenjena podr\u0161ci disajnim putevima i op\u0161tem ja\u010danju organizma. Odlikuje se bogatom, punom aromom i prijatnim, blago za\u010dinskim ukusom. Zahvaljuju\u0107i kombinaciji meda i lekovitog bilja, bronho med se tradicionalno koristi za umirenje grla, olak\u0161avanje ka\u0161lja i podr\u0161ku normalnom disanju. Idealan je tokom hladnijih [&hellip;]<\/p>\n","protected":false},"featured_media":9318,"template":"","meta":{"give_campaign_id":0},"product_brand":[],"product_cat":[675],"product_tag":[],"class_list":{"0":"post-9090","1":"product","2":"type-product","3":"status-publish","4":"has-post-thumbnail","6":"product_cat-med","8":"first","9":"instock","10":"purchasable","11":"product-type-variable","12":"rtwpvg-product"},"_links":{"self":[{"href":"https:\/\/orthodoxblessings.com\/sr\/wp-json\/wp\/v2\/product\/9090","targetHints":{"allow":["GET"]}}],"collection":[{"href":"https:\/\/orthodoxblessings.com\/sr\/wp-json\/wp\/v2\/product"}],"about":[{"href":"https:\/\/orthodoxblessings.com\/sr\/wp-json\/wp\/v2\/types\/product"}],"wp:featuredmedia":[{"embeddable":true,"href":"https:\/\/orthodoxblessings.com\/sr\/wp-json\/wp\/v2\/media\/9318"}],"wp:attachment":[{"href":"https:\/\/orthodoxblessings.com\/sr\/wp-json\/wp\/v2\/media?parent=9090"}],"wp:term":[{"taxonomy":"product_brand","embeddable":true,"href":"https:\/\/orthodoxblessings.com\/sr\/wp-json\/wp\/v2\/product_brand?post=9090"},{"taxonomy":"product_cat","embeddable":true,"href":"https:\/\/orthodoxblessings.com\/sr\/wp-json\/wp\/v2\/product_cat?post=9090"},{"taxonomy":"product_tag","embeddable":true,"href":"https:\/\/orthodoxblessings.com\/sr\/wp-json\/wp\/v2\/product_tag?post=9090"}],"curies":[{"name":"wp","href":"https:\/\/api.w.org\/{rel}","templated":true}]}}