{"id":9072,"date":"2026-01-29T11:07:18","date_gmt":"2026-01-29T11:07:18","guid":{"rendered":"https:\/\/orthodoxblessings.com\/?post_type=product&#038;p=9072"},"modified":"2026-01-31T10:52:13","modified_gmt":"2026-01-31T10:52:13","slug":"med-cimet-propolis","status":"publish","type":"product","link":"https:\/\/orthodoxblessings.com\/sr\/shop\/med-cimet-propolis\/","title":{"rendered":"Med cimet propolis"},"content":{"rendered":"<p>Ovaj med nastaje pa\u017eljivim sakupljanjem nektara iz netaknute prirode, bez dodataka i industrijske obrade. Odlikuje ga prirodna boja, bogata aroma i pun, blago cvetni ukus. Med je prirodan izvor energije, bogat enzimima i hranljivim materijama, idealan za svakodnevnu upotrebu \u2013 u \u010daju, doru\u010dku, desertima ili kao prirodna podr\u0161ka imunitetu.<br data-start=\"567\" data-end=\"570\" \/>100% prirodan proizvod, bez dodatog \u0161e\u0107era i konzervansa.<\/p>\n","protected":false},"excerpt":{"rendered":"<p>Ovaj med nastaje pa\u017eljivim sakupljanjem nektara iz netaknute prirode, bez dodataka i industrijske obrade. Odlikuje ga prirodna boja, bogata aroma i pun, blago cvetni ukus. Med je prirodan izvor energije, bogat enzimima i hranljivim materijama, idealan za svakodnevnu upotrebu \u2013 u \u010daju, doru\u010dku, desertima ili kao prirodna podr\u0161ka imunitetu.100% prirodan proizvod, bez dodatog \u0161e\u0107era i [&hellip;]<\/p>\n","protected":false},"featured_media":9321,"template":"","meta":{"give_campaign_id":0},"product_brand":[],"product_cat":[675],"product_tag":[],"class_list":{"0":"post-9072","1":"product","2":"type-product","3":"status-publish","4":"has-post-thumbnail","6":"product_cat-med","8":"first","9":"instock","10":"purchasable","11":"product-type-variable","12":"rtwpvg-product"},"_links":{"self":[{"href":"https:\/\/orthodoxblessings.com\/sr\/wp-json\/wp\/v2\/product\/9072","targetHints":{"allow":["GET"]}}],"collection":[{"href":"https:\/\/orthodoxblessings.com\/sr\/wp-json\/wp\/v2\/product"}],"about":[{"href":"https:\/\/orthodoxblessings.com\/sr\/wp-json\/wp\/v2\/types\/product"}],"wp:featuredmedia":[{"embeddable":true,"href":"https:\/\/orthodoxblessings.com\/sr\/wp-json\/wp\/v2\/media\/9321"}],"wp:attachment":[{"href":"https:\/\/orthodoxblessings.com\/sr\/wp-json\/wp\/v2\/media?parent=9072"}],"wp:term":[{"taxonomy":"product_brand","embeddable":true,"href":"https:\/\/orthodoxblessings.com\/sr\/wp-json\/wp\/v2\/product_brand?post=9072"},{"taxonomy":"product_cat","embeddable":true,"href":"https:\/\/orthodoxblessings.com\/sr\/wp-json\/wp\/v2\/product_cat?post=9072"},{"taxonomy":"product_tag","embeddable":true,"href":"https:\/\/orthodoxblessings.com\/sr\/wp-json\/wp\/v2\/product_tag?post=9072"}],"curies":[{"name":"wp","href":"https:\/\/api.w.org\/{rel}","templated":true}]}}