{"id":9054,"date":"2026-01-29T11:02:21","date_gmt":"2026-01-29T11:02:21","guid":{"rendered":"https:\/\/orthodoxblessings.com\/?post_type=product&#038;p=9054"},"modified":"2026-01-31T10:45:27","modified_gmt":"2026-01-31T10:45:27","slug":"imuno-bomba-med","status":"publish","type":"product","link":"https:\/\/orthodoxblessings.com\/sr\/shop\/imuno-bomba-med\/","title":{"rendered":"Imuno bomba med"},"content":{"rendered":"<p data-start=\"162\" data-end=\"477\"><strong data-start=\"162\" data-end=\"177\">Imuno Bomba<\/strong> je sna\u017ena prirodna me\u0161avina meda i pa\u017eljivo odabranih sastojaka poznatih po svom blagotvornom delovanju na imunitet. Kombinacija kvalitetnog meda sa \u0111umbirom, limunom i lekovitim biljem \u010dini ovaj proizvod pravim saveznikom u ja\u010danju organizma, posebno u periodima umora, stresa i sezonskih prehlada.<\/p>\n<p data-start=\"479\" data-end=\"681\">Bogata je prirodnim antioksidansima, vitaminima i mineralima koji doprinose otpornosti organizma, podizanju energije i op\u0161tem ose\u0107aju vitalnosti. Ima prijatan, blago pikantan ukus koji osve\u017eava i greje.<\/p>\n<p data-start=\"683\" data-end=\"821\">Idealna je za svakodnevnu upotrebu \u2013 ka\u0161i\u010dica ujutru na prazan stomak, u toplom \u010daju ili kao prirodna podr\u0161ka imunitetu tokom cele godine.<\/p>\n","protected":false},"excerpt":{"rendered":"<p>Imuno Bomba je sna\u017ena prirodna me\u0161avina meda i pa\u017eljivo odabranih sastojaka poznatih po svom blagotvornom delovanju na imunitet. Kombinacija kvalitetnog meda sa \u0111umbirom, limunom i lekovitim biljem \u010dini ovaj proizvod pravim saveznikom u ja\u010danju organizma, posebno u periodima umora, stresa i sezonskih prehlada. Bogata je prirodnim antioksidansima, vitaminima i mineralima koji doprinose otpornosti organizma, podizanju [&hellip;]<\/p>\n","protected":false},"featured_media":9282,"template":"","meta":{"give_campaign_id":0},"product_brand":[],"product_cat":[675],"product_tag":[],"class_list":{"0":"post-9054","1":"product","2":"type-product","3":"status-publish","4":"has-post-thumbnail","6":"product_cat-med","8":"first","9":"instock","10":"purchasable","11":"product-type-variable","12":"rtwpvg-product"},"_links":{"self":[{"href":"https:\/\/orthodoxblessings.com\/sr\/wp-json\/wp\/v2\/product\/9054","targetHints":{"allow":["GET"]}}],"collection":[{"href":"https:\/\/orthodoxblessings.com\/sr\/wp-json\/wp\/v2\/product"}],"about":[{"href":"https:\/\/orthodoxblessings.com\/sr\/wp-json\/wp\/v2\/types\/product"}],"wp:featuredmedia":[{"embeddable":true,"href":"https:\/\/orthodoxblessings.com\/sr\/wp-json\/wp\/v2\/media\/9282"}],"wp:attachment":[{"href":"https:\/\/orthodoxblessings.com\/sr\/wp-json\/wp\/v2\/media?parent=9054"}],"wp:term":[{"taxonomy":"product_brand","embeddable":true,"href":"https:\/\/orthodoxblessings.com\/sr\/wp-json\/wp\/v2\/product_brand?post=9054"},{"taxonomy":"product_cat","embeddable":true,"href":"https:\/\/orthodoxblessings.com\/sr\/wp-json\/wp\/v2\/product_cat?post=9054"},{"taxonomy":"product_tag","embeddable":true,"href":"https:\/\/orthodoxblessings.com\/sr\/wp-json\/wp\/v2\/product_tag?post=9054"}],"curies":[{"name":"wp","href":"https:\/\/api.w.org\/{rel}","templated":true}]}}