{"id":9036,"date":"2026-01-29T10:54:23","date_gmt":"2026-01-29T10:54:23","guid":{"rendered":"https:\/\/orthodoxblessings.com\/?post_type=product&#038;p=9036"},"modified":"2026-01-31T10:39:25","modified_gmt":"2026-01-31T10:39:25","slug":"lipov-med","status":"publish","type":"product","link":"https:\/\/orthodoxblessings.com\/sr\/shop\/lipov-med\/","title":{"rendered":"Lipov med"},"content":{"rendered":"<p data-start=\"127\" data-end=\"376\"><strong data-start=\"127\" data-end=\"140\">Lipov med<\/strong> je izuzetno cenjen prirodni med, prepoznatljiv po svojoj zlatno-\u017eutoj boji, intenzivnom cvetnom mirisu i blago osve\u017eavaju\u0107em, aromati\u010dnom ukusu. Dobija se od nektara cvetova lipe i poznat je po svojim umiruju\u0107im i lekovitim svojstvima.<\/p>\n<p data-start=\"378\" data-end=\"630\">Posebno se preporu\u010duje za smirenje nervnog sistema, pobolj\u0161anje sna, kao i kod prehlada i ka\u0161lja, jer prirodno deluje antisepti\u010dki i umiruju\u0107e. Bogat je prirodnim \u0161e\u0107erima, enzimima i antioksidansima koji ja\u010daju imunitet i doprinose op\u0161tem blagostanju.<\/p>\n<p data-start=\"632\" data-end=\"757\">Idealan je za svakodnevnu upotrebu \u2013 u \u010daju, toplim napicima, kao prirodni zasla\u0111iva\u010d ili ka\u0161i\u010dica \u010distog meda pred spavanje.<\/p>\n","protected":false},"excerpt":{"rendered":"<p>Lipov med je izuzetno cenjen prirodni med, prepoznatljiv po svojoj zlatno-\u017eutoj boji, intenzivnom cvetnom mirisu i blago osve\u017eavaju\u0107em, aromati\u010dnom ukusu. Dobija se od nektara cvetova lipe i poznat je po svojim umiruju\u0107im i lekovitim svojstvima. Posebno se preporu\u010duje za smirenje nervnog sistema, pobolj\u0161anje sna, kao i kod prehlada i ka\u0161lja, jer prirodno deluje antisepti\u010dki i [&hellip;]<\/p>\n","protected":false},"featured_media":9279,"template":"","meta":{"give_campaign_id":0},"product_brand":[],"product_cat":[675],"product_tag":[],"class_list":{"0":"post-9036","1":"product","2":"type-product","3":"status-publish","4":"has-post-thumbnail","6":"product_cat-med","8":"first","9":"instock","10":"purchasable","11":"product-type-variable","12":"rtwpvg-product"},"_links":{"self":[{"href":"https:\/\/orthodoxblessings.com\/sr\/wp-json\/wp\/v2\/product\/9036","targetHints":{"allow":["GET"]}}],"collection":[{"href":"https:\/\/orthodoxblessings.com\/sr\/wp-json\/wp\/v2\/product"}],"about":[{"href":"https:\/\/orthodoxblessings.com\/sr\/wp-json\/wp\/v2\/types\/product"}],"wp:featuredmedia":[{"embeddable":true,"href":"https:\/\/orthodoxblessings.com\/sr\/wp-json\/wp\/v2\/media\/9279"}],"wp:attachment":[{"href":"https:\/\/orthodoxblessings.com\/sr\/wp-json\/wp\/v2\/media?parent=9036"}],"wp:term":[{"taxonomy":"product_brand","embeddable":true,"href":"https:\/\/orthodoxblessings.com\/sr\/wp-json\/wp\/v2\/product_brand?post=9036"},{"taxonomy":"product_cat","embeddable":true,"href":"https:\/\/orthodoxblessings.com\/sr\/wp-json\/wp\/v2\/product_cat?post=9036"},{"taxonomy":"product_tag","embeddable":true,"href":"https:\/\/orthodoxblessings.com\/sr\/wp-json\/wp\/v2\/product_tag?post=9036"}],"curies":[{"name":"wp","href":"https:\/\/api.w.org\/{rel}","templated":true}]}}