{"id":9018,"date":"2026-01-29T10:46:13","date_gmt":"2026-01-29T10:46:13","guid":{"rendered":"https:\/\/orthodoxblessings.com\/?post_type=product&#038;p=9018"},"modified":"2026-01-30T10:42:48","modified_gmt":"2026-01-30T10:42:48","slug":"med-od-kestena","status":"publish","type":"product","link":"https:\/\/orthodoxblessings.com\/sr\/shop\/med-od-kestena\/","title":{"rendered":"Med od kestena"},"content":{"rendered":"<p class=\"my-2 [&amp;+p]:mt-4 [&amp;_strong:has(+br)]:inline-block [&amp;_strong:has(+br)]:pb-2\">Otkrijte jedinstveni karakter \u010distog meda od kestena, koji p\u010dele prave od cvetova stabala kestena. Ovaj tamno jantarni med ima slo\u017een profil ukusa koji po\u010dinje blagom slatko\u0107om i prelazi u karakteristi\u010dan gorko-slatki ukus sa drvenim, aromati\u010dnim notama. Za razliku od svetlijih medova, med od kestena nudi robustan, \u0161umski ukus koji preferiraju oni koji u\u017eivaju u manje zasla\u0111enim varijantama.<\/p>\n<p class=\"my-2 [&amp;+p]:mt-4 [&amp;_strong:has(+br)]:inline-block [&amp;_strong:has(+br)]:pb-2\">Bogat antioksidansima, mineralima (gvo\u017e\u0111e, kalijum, magnezijum) i taninima, ovaj med pru\u017ea vrhunska antiupalna i antibakterijska svojstva u pore\u0111enju sa svetlijim vrstama meda. Poma\u017ee cirkulaciju, zdravlje probavnog sistema i ja\u010da imunitet, dok zadr\u017eava te\u010dnu konzistenciju 1-2 godine. Savr\u0161en uz sireve, u biljnim \u010dajevima, ili direktno iz tegle za prirodne zdravstvene beneficije.<\/p>\n","protected":false},"excerpt":{"rendered":"<p>Otkrijte jedinstveni karakter \u010distog meda od kestena, koji p\u010dele prave od cvetova stabala kestena. Ovaj tamno jantarni med ima slo\u017een profil ukusa koji po\u010dinje blagom slatko\u0107om i prelazi u karakteristi\u010dan gorko-slatki ukus sa drvenim, aromati\u010dnim notama. Za razliku od svetlijih medova, med od kestena nudi robustan, \u0161umski ukus koji preferiraju oni koji u\u017eivaju u manje [&hellip;]<\/p>\n","protected":false},"featured_media":9276,"template":"","meta":{"give_campaign_id":0},"product_brand":[],"product_cat":[675],"product_tag":[],"class_list":{"0":"post-9018","1":"product","2":"type-product","3":"status-publish","4":"has-post-thumbnail","6":"product_cat-med","8":"first","9":"instock","10":"purchasable","11":"product-type-variable","12":"rtwpvg-product"},"_links":{"self":[{"href":"https:\/\/orthodoxblessings.com\/sr\/wp-json\/wp\/v2\/product\/9018","targetHints":{"allow":["GET"]}}],"collection":[{"href":"https:\/\/orthodoxblessings.com\/sr\/wp-json\/wp\/v2\/product"}],"about":[{"href":"https:\/\/orthodoxblessings.com\/sr\/wp-json\/wp\/v2\/types\/product"}],"wp:featuredmedia":[{"embeddable":true,"href":"https:\/\/orthodoxblessings.com\/sr\/wp-json\/wp\/v2\/media\/9276"}],"wp:attachment":[{"href":"https:\/\/orthodoxblessings.com\/sr\/wp-json\/wp\/v2\/media?parent=9018"}],"wp:term":[{"taxonomy":"product_brand","embeddable":true,"href":"https:\/\/orthodoxblessings.com\/sr\/wp-json\/wp\/v2\/product_brand?post=9018"},{"taxonomy":"product_cat","embeddable":true,"href":"https:\/\/orthodoxblessings.com\/sr\/wp-json\/wp\/v2\/product_cat?post=9018"},{"taxonomy":"product_tag","embeddable":true,"href":"https:\/\/orthodoxblessings.com\/sr\/wp-json\/wp\/v2\/product_tag?post=9018"}],"curies":[{"name":"wp","href":"https:\/\/api.w.org\/{rel}","templated":true}]}}