{"id":9000,"date":"2026-01-29T10:37:40","date_gmt":"2026-01-29T10:37:40","guid":{"rendered":"https:\/\/orthodoxblessings.com\/?post_type=product&#038;p=9000"},"modified":"2026-01-30T10:21:45","modified_gmt":"2026-01-30T10:21:45","slug":"sumski-med","status":"publish","type":"product","link":"https:\/\/orthodoxblessings.com\/sr\/shop\/sumski-med\/","title":{"rendered":"\u0160umski med"},"content":{"rendered":"<p data-start=\"160\" data-end=\"387\"><strong data-start=\"160\" data-end=\"174\">\u0160umski med<\/strong> je sna\u017ean i aromati\u010dan prirodni med, nastao od nektara i medne rose \u0161umskog bilja i drve\u0107a. Odlikuje se tamnom bojom, bogatom teksturom i intenzivnim, punim ukusom koji nosi autenti\u010dan karakter netaknute prirode.<\/p>\n<p data-start=\"389\" data-end=\"610\">Izuzetno je bogat mineralima, enzimima i antioksidansima, zbog \u010dega se tradicionalno koristi za ja\u010danje imuniteta, pove\u0107anje energije i oporavak organizma. Smatra se jednim od najhranljivijih i najlekovitijih tipova meda.<\/p>\n<p data-start=\"612\" data-end=\"743\">Idealan je za one koji vole izra\u017een ukus \u2013 kao prirodni dodatak ishrani, uz \u010daj, ili kao ka\u0161i\u010dica \u010distog meda za snagu i vitalnost.<\/p>\n","protected":false},"excerpt":{"rendered":"<p>\u0160umski med je sna\u017ean i aromati\u010dan prirodni med, nastao od nektara i medne rose \u0161umskog bilja i drve\u0107a. Odlikuje se tamnom bojom, bogatom teksturom i intenzivnim, punim ukusom koji nosi autenti\u010dan karakter netaknute prirode. Izuzetno je bogat mineralima, enzimima i antioksidansima, zbog \u010dega se tradicionalno koristi za ja\u010danje imuniteta, pove\u0107anje energije i oporavak organizma. Smatra [&hellip;]<\/p>\n","protected":false},"featured_media":9270,"template":"","meta":{"give_campaign_id":0},"product_brand":[],"product_cat":[675],"product_tag":[],"class_list":{"0":"post-9000","1":"product","2":"type-product","3":"status-publish","4":"has-post-thumbnail","6":"product_cat-med","8":"first","9":"instock","10":"purchasable","11":"product-type-variable","12":"rtwpvg-product"},"_links":{"self":[{"href":"https:\/\/orthodoxblessings.com\/sr\/wp-json\/wp\/v2\/product\/9000","targetHints":{"allow":["GET"]}}],"collection":[{"href":"https:\/\/orthodoxblessings.com\/sr\/wp-json\/wp\/v2\/product"}],"about":[{"href":"https:\/\/orthodoxblessings.com\/sr\/wp-json\/wp\/v2\/types\/product"}],"wp:featuredmedia":[{"embeddable":true,"href":"https:\/\/orthodoxblessings.com\/sr\/wp-json\/wp\/v2\/media\/9270"}],"wp:attachment":[{"href":"https:\/\/orthodoxblessings.com\/sr\/wp-json\/wp\/v2\/media?parent=9000"}],"wp:term":[{"taxonomy":"product_brand","embeddable":true,"href":"https:\/\/orthodoxblessings.com\/sr\/wp-json\/wp\/v2\/product_brand?post=9000"},{"taxonomy":"product_cat","embeddable":true,"href":"https:\/\/orthodoxblessings.com\/sr\/wp-json\/wp\/v2\/product_cat?post=9000"},{"taxonomy":"product_tag","embeddable":true,"href":"https:\/\/orthodoxblessings.com\/sr\/wp-json\/wp\/v2\/product_tag?post=9000"}],"curies":[{"name":"wp","href":"https:\/\/api.w.org\/{rel}","templated":true}]}}