{"id":8982,"date":"2026-01-29T10:32:51","date_gmt":"2026-01-29T10:32:51","guid":{"rendered":"https:\/\/orthodoxblessings.com\/?post_type=product&#038;p=8982"},"modified":"2026-01-30T10:14:31","modified_gmt":"2026-01-30T10:14:31","slug":"livadski-med","status":"publish","type":"product","link":"https:\/\/orthodoxblessings.com\/sr\/shop\/livadski-med\/","title":{"rendered":"Livadski med"},"content":{"rendered":"<p data-start=\"143\" data-end=\"374\"><strong data-start=\"143\" data-end=\"159\">Livadski med<\/strong> je prirodni med bogatog i punog ukusa, dobijen od nektara raznovrsnog livadskog cve\u0107a. Njegova tamnija boja i izra\u017eena aroma svedo\u010de o bogatstvu biljnih vrsta iz kojih poti\u010de, \u0161to mu daje slo\u017een, ali prijatan ukus.<\/p>\n<p data-start=\"376\" data-end=\"629\">Zahvaljuju\u0107i visokom sadr\u017eaju prirodnih enzima, minerala i antioksidanasa, livadski med doprinosi ja\u010danju imuniteta, pove\u0107anju energije i op\u0161tem ose\u0107aju vitalnosti. Smatra se jednim od najhranljivijih tipova meda, jer objedinjuje blagodeti vi\u0161e biljaka.<\/p>\n<p data-start=\"631\" data-end=\"776\">Idealan je za svakodnevnu upotrebu \u2013 kao dodatak \u010daju, doru\u010dku, poslasticama ili jednostavno ka\u0161i\u010dica \u010distog meda kao prirodna podr\u0161ka organizmu.<\/p>\n","protected":false},"excerpt":{"rendered":"<p>Livadski med je prirodni med bogatog i punog ukusa, dobijen od nektara raznovrsnog livadskog cve\u0107a. Njegova tamnija boja i izra\u017eena aroma svedo\u010de o bogatstvu biljnih vrsta iz kojih poti\u010de, \u0161to mu daje slo\u017een, ali prijatan ukus. Zahvaljuju\u0107i visokom sadr\u017eaju prirodnih enzima, minerala i antioksidanasa, livadski med doprinosi ja\u010danju imuniteta, pove\u0107anju energije i op\u0161tem ose\u0107aju vitalnosti. [&hellip;]<\/p>\n","protected":false},"featured_media":9267,"template":"","meta":{"give_campaign_id":0},"product_brand":[],"product_cat":[675],"product_tag":[],"class_list":{"0":"post-8982","1":"product","2":"type-product","3":"status-publish","4":"has-post-thumbnail","6":"product_cat-med","8":"first","9":"instock","10":"purchasable","11":"product-type-variable","12":"rtwpvg-product"},"_links":{"self":[{"href":"https:\/\/orthodoxblessings.com\/sr\/wp-json\/wp\/v2\/product\/8982","targetHints":{"allow":["GET"]}}],"collection":[{"href":"https:\/\/orthodoxblessings.com\/sr\/wp-json\/wp\/v2\/product"}],"about":[{"href":"https:\/\/orthodoxblessings.com\/sr\/wp-json\/wp\/v2\/types\/product"}],"wp:featuredmedia":[{"embeddable":true,"href":"https:\/\/orthodoxblessings.com\/sr\/wp-json\/wp\/v2\/media\/9267"}],"wp:attachment":[{"href":"https:\/\/orthodoxblessings.com\/sr\/wp-json\/wp\/v2\/media?parent=8982"}],"wp:term":[{"taxonomy":"product_brand","embeddable":true,"href":"https:\/\/orthodoxblessings.com\/sr\/wp-json\/wp\/v2\/product_brand?post=8982"},{"taxonomy":"product_cat","embeddable":true,"href":"https:\/\/orthodoxblessings.com\/sr\/wp-json\/wp\/v2\/product_cat?post=8982"},{"taxonomy":"product_tag","embeddable":true,"href":"https:\/\/orthodoxblessings.com\/sr\/wp-json\/wp\/v2\/product_tag?post=8982"}],"curies":[{"name":"wp","href":"https:\/\/api.w.org\/{rel}","templated":true}]}}