{"id":8270,"date":"2025-12-24T11:41:05","date_gmt":"2025-12-24T11:41:05","guid":{"rendered":"https:\/\/orthodoxblessings.com\/?post_type=product&#038;p=8270"},"modified":"2026-01-13T10:57:39","modified_gmt":"2026-01-13T10:57:39","slug":"slavski-komplet-manji","status":"publish","type":"product","link":"https:\/\/orthodoxblessings.com\/sr\/shop\/slavski-komplet-manji\/","title":{"rendered":"Slavski komplet &#8211; manji"},"content":{"rendered":"<p>Slavski set je ru\u010dno izra\u0111en kerami\u010dki komplet koji sadr\u017ei sve potrebne predmete za proslavu Slave \u2013 porodi\u010dne za\u0161titnike slave kod pravoslavnih Srba. Set se sastoji od \u010detiri glavna dela prikazanih na slikama: <strong>kadionice<\/strong> sa poklopcem ukra\u0161enim krstom na vrhu za paljenje tamjana tokom slavske molitve, <strong>\u010da\u0161e\/pehara<\/strong> na stalku za slavsko vino, <strong>zdele<\/strong> za \u017eito (kuvano zrnevlje p\u0161enice pome\u0161ano sa \u0161e\u0107erom i ora\u0161astim plodovima), i <strong>sve\u0107njaka<\/strong> za slavsku sve\u0107u. Svi delovi su izra\u0111eni od keramike u toploj beskoj\/karamel boji sa glaziranom povr\u0161inom koja daje sjajni, staklenast izgled.<\/p>\n","protected":false},"excerpt":{"rendered":"<p>Slavski set je ru\u010dno izra\u0111en kerami\u010dki komplet koji sadr\u017ei sve potrebne predmete za proslavu Slave \u2013 porodi\u010dne za\u0161titnike slave kod pravoslavnih Srba. Set se sastoji od \u010detiri glavna dela prikazanih na slikama: kadionice sa poklopcem ukra\u0161enim krstom na vrhu za paljenje tamjana tokom slavske molitve, \u010da\u0161e\/pehara na stalku za slavsko vino, zdele za \u017eito (kuvano [&hellip;]<\/p>\n","protected":false},"featured_media":8586,"template":"","meta":{"give_campaign_id":0},"product_brand":[],"product_cat":[498],"product_tag":[],"class_list":{"0":"post-8270","1":"product","2":"type-product","3":"status-publish","4":"has-post-thumbnail","6":"product_cat-slavski-setovi-sr","8":"first","9":"instock","10":"purchasable","11":"product-type-simple"},"_links":{"self":[{"href":"https:\/\/orthodoxblessings.com\/sr\/wp-json\/wp\/v2\/product\/8270","targetHints":{"allow":["GET"]}}],"collection":[{"href":"https:\/\/orthodoxblessings.com\/sr\/wp-json\/wp\/v2\/product"}],"about":[{"href":"https:\/\/orthodoxblessings.com\/sr\/wp-json\/wp\/v2\/types\/product"}],"wp:featuredmedia":[{"embeddable":true,"href":"https:\/\/orthodoxblessings.com\/sr\/wp-json\/wp\/v2\/media\/8586"}],"wp:attachment":[{"href":"https:\/\/orthodoxblessings.com\/sr\/wp-json\/wp\/v2\/media?parent=8270"}],"wp:term":[{"taxonomy":"product_brand","embeddable":true,"href":"https:\/\/orthodoxblessings.com\/sr\/wp-json\/wp\/v2\/product_brand?post=8270"},{"taxonomy":"product_cat","embeddable":true,"href":"https:\/\/orthodoxblessings.com\/sr\/wp-json\/wp\/v2\/product_cat?post=8270"},{"taxonomy":"product_tag","embeddable":true,"href":"https:\/\/orthodoxblessings.com\/sr\/wp-json\/wp\/v2\/product_tag?post=8270"}],"curies":[{"name":"wp","href":"https:\/\/api.w.org\/{rel}","templated":true}]}}