{"id":8264,"date":"2025-12-24T11:34:45","date_gmt":"2025-12-24T11:34:45","guid":{"rendered":"https:\/\/orthodoxblessings.com\/?post_type=product&#038;p=8264"},"modified":"2026-01-13T13:22:18","modified_gmt":"2026-01-13T13:22:18","slug":"narukvica-konac-krstic","status":"publish","type":"product","link":"https:\/\/orthodoxblessings.com\/sr\/shop\/narukvica-konac-krstic\/","title":{"rendered":"Narukvica konac &#8211; krsti\u0107"},"content":{"rendered":"<p>Ove narukvice su jednostavne i elegantne pravoslavne verske narukvice ru\u010dno izra\u0111ene sa drvenim krstom kao centralnim motivom. Svaka narukvica ima <strong>mali drveni krst<\/strong> u \u010detvorolistnom (quatrefoil) obliku sa zlatnim ili svetlim centralnim krstom urezanim na tamnoj drv\u0435noj osnovi. Krst je postavljen na centru i povezan je sa <strong>podesivom vo\u0161tanom uzicom<\/strong> koja se mo\u017ee pro\u0161iriti ili stegnuti pomo\u0107u kliznih \u010dvorova na krajevima, \u010dine\u0107i je prilagodljivom za bilo koji obim ru\u010dnog zgloba.<span class=\"inline-flex\" data-state=\"closed\">\u200b<\/span><\/p>\n","protected":false},"excerpt":{"rendered":"<p>Ove narukvice su jednostavne i elegantne pravoslavne verske narukvice ru\u010dno izra\u0111ene sa drvenim krstom kao centralnim motivom. Svaka narukvica ima mali drveni krst u \u010detvorolistnom (quatrefoil) obliku sa zlatnim ili svetlim centralnim krstom urezanim na tamnoj drv\u0435noj osnovi. Krst je postavljen na centru i povezan je sa podesivom vo\u0161tanom uzicom koja se mo\u017ee pro\u0161iriti ili [&hellip;]<\/p>\n","protected":false},"featured_media":8613,"template":"","meta":{"give_campaign_id":0},"product_brand":[],"product_cat":[310],"product_tag":[],"class_list":{"0":"post-8264","1":"product","2":"type-product","3":"status-publish","4":"has-post-thumbnail","6":"product_cat-elegantne-brojanice","8":"first","9":"instock","10":"purchasable","11":"product-type-simple"},"_links":{"self":[{"href":"https:\/\/orthodoxblessings.com\/sr\/wp-json\/wp\/v2\/product\/8264","targetHints":{"allow":["GET"]}}],"collection":[{"href":"https:\/\/orthodoxblessings.com\/sr\/wp-json\/wp\/v2\/product"}],"about":[{"href":"https:\/\/orthodoxblessings.com\/sr\/wp-json\/wp\/v2\/types\/product"}],"wp:featuredmedia":[{"embeddable":true,"href":"https:\/\/orthodoxblessings.com\/sr\/wp-json\/wp\/v2\/media\/8613"}],"wp:attachment":[{"href":"https:\/\/orthodoxblessings.com\/sr\/wp-json\/wp\/v2\/media?parent=8264"}],"wp:term":[{"taxonomy":"product_brand","embeddable":true,"href":"https:\/\/orthodoxblessings.com\/sr\/wp-json\/wp\/v2\/product_brand?post=8264"},{"taxonomy":"product_cat","embeddable":true,"href":"https:\/\/orthodoxblessings.com\/sr\/wp-json\/wp\/v2\/product_cat?post=8264"},{"taxonomy":"product_tag","embeddable":true,"href":"https:\/\/orthodoxblessings.com\/sr\/wp-json\/wp\/v2\/product_tag?post=8264"}],"curies":[{"name":"wp","href":"https:\/\/api.w.org\/{rel}","templated":true}]}}