{"id":8255,"date":"2025-12-24T11:23:48","date_gmt":"2025-12-24T11:23:48","guid":{"rendered":"https:\/\/orthodoxblessings.com\/?post_type=product&#038;p=8255"},"modified":"2026-01-20T16:12:48","modified_gmt":"2026-01-20T16:12:48","slug":"privezak-krst-u-boji","status":"publish","type":"product","link":"https:\/\/orthodoxblessings.com\/sr\/shop\/privezak-krst-u-boji\/","title":{"rendered":"Privezak krst u boji"},"content":{"rendered":"<p>Ovi privesci za klju\u010deve kombinuju tradicionalnu pravoslavnu ikonografiju sa prakti\u010dnom funkcijom \u2013 svaki prikazan privr\u017eenosti veri kroz no\u0161enje svetih slika. Privre\u0161ci su napravljeni od <strong>drveta<\/strong> ise\u010denog u \u010detvorolistni (quatrefoil) oblik, koji je uobi\u010dajen u vizantijskoj i pravoslavnoj umetnosti, predstavljaju\u0107i krst sa zaobljenim krakovima.<\/p>\n<p>U centru svakog krsta nalazi se mala <strong>pravoslavna ikona<\/strong> za\u0161ti\u0107ena providnom smolom ili epoksidnom glazurom koja daje sjajni, staklenast izgled. Prva verzija (crvena) prikazuje <strong>ikonu Isusa Hrista<\/strong> okru\u017eenu zlatnim okvirom sa dekorativnim finim detaljima koji imitiraju tradiciju oslikavanja ikona.<\/p>\n","protected":false},"excerpt":{"rendered":"<p>Ovi privesci za klju\u010deve kombinuju tradicionalnu pravoslavnu ikonografiju sa prakti\u010dnom funkcijom \u2013 svaki prikazan privr\u017eenosti veri kroz no\u0161enje svetih slika. Privre\u0161ci su napravljeni od drveta ise\u010denog u \u010detvorolistni (quatrefoil) oblik, koji je uobi\u010dajen u vizantijskoj i pravoslavnoj umetnosti, predstavljaju\u0107i krst sa zaobljenim krakovima. U centru svakog krsta nalazi se mala pravoslavna ikona za\u0161ti\u0107ena providnom smolom [&hellip;]<\/p>\n","protected":false},"featured_media":8616,"template":"","meta":{"give_campaign_id":0},"product_brand":[],"product_cat":[343],"product_tag":[],"class_list":{"0":"post-8255","1":"product","2":"type-product","3":"status-publish","4":"has-post-thumbnail","6":"product_cat-krst-za-auto","8":"first","9":"instock","10":"purchasable","11":"product-type-variable","12":"rtwpvg-product"},"_links":{"self":[{"href":"https:\/\/orthodoxblessings.com\/sr\/wp-json\/wp\/v2\/product\/8255","targetHints":{"allow":["GET"]}}],"collection":[{"href":"https:\/\/orthodoxblessings.com\/sr\/wp-json\/wp\/v2\/product"}],"about":[{"href":"https:\/\/orthodoxblessings.com\/sr\/wp-json\/wp\/v2\/types\/product"}],"wp:featuredmedia":[{"embeddable":true,"href":"https:\/\/orthodoxblessings.com\/sr\/wp-json\/wp\/v2\/media\/8616"}],"wp:attachment":[{"href":"https:\/\/orthodoxblessings.com\/sr\/wp-json\/wp\/v2\/media?parent=8255"}],"wp:term":[{"taxonomy":"product_brand","embeddable":true,"href":"https:\/\/orthodoxblessings.com\/sr\/wp-json\/wp\/v2\/product_brand?post=8255"},{"taxonomy":"product_cat","embeddable":true,"href":"https:\/\/orthodoxblessings.com\/sr\/wp-json\/wp\/v2\/product_cat?post=8255"},{"taxonomy":"product_tag","embeddable":true,"href":"https:\/\/orthodoxblessings.com\/sr\/wp-json\/wp\/v2\/product_tag?post=8255"}],"curies":[{"name":"wp","href":"https:\/\/api.w.org\/{rel}","templated":true}]}}