{"id":8252,"date":"2025-12-24T11:20:50","date_gmt":"2025-12-24T11:20:50","guid":{"rendered":"https:\/\/orthodoxblessings.com\/?post_type=product&#038;p=8252"},"modified":"2026-01-20T16:48:43","modified_gmt":"2026-01-20T16:48:43","slug":"privezak-krst","status":"publish","type":"product","link":"https:\/\/orthodoxblessings.com\/sr\/shop\/privezak-krst\/","title":{"rendered":"Privezak krst"},"content":{"rendered":"<p>Na prednjoj strani krsta prikazano je <strong>raspe\u0107e Isusa Hrista<\/strong> sa zlatnim\/svetlim graviranjem na tamnoj drv\u0435noj povr\u0161ini. Detalji uklju\u010duju Hristovo telo na krstu sa rukama ra\u0161irenim, nokte na rukama i nogama, i krunu od trnja na glavi. Ispod figura se mo\u017ee videti natpis ili simboli koji su tradicionalni u pravoslavnoj ikonografiji raspeca.<\/p>\n<p>Privre\u017eak dolazi sa <strong>metalnom karikom<\/strong> (split ring) koja omogu\u0107ava pri\u010dvr\u0161\u0107ivanje na klju\u010deve, torb\u0435 ili kao ukras za automobil. Drveni materijal je verovatno maslina ili orah, lakirano za trajnost. Idealan je poklon za kr\u0161tenje, ven\u010danje, Slavu ili kao li\u010dni podsetnik na veru.<\/p>\n","protected":false},"excerpt":{"rendered":"<p>Na prednjoj strani krsta prikazano je raspe\u0107e Isusa Hrista sa zlatnim\/svetlim graviranjem na tamnoj drv\u0435noj povr\u0161ini. Detalji uklju\u010duju Hristovo telo na krstu sa rukama ra\u0161irenim, nokte na rukama i nogama, i krunu od trnja na glavi. Ispod figura se mo\u017ee videti natpis ili simboli koji su tradicionalni u pravoslavnoj ikonografiji raspeca. Privre\u017eak dolazi sa metalnom [&hellip;]<\/p>\n","protected":false},"featured_media":8628,"template":"","meta":{"give_campaign_id":0},"product_brand":[],"product_cat":[343],"product_tag":[],"class_list":{"0":"post-8252","1":"product","2":"type-product","3":"status-publish","4":"has-post-thumbnail","6":"product_cat-krst-za-auto","8":"first","9":"instock","10":"purchasable","11":"product-type-simple"},"_links":{"self":[{"href":"https:\/\/orthodoxblessings.com\/sr\/wp-json\/wp\/v2\/product\/8252","targetHints":{"allow":["GET"]}}],"collection":[{"href":"https:\/\/orthodoxblessings.com\/sr\/wp-json\/wp\/v2\/product"}],"about":[{"href":"https:\/\/orthodoxblessings.com\/sr\/wp-json\/wp\/v2\/types\/product"}],"wp:featuredmedia":[{"embeddable":true,"href":"https:\/\/orthodoxblessings.com\/sr\/wp-json\/wp\/v2\/media\/8628"}],"wp:attachment":[{"href":"https:\/\/orthodoxblessings.com\/sr\/wp-json\/wp\/v2\/media?parent=8252"}],"wp:term":[{"taxonomy":"product_brand","embeddable":true,"href":"https:\/\/orthodoxblessings.com\/sr\/wp-json\/wp\/v2\/product_brand?post=8252"},{"taxonomy":"product_cat","embeddable":true,"href":"https:\/\/orthodoxblessings.com\/sr\/wp-json\/wp\/v2\/product_cat?post=8252"},{"taxonomy":"product_tag","embeddable":true,"href":"https:\/\/orthodoxblessings.com\/sr\/wp-json\/wp\/v2\/product_tag?post=8252"}],"curies":[{"name":"wp","href":"https:\/\/api.w.org\/{rel}","templated":true}]}}