{"id":8222,"date":"2025-12-24T10:32:52","date_gmt":"2025-12-24T10:32:52","guid":{"rendered":"https:\/\/orthodoxblessings.com\/?post_type=product&#038;p=8222"},"modified":"2026-01-21T13:01:43","modified_gmt":"2026-01-21T13:01:43","slug":"krst-stoni-manji","status":"publish","type":"product","link":"https:\/\/orthodoxblessings.com\/sr\/shop\/krst-stoni-manji\/","title":{"rendered":"Krst stoni manji"},"content":{"rendered":"<p>Ovaj krst je <strong>oltarski ili blagoslovni krst<\/strong> koji se koristi u pravoslavnim crkvama za blagosiljanje vernika, na oltarima tokom liturgije, ili kao dekorativni predmet u domu. Izra\u0111en je od <strong>pozla\u0107enog metala<\/strong> (verovatno mesing ili bronza sa zlatnim premazom) i ukra\u0161en je <strong>crvenom emajl<\/strong> povr\u0161inom koja prekriva krakove krsta i krugove.<\/p>\n<p>Krst je ukra\u0161en <strong>crvenim draguljima ili staklima<\/strong> koji su postavljeni na svakom krugu oko centralnih natpisa, \u0161to dodaje sijaj i bogatstvo. <strong>Postolje<\/strong> je izra\u0111eno od zlatnog metala sa ukrasnim graviranjem florealnih motiva, pru\u017eaju\u0107i stabilan oslonac za krst.<\/p>\n<p>Ovaj tip krsta se koristi za blagosiljanje vernika na kraju liturgije kada sve\u0161tenik dr\u017ei krst i vernici ga ljube, ili se postavlja na oltaru tokom bogoslu\u017eenja. Tako\u0111e mo\u017ee biti kori\u0161\u0107en u procesijama ili kao li\u010dan predmet pobo\u017enosti u domu.<\/p>\n","protected":false},"excerpt":{"rendered":"<p>Ovaj krst je oltarski ili blagoslovni krst koji se koristi u pravoslavnim crkvama za blagosiljanje vernika, na oltarima tokom liturgije, ili kao dekorativni predmet u domu. Izra\u0111en je od pozla\u0107enog metala (verovatno mesing ili bronza sa zlatnim premazom) i ukra\u0161en je crvenom emajl povr\u0161inom koja prekriva krakove krsta i krugove. Krst je ukra\u0161en crvenim draguljima [&hellip;]<\/p>\n","protected":false},"featured_media":8647,"template":"","meta":{"give_campaign_id":0},"product_brand":[],"product_cat":[347,476],"product_tag":[],"class_list":{"0":"post-8222","1":"product","2":"type-product","3":"status-publish","4":"has-post-thumbnail","6":"product_cat-krst-sa-rukohvatom","7":"product_cat-krstovi-sr","9":"first","10":"instock","11":"purchasable","12":"product-type-simple"},"_links":{"self":[{"href":"https:\/\/orthodoxblessings.com\/sr\/wp-json\/wp\/v2\/product\/8222","targetHints":{"allow":["GET"]}}],"collection":[{"href":"https:\/\/orthodoxblessings.com\/sr\/wp-json\/wp\/v2\/product"}],"about":[{"href":"https:\/\/orthodoxblessings.com\/sr\/wp-json\/wp\/v2\/types\/product"}],"wp:featuredmedia":[{"embeddable":true,"href":"https:\/\/orthodoxblessings.com\/sr\/wp-json\/wp\/v2\/media\/8647"}],"wp:attachment":[{"href":"https:\/\/orthodoxblessings.com\/sr\/wp-json\/wp\/v2\/media?parent=8222"}],"wp:term":[{"taxonomy":"product_brand","embeddable":true,"href":"https:\/\/orthodoxblessings.com\/sr\/wp-json\/wp\/v2\/product_brand?post=8222"},{"taxonomy":"product_cat","embeddable":true,"href":"https:\/\/orthodoxblessings.com\/sr\/wp-json\/wp\/v2\/product_cat?post=8222"},{"taxonomy":"product_tag","embeddable":true,"href":"https:\/\/orthodoxblessings.com\/sr\/wp-json\/wp\/v2\/product_tag?post=8222"}],"curies":[{"name":"wp","href":"https:\/\/api.w.org\/{rel}","templated":true}]}}