{"id":8219,"date":"2025-12-24T10:26:54","date_gmt":"2025-12-24T10:26:54","guid":{"rendered":"https:\/\/orthodoxblessings.com\/?post_type=product&#038;p=8219"},"modified":"2026-01-21T12:45:10","modified_gmt":"2026-01-21T12:45:10","slug":"diptih-mali-6x8-plis-a-36","status":"publish","type":"product","link":"https:\/\/orthodoxblessings.com\/sr\/shop\/diptih-mali-6x8-plis-a-36\/","title":{"rendered":"Diptih mali 6&#215;8 pli\u0161 A-36"},"content":{"rendered":"<p><strong>Leva strana diptih\u0430<\/strong> prikazuje <strong>Vladimirsku ikonu Bogorodice sa Hristom<\/strong> (\u0411\u043e\u0433\u043e\u0440\u043e\u0434\u0438\u0446\u0430 \u0412\u043b\u0430\u0434\u0438\u043c\u0438\u0440\u0441\u043a\u0430\u044f), jedan od najpoznatijih pravoslavnih tipova ikona koji prikazuje Majku Bo\u017eju kako ne\u017eno dodiruje lica sa malim Isusom, sa Njegovom rukom oko njen\u043eg vrata \u2013 poznato kao <em>Eleusa<\/em> ili &#8222;Umilenje&#8220; stil koji simbolizuje maj\u010dinsku ljubav i bliskost izme\u0111u Hrista i Bogorodice. <strong>Desna strana<\/strong> prikazuje <strong>Isusa Hrista Pantokratora<\/strong> (Hristos Svedr\u017eitelj) dr\u017ee\u0107i jevan\u0111\u0435lje u levoj ruci i pokazuju\u0107i blagoslov desnom rukom.<\/p>\n<p><strong>Plava bar\u0161unasta kutija<\/strong> pru\u017ea za\u0161titu i elegantno pakovanje za ikone, \u0161to ih \u010dini lakim za no\u0161enje i \u010duvanje. Unutra\u0161njost je oblo\u017eena mekanim pli\u0161em koji \u0161titi ikone od o\u0161te\u0107enja. Kutija se zatvara zlatnom kop\u010dom za bezbedno \u010duvanje.<\/p>\n<p>Ovaj tip diptih ikona je vrlo popularan kao poklon za kr\u0161tenje, ven\u010danje, potvrdu vere, ili kao blagoslov za nove domove. Tako\u0111e su idealni za putovanja jer omogu\u0107avaju vernicima da nose svete slike sa sobom i da se mole bez obzira gde su.<\/p>\n<p>&nbsp;<\/p>\n","protected":false},"excerpt":{"rendered":"<p>Leva strana diptih\u0430 prikazuje Vladimirsku ikonu Bogorodice sa Hristom (\u0411\u043e\u0433\u043e\u0440\u043e\u0434\u0438\u0446\u0430 \u0412\u043b\u0430\u0434\u0438\u043c\u0438\u0440\u0441\u043a\u0430\u044f), jedan od najpoznatijih pravoslavnih tipova ikona koji prikazuje Majku Bo\u017eju kako ne\u017eno dodiruje lica sa malim Isusom, sa Njegovom rukom oko njen\u043eg vrata \u2013 poznato kao Eleusa ili &#8222;Umilenje&#8220; stil koji simbolizuje maj\u010dinsku ljubav i bliskost izme\u0111u Hrista i Bogorodice. Desna strana prikazuje Isusa [&hellip;]<\/p>\n","protected":false},"featured_media":8641,"template":"","meta":{"give_campaign_id":0},"product_brand":[],"product_cat":[345],"product_tag":[],"class_list":{"0":"post-8219","1":"product","2":"type-product","3":"status-publish","4":"has-post-thumbnail","6":"product_cat-diptih-ikone","8":"first","9":"outofstock","10":"purchasable","11":"product-type-simple"},"_links":{"self":[{"href":"https:\/\/orthodoxblessings.com\/sr\/wp-json\/wp\/v2\/product\/8219","targetHints":{"allow":["GET"]}}],"collection":[{"href":"https:\/\/orthodoxblessings.com\/sr\/wp-json\/wp\/v2\/product"}],"about":[{"href":"https:\/\/orthodoxblessings.com\/sr\/wp-json\/wp\/v2\/types\/product"}],"wp:featuredmedia":[{"embeddable":true,"href":"https:\/\/orthodoxblessings.com\/sr\/wp-json\/wp\/v2\/media\/8641"}],"wp:attachment":[{"href":"https:\/\/orthodoxblessings.com\/sr\/wp-json\/wp\/v2\/media?parent=8219"}],"wp:term":[{"taxonomy":"product_brand","embeddable":true,"href":"https:\/\/orthodoxblessings.com\/sr\/wp-json\/wp\/v2\/product_brand?post=8219"},{"taxonomy":"product_cat","embeddable":true,"href":"https:\/\/orthodoxblessings.com\/sr\/wp-json\/wp\/v2\/product_cat?post=8219"},{"taxonomy":"product_tag","embeddable":true,"href":"https:\/\/orthodoxblessings.com\/sr\/wp-json\/wp\/v2\/product_tag?post=8219"}],"curies":[{"name":"wp","href":"https:\/\/api.w.org\/{rel}","templated":true}]}}