{"id":8201,"date":"2025-12-23T16:45:20","date_gmt":"2025-12-23T16:45:20","guid":{"rendered":"https:\/\/orthodoxblessings.com\/?post_type=product&#038;p=8201"},"modified":"2026-01-13T10:41:55","modified_gmt":"2026-01-13T10:41:55","slug":"krst-smola-rukohvat","status":"publish","type":"product","link":"https:\/\/orthodoxblessings.com\/sr\/shop\/krst-smola-rukohvat\/","title":{"rendered":"Krst smola rukohvat"},"content":{"rendered":"<p>Ru\u010dni krst za blagoslov je esencijalan liturgijski predmet u Pravoslavnoj crkvi koji se dr\u017ei na svetoj trpezi (oltaru) i koristi tokom bogoslu\u017eenja. Sve\u0161tenik ili episkop dr\u017ei ga u desnoj ruci kada daje zavr\u0161ni blagoslov pri otpustu Bo\u017eanstvene Liturgije, a nakon liturgije vernici prilaze da poljube krst. Tako\u0111e se koristi pri blagoslovu svete vode, kada sve\u0161tenik uranja krst u vodu, \u010dine\u0107i znak krsta tri puta.<\/p>\n","protected":false},"excerpt":{"rendered":"<p>Ru\u010dni krst za blagoslov je esencijalan liturgijski predmet u Pravoslavnoj crkvi koji se dr\u017ei na svetoj trpezi (oltaru) i koristi tokom bogoslu\u017eenja. Sve\u0161tenik ili episkop dr\u017ei ga u desnoj ruci kada daje zavr\u0161ni blagoslov pri otpustu Bo\u017eanstvene Liturgije, a nakon liturgije vernici prilaze da poljube krst. Tako\u0111e se koristi pri blagoslovu svete vode, kada sve\u0161tenik [&hellip;]<\/p>\n","protected":false},"featured_media":8568,"template":"","meta":{"give_campaign_id":0},"product_brand":[],"product_cat":[347],"product_tag":[],"class_list":{"0":"post-8201","1":"product","2":"type-product","3":"status-publish","4":"has-post-thumbnail","6":"product_cat-krst-sa-rukohvatom","8":"first","9":"instock","10":"purchasable","11":"product-type-variable","12":"rtwpvg-product"},"_links":{"self":[{"href":"https:\/\/orthodoxblessings.com\/sr\/wp-json\/wp\/v2\/product\/8201","targetHints":{"allow":["GET"]}}],"collection":[{"href":"https:\/\/orthodoxblessings.com\/sr\/wp-json\/wp\/v2\/product"}],"about":[{"href":"https:\/\/orthodoxblessings.com\/sr\/wp-json\/wp\/v2\/types\/product"}],"wp:featuredmedia":[{"embeddable":true,"href":"https:\/\/orthodoxblessings.com\/sr\/wp-json\/wp\/v2\/media\/8568"}],"wp:attachment":[{"href":"https:\/\/orthodoxblessings.com\/sr\/wp-json\/wp\/v2\/media?parent=8201"}],"wp:term":[{"taxonomy":"product_brand","embeddable":true,"href":"https:\/\/orthodoxblessings.com\/sr\/wp-json\/wp\/v2\/product_brand?post=8201"},{"taxonomy":"product_cat","embeddable":true,"href":"https:\/\/orthodoxblessings.com\/sr\/wp-json\/wp\/v2\/product_cat?post=8201"},{"taxonomy":"product_tag","embeddable":true,"href":"https:\/\/orthodoxblessings.com\/sr\/wp-json\/wp\/v2\/product_tag?post=8201"}],"curies":[{"name":"wp","href":"https:\/\/api.w.org\/{rel}","templated":true}]}}