{"id":8186,"date":"2025-12-23T16:26:51","date_gmt":"2025-12-23T16:26:51","guid":{"rendered":"https:\/\/orthodoxblessings.com\/?post_type=product&#038;p=8186"},"modified":"2026-01-12T17:03:45","modified_gmt":"2026-01-12T17:03:45","slug":"mali-prosfornik","status":"publish","type":"product","link":"https:\/\/orthodoxblessings.com\/sr\/shop\/mali-prosfornik\/","title":{"rendered":"Mali prosfornik"},"content":{"rendered":"<p>Ovaj pe\u010dat ima <strong>IC XC NIKA<\/strong> (skra\u0107enica od gr\u010dkog &#8222;Isus Hristos Nik\u0430&#8220; \u2013 Isus Hristos pobe\u0111uje) urezan u kvadratni centralni deo, okru\u017een krstom sa zracima. Pre pe\u010denja, svaka prosfora se pe\u010datira sa ovim pe\u010datom, a simbol ostaje vidljiv i posle pe\u010denja, slu\u017ee\u0107i kao vodi\u010d za se\u010denje &#8222;jagnjeta&#8220; (centralni deo koji se posve\u0107uje) tokom proskomidije. Pe\u010dat je napravljen od drveta (bukva ili lipa) sa zaobljenim ivicama koje omogu\u0107avaju \u010dist otisak bez cepanja testa.<\/p>\n","protected":false},"excerpt":{"rendered":"<p>Ovaj pe\u010dat ima IC XC NIKA (skra\u0107enica od gr\u010dkog &#8222;Isus Hristos Nik\u0430&#8220; \u2013 Isus Hristos pobe\u0111uje) urezan u kvadratni centralni deo, okru\u017een krstom sa zracima. Pre pe\u010denja, svaka prosfora se pe\u010datira sa ovim pe\u010datom, a simbol ostaje vidljiv i posle pe\u010denja, slu\u017ee\u0107i kao vodi\u010d za se\u010denje &#8222;jagnjeta&#8220; (centralni deo koji se posve\u0107uje) tokom proskomidije. Pe\u010dat [&hellip;]<\/p>\n","protected":false},"featured_media":8550,"template":"","meta":{"give_campaign_id":0},"product_brand":[],"product_cat":[497],"product_tag":[],"class_list":{"0":"post-8186","1":"product","2":"type-product","3":"status-publish","4":"has-post-thumbnail","6":"product_cat-dodaci-za-slavu-sr","8":"first","9":"instock","10":"purchasable","11":"product-type-simple"},"_links":{"self":[{"href":"https:\/\/orthodoxblessings.com\/sr\/wp-json\/wp\/v2\/product\/8186","targetHints":{"allow":["GET"]}}],"collection":[{"href":"https:\/\/orthodoxblessings.com\/sr\/wp-json\/wp\/v2\/product"}],"about":[{"href":"https:\/\/orthodoxblessings.com\/sr\/wp-json\/wp\/v2\/types\/product"}],"wp:featuredmedia":[{"embeddable":true,"href":"https:\/\/orthodoxblessings.com\/sr\/wp-json\/wp\/v2\/media\/8550"}],"wp:attachment":[{"href":"https:\/\/orthodoxblessings.com\/sr\/wp-json\/wp\/v2\/media?parent=8186"}],"wp:term":[{"taxonomy":"product_brand","embeddable":true,"href":"https:\/\/orthodoxblessings.com\/sr\/wp-json\/wp\/v2\/product_brand?post=8186"},{"taxonomy":"product_cat","embeddable":true,"href":"https:\/\/orthodoxblessings.com\/sr\/wp-json\/wp\/v2\/product_cat?post=8186"},{"taxonomy":"product_tag","embeddable":true,"href":"https:\/\/orthodoxblessings.com\/sr\/wp-json\/wp\/v2\/product_tag?post=8186"}],"curies":[{"name":"wp","href":"https:\/\/api.w.org\/{rel}","templated":true}]}}