{"id":8180,"date":"2025-12-23T16:14:57","date_gmt":"2025-12-23T16:14:57","guid":{"rendered":"https:\/\/orthodoxblessings.com\/?post_type=product&#038;p=8180"},"modified":"2026-01-12T16:10:15","modified_gmt":"2026-01-12T16:10:15","slug":"kutija-za-tamjan-drvena","status":"publish","type":"product","link":"https:\/\/orthodoxblessings.com\/sr\/shop\/kutija-za-tamjan-drvena\/","title":{"rendered":"Kutija za tamjan drvena"},"content":{"rendered":"<p>Reliquiar je tradicionalni pravoslavni kontejner za \u010duvanje svetih mo\u0161ti, delova ode\u0107e svetaca ili drugih posve\u0107enih predmeta. Ova elegantna kutija ima trolistni oblik koji simbolizuje Svetu Trojicu, sa preklopnim okruglim poklopcem osiguranim malim zavijenjem. U centru poklopca je postavljen pozla\u0107eni metalni pravoslavni krst sa crvenom emajliranom sredinom i dekorativnim zavr\u0161ecima na svakom kraju krsta. Kutija je izra\u0111ena od tamnog drveta (mahagonija ili tamnog oraha) sa prirodnom povr\u0161inskom obradom koja isti\u010de bogatu teksturu drveta.<span class=\"inline-flex\" data-state=\"closed\">\u200b<\/span><\/p>\n<p class=\"my-2 [&amp;+p]:mt-4 [&amp;_strong:has(+br)]:inline-block [&amp;_strong:has(+br)]:pb-2\"><span class=\"inline-flex\" data-state=\"closed\">\u200b<\/span>Unutra\u0161njost ima okruglo udubljenje koje savr\u0161eno dr\u017ei mali predmet ili mo\u0161ti. U pravoslavnoj tradiciji, svaka osve\u0161tena crkva mora imati relikvije u oltaru, dok vernici \u010desto nose male relikvije u ladankama ili ih \u010duvaju kod ku\u0107e u ovakvim kutijama pored ikona. Relikvije se smatraju svetim jer \u010duvaju telesne ostatke svetaca koji su posvetili svoj \u017eivot Hristu, ili predmete koji su bili u kontaktu sa njima.<\/p>\n","protected":false},"excerpt":{"rendered":"<p>Reliquiar je tradicionalni pravoslavni kontejner za \u010duvanje svetih mo\u0161ti, delova ode\u0107e svetaca ili drugih posve\u0107enih predmeta. Ova elegantna kutija ima trolistni oblik koji simbolizuje Svetu Trojicu, sa preklopnim okruglim poklopcem osiguranim malim zavijenjem. U centru poklopca je postavljen pozla\u0107eni metalni pravoslavni krst sa crvenom emajliranom sredinom i dekorativnim zavr\u0161ecima na svakom kraju krsta. Kutija je [&hellip;]<\/p>\n","protected":false},"featured_media":8529,"template":"","meta":{"give_campaign_id":0},"product_brand":[],"product_cat":[331],"product_tag":[],"class_list":{"0":"post-8180","1":"product","2":"type-product","3":"status-publish","4":"has-post-thumbnail","6":"product_cat-tamjan","8":"first","9":"instock","10":"purchasable","11":"product-type-simple"},"_links":{"self":[{"href":"https:\/\/orthodoxblessings.com\/sr\/wp-json\/wp\/v2\/product\/8180","targetHints":{"allow":["GET"]}}],"collection":[{"href":"https:\/\/orthodoxblessings.com\/sr\/wp-json\/wp\/v2\/product"}],"about":[{"href":"https:\/\/orthodoxblessings.com\/sr\/wp-json\/wp\/v2\/types\/product"}],"wp:featuredmedia":[{"embeddable":true,"href":"https:\/\/orthodoxblessings.com\/sr\/wp-json\/wp\/v2\/media\/8529"}],"wp:attachment":[{"href":"https:\/\/orthodoxblessings.com\/sr\/wp-json\/wp\/v2\/media?parent=8180"}],"wp:term":[{"taxonomy":"product_brand","embeddable":true,"href":"https:\/\/orthodoxblessings.com\/sr\/wp-json\/wp\/v2\/product_brand?post=8180"},{"taxonomy":"product_cat","embeddable":true,"href":"https:\/\/orthodoxblessings.com\/sr\/wp-json\/wp\/v2\/product_cat?post=8180"},{"taxonomy":"product_tag","embeddable":true,"href":"https:\/\/orthodoxblessings.com\/sr\/wp-json\/wp\/v2\/product_tag?post=8180"}],"curies":[{"name":"wp","href":"https:\/\/api.w.org\/{rel}","templated":true}]}}