{"id":8177,"date":"2025-12-23T16:11:49","date_gmt":"2025-12-23T16:11:49","guid":{"rendered":"https:\/\/orthodoxblessings.com\/?post_type=product&#038;p=8177"},"modified":"2026-01-12T16:00:35","modified_gmt":"2026-01-12T16:00:35","slug":"krst-veliki-zidni","status":"publish","type":"product","link":"https:\/\/orthodoxblessings.com\/sr\/shop\/krst-veliki-zidni\/","title":{"rendered":"Krst veliki zidni"},"content":{"rendered":"<p>Pravoslavni krst je izra\u0111en od drveta sa prekrasnom trolistnom (trefoil) formom koja simbolizuje Svetu Trojicu. Prednja strana nosi \u0161tampanu ikonu Raspe\u0107a sa Hristom na krstu u tradicionalnom pravoslavnom stilu \u2013 bez trnovog venca, sa dve zasebne eksekvije za stopala (svako stopalo je bilo posebno prikovano), i prikazom Jerusalima u pozadini. Iznad Hrista je traka sa natpisom, a pored tela se vide koplje koje Ga je probolo i sun\u0111er natopljen \u017eu\u010di. Na vrhu krsta je manja ikona Hrista Spasitelja.<span class=\"inline-flex\" data-state=\"closed\">\u200b<\/span><\/p>\n<p class=\"my-2 [&amp;+p]:mt-4 [&amp;_strong:has(+br)]:inline-block [&amp;_strong:has(+br)]:pb-2\"><span class=\"inline-flex\" data-state=\"closed\">\u200b<\/span>Zadnja strana krsta nosi duboko urezanu molitvu na srpskom: Isus Hristos je sila i znanje&#8230; Krst je spasenje. Obod krsta ima beli dekorativni uzorak koji nagla\u0161ava trolisni oblik. Gornji deo ima rupu za ka\u010denje na zid. Krst je zavr\u0161en prirodnom bojom drveta sa nagla\u0161enim \u017eilama koje daju rusti\u010dni, autenti\u010dni izgled.<\/p>\n<p class=\"my-2 [&amp;+p]:mt-4 [&amp;_strong:has(+br)]:inline-block [&amp;_strong:has(+br)]:pb-2\"><span class=\"inline-flex\" data-state=\"closed\">\u200b<\/span>Pravoslavni zidni krstovi slu\u017ee kao duhovni fokus u domovima i crkvama, podsetnik na Hristovu \u017ertvu i simbol vere.<\/p>\n","protected":false},"excerpt":{"rendered":"<p>Pravoslavni krst je izra\u0111en od drveta sa prekrasnom trolistnom (trefoil) formom koja simbolizuje Svetu Trojicu. Prednja strana nosi \u0161tampanu ikonu Raspe\u0107a sa Hristom na krstu u tradicionalnom pravoslavnom stilu \u2013 bez trnovog venca, sa dve zasebne eksekvije za stopala (svako stopalo je bilo posebno prikovano), i prikazom Jerusalima u pozadini. Iznad Hrista je traka sa [&hellip;]<\/p>\n","protected":false},"featured_media":8523,"template":"","meta":{"give_campaign_id":0},"product_brand":[],"product_cat":[342],"product_tag":[],"class_list":{"0":"post-8177","1":"product","2":"type-product","3":"status-publish","4":"has-post-thumbnail","6":"product_cat-zidni-krst","8":"first","9":"instock","10":"purchasable","11":"product-type-simple"},"_links":{"self":[{"href":"https:\/\/orthodoxblessings.com\/sr\/wp-json\/wp\/v2\/product\/8177","targetHints":{"allow":["GET"]}}],"collection":[{"href":"https:\/\/orthodoxblessings.com\/sr\/wp-json\/wp\/v2\/product"}],"about":[{"href":"https:\/\/orthodoxblessings.com\/sr\/wp-json\/wp\/v2\/types\/product"}],"wp:featuredmedia":[{"embeddable":true,"href":"https:\/\/orthodoxblessings.com\/sr\/wp-json\/wp\/v2\/media\/8523"}],"wp:attachment":[{"href":"https:\/\/orthodoxblessings.com\/sr\/wp-json\/wp\/v2\/media?parent=8177"}],"wp:term":[{"taxonomy":"product_brand","embeddable":true,"href":"https:\/\/orthodoxblessings.com\/sr\/wp-json\/wp\/v2\/product_brand?post=8177"},{"taxonomy":"product_cat","embeddable":true,"href":"https:\/\/orthodoxblessings.com\/sr\/wp-json\/wp\/v2\/product_cat?post=8177"},{"taxonomy":"product_tag","embeddable":true,"href":"https:\/\/orthodoxblessings.com\/sr\/wp-json\/wp\/v2\/product_tag?post=8177"}],"curies":[{"name":"wp","href":"https:\/\/api.w.org\/{rel}","templated":true}]}}