{"id":8171,"date":"2025-12-23T16:03:09","date_gmt":"2025-12-23T16:03:09","guid":{"rendered":"https:\/\/orthodoxblessings.com\/?post_type=product&#038;p=8171"},"modified":"2026-01-12T15:29:53","modified_gmt":"2026-01-12T15:29:53","slug":"brojanica-mala-trobojka","status":"publish","type":"product","link":"https:\/\/orthodoxblessings.com\/sr\/shop\/brojanica-mala-trobojka\/","title":{"rendered":"Brojanica mala &#8211; trobojka"},"content":{"rendered":"<p>Ovo je <strong>brojanica u bojama srpske zastave<\/strong> \u2013 ru\u010dno pletena pravoslavna molitvena narukvica sa 33 \u010dvora u crvenoj, beloj i plavoj boji, ukra\u0161ena srebrnim pravoslavnim krstom.<span class=\"inline-flex\" aria-label=\"image.jpeg\" data-state=\"closed\">\u200b<\/span><\/p>\n<p class=\"my-2 [&amp;+p]:mt-4 [&amp;_strong:has(+br)]:inline-block [&amp;_strong:has(+br)]:pb-2\"><span class=\"inline-flex\" data-state=\"closed\">\u200b<\/span>Brojanica je tradicionalni srpski pravoslavni molitveni vez koji se koristi za brojanje ponavljanja Isusove molitve (&#8222;Gospode Isuse Hriste, Sine Bo\u017eiji, pomiluj me gre\u0161nog&#8220;) tokom molitve. Ova posebna brojanica ima 33 \u010dvora \u2013 broj koji simbolizuje godine Hristovog zemaljskog \u017eivota. Pletena je u tri sekcije boja srpske trobojke: crvena predstavlja krv mu\u010denika i hrabrost, bela simbolizuje \u010distotu i istinu, a plava predstavlja nebo i veru. U centru se nalazi mali srebrni pravoslavni krst koji slu\u017ei kao po\u010detna ta\u010dka molitve i podsetnik na Hristovu \u017ertvu.<\/p>\n<p><span class=\"inline-flex\" data-state=\"closed\">\u200b<\/span>Brojanicu koriste pravoslavni vernici dr\u017ee\u0107i je u jednoj ruci i pomi\u010du\u0107i od \u010dvora do \u010dvora dok izgovaraju molitvu, poma\u017eu\u0107i koncentraciju i brojanje ponavljanja. Ova kombinacija nacionalnih i verskih simbola \u010dini je popularnim izrazom srpskog pravoslavnog identiteta, idealnim poklonom za kr\u0161tenje, slavu ili duhovnu podr\u0161ku.<\/p>\n","protected":false},"excerpt":{"rendered":"<p>Ovo je brojanica u bojama srpske zastave \u2013 ru\u010dno pletena pravoslavna molitvena narukvica sa 33 \u010dvora u crvenoj, beloj i plavoj boji, ukra\u0161ena srebrnim pravoslavnim krstom.\u200b \u200bBrojanica je tradicionalni srpski pravoslavni molitveni vez koji se koristi za brojanje ponavljanja Isusove molitve (&#8222;Gospode Isuse Hriste, Sine Bo\u017eiji, pomiluj me gre\u0161nog&#8220;) tokom molitve. Ova posebna brojanica ima [&hellip;]<\/p>\n","protected":false},"featured_media":8508,"template":"","meta":{"give_campaign_id":0},"product_brand":[],"product_cat":[311],"product_tag":[],"class_list":{"0":"post-8171","1":"product","2":"type-product","3":"status-publish","4":"has-post-thumbnail","6":"product_cat-crkvene-brojanice","8":"first","9":"instock","10":"purchasable","11":"product-type-simple"},"_links":{"self":[{"href":"https:\/\/orthodoxblessings.com\/sr\/wp-json\/wp\/v2\/product\/8171","targetHints":{"allow":["GET"]}}],"collection":[{"href":"https:\/\/orthodoxblessings.com\/sr\/wp-json\/wp\/v2\/product"}],"about":[{"href":"https:\/\/orthodoxblessings.com\/sr\/wp-json\/wp\/v2\/types\/product"}],"wp:featuredmedia":[{"embeddable":true,"href":"https:\/\/orthodoxblessings.com\/sr\/wp-json\/wp\/v2\/media\/8508"}],"wp:attachment":[{"href":"https:\/\/orthodoxblessings.com\/sr\/wp-json\/wp\/v2\/media?parent=8171"}],"wp:term":[{"taxonomy":"product_brand","embeddable":true,"href":"https:\/\/orthodoxblessings.com\/sr\/wp-json\/wp\/v2\/product_brand?post=8171"},{"taxonomy":"product_cat","embeddable":true,"href":"https:\/\/orthodoxblessings.com\/sr\/wp-json\/wp\/v2\/product_cat?post=8171"},{"taxonomy":"product_tag","embeddable":true,"href":"https:\/\/orthodoxblessings.com\/sr\/wp-json\/wp\/v2\/product_tag?post=8171"}],"curies":[{"name":"wp","href":"https:\/\/api.w.org\/{rel}","templated":true}]}}