{"id":8141,"date":"2025-12-23T14:30:57","date_gmt":"2025-12-23T14:30:57","guid":{"rendered":"https:\/\/orthodoxblessings.com\/?post_type=product&#038;p=8141"},"modified":"2026-01-12T13:34:02","modified_gmt":"2026-01-12T13:34:02","slug":"modle-za-slavski-kolac-komplet","status":"publish","type":"product","link":"https:\/\/orthodoxblessings.com\/sr\/shop\/modle-za-slavski-kolac-komplet\/","title":{"rendered":"Modle za slavski kola\u010d &#8211; komplet"},"content":{"rendered":"<p>Set sadr\u017ei \u0161est razli\u010ditih pravoslavnih motiva koji se koriste za kreiranje ukrasa od testa koji se zatim stavljaju na slavski kola\u010d. Modlice uklju\u010duju:<\/p>\n<p class=\"my-2 [&amp;+p]:mt-4 [&amp;_strong:has(+br)]:inline-block [&amp;_strong:has(+br)]:pb-2\"><span class=\"inline-flex\" data-state=\"closed\">\u200b<\/span><\/p>\n<ul class=\"marker:text-quiet list-disc\">\n<li class=\"py-0 my-0 prose-p:pt-0 prose-p:mb-2 prose-p:my-0 [&amp;&gt;p]:pt-0 [&amp;&gt;p]:mb-2 [&amp;&gt;p]:my-0\">\n<p class=\"my-2 [&amp;+p]:mt-4 [&amp;_strong:has(+br)]:inline-block [&amp;_strong:has(+br)]:pb-2\"><strong>Troprsti krst<\/strong> \u2013 glavni simbol pravoslavlja koji se stavlja u centar kola\u010da<\/p>\n<\/li>\n<li class=\"py-0 my-0 prose-p:pt-0 prose-p:mb-2 prose-p:my-0 [&amp;&gt;p]:pt-0 [&amp;&gt;p]:mb-2 [&amp;&gt;p]:my-0\">\n<p class=\"my-2 [&amp;+p]:mt-4 [&amp;_strong:has(+br)]:inline-block [&amp;_strong:has(+br)]:pb-2\"><strong>Klas \u017eita<\/strong> (dva komada) \u2013 simbolizuje rodnu godinu i napredak<\/p>\n<\/li>\n<li class=\"py-0 my-0 prose-p:pt-0 prose-p:mb-2 prose-p:my-0 [&amp;&gt;p]:pt-0 [&amp;&gt;p]:mb-2 [&amp;&gt;p]:my-0\">\n<p class=\"my-2 [&amp;+p]:mt-4 [&amp;_strong:has(+br)]:inline-block [&amp;_strong:has(+br)]:pb-2\"><strong>Golubice<\/strong> (dve ptice) \u2013 predstavljaju zdravlje, veselje i mir u ku\u0107i<\/p>\n<\/li>\n<li class=\"py-0 my-0 prose-p:pt-0 prose-p:mb-2 prose-p:my-0 [&amp;&gt;p]:pt-0 [&amp;&gt;p]:mb-2 [&amp;&gt;p]:my-0\">\n<p class=\"my-2 [&amp;+p]:mt-4 [&amp;_strong:has(+br)]:inline-block [&amp;_strong:has(+br)]:pb-2\"><strong>Cvet\/rozeta<\/strong> \u2013 dekorativni element<\/p>\n<\/li>\n<li class=\"py-0 my-0 prose-p:pt-0 prose-p:mb-2 prose-p:my-0 [&amp;&gt;p]:pt-0 [&amp;&gt;p]:mb-2 [&amp;&gt;p]:my-0\">\n<p class=\"my-2 [&amp;+p]:mt-4 [&amp;_strong:has(+br)]:inline-block [&amp;_strong:has(+br)]:pb-2\"><strong>Knjigu (Jevan\u0111elje)<\/strong> sa &#8222;IC XC NIKA&#8220; natpisom \u2013 simbolizuje veru i hri\u0161\u0107anske vrednote<\/p>\n<\/li>\n<li class=\"py-0 my-0 prose-p:pt-0 prose-p:mb-2 prose-p:my-0 [&amp;&gt;p]:pt-0 [&amp;&gt;p]:mb-2 [&amp;&gt;p]:my-0\">\n<p class=\"my-2 [&amp;+p]:mt-4 [&amp;_strong:has(+br)]:inline-block [&amp;_strong:has(+br)]:pb-2\"><strong>Poseku\u0161a\/bure<\/strong> \u2013 tradicionalni ukra\u0161ni element<\/p>\n<\/li>\n<\/ul>\n<p><span class=\"inline-flex\" aria-label=\"Slavski kola\u010d - savjeti za pripremu i ukra\u0161avanje\" data-state=\"closed\">\u200b<\/span><span class=\"inline-flex\" aria-label=\"Kako napraviti ukrase za slavski kola\u010d uz pomo\u0107 modlica\" data-state=\"closed\">\u200b<\/span><\/p>\n<p class=\"my-2 [&amp;+p]:mt-4 [&amp;_strong:has(+br)]:inline-block [&amp;_strong:has(+br)]:pb-2\">Modlice su izra\u0111ene od biorazgradive, ekolo\u0161ki prihvatljive PLA plastike koja je bezbedna za kontakt sa hranom. Koriste se tako \u0161to se od posebnog \u010dvrstog testa (bra\u0161no, gustin, so i voda) razvije tanki sloj, pa se modlicom utisne oblik koji se zatim stavlja da se osu\u0161i dan pre pe\u010denja kola\u010da. Suvi beli ukrasi se lepe na kola\u010d pomo\u0107u jajeta ili osve\u0107ene vodice pre pe\u010denja i zadr\u017eavaju belu boju i jasan oblik.<\/p>\n","protected":false},"excerpt":{"rendered":"<p>Set sadr\u017ei \u0161est razli\u010ditih pravoslavnih motiva koji se koriste za kreiranje ukrasa od testa koji se zatim stavljaju na slavski kola\u010d. Modlice uklju\u010duju: \u200b Troprsti krst \u2013 glavni simbol pravoslavlja koji se stavlja u centar kola\u010da Klas \u017eita (dva komada) \u2013 simbolizuje rodnu godinu i napredak Golubice (dve ptice) \u2013 predstavljaju zdravlje, veselje i mir [&hellip;]<\/p>\n","protected":false},"featured_media":8490,"template":"","meta":{"give_campaign_id":0},"product_brand":[],"product_cat":[336],"product_tag":[],"class_list":{"0":"post-8141","1":"product","2":"type-product","3":"status-publish","4":"has-post-thumbnail","6":"product_cat-kalupi-za-slavski-kolac","8":"first","9":"instock","10":"purchasable","11":"product-type-simple"},"_links":{"self":[{"href":"https:\/\/orthodoxblessings.com\/sr\/wp-json\/wp\/v2\/product\/8141","targetHints":{"allow":["GET"]}}],"collection":[{"href":"https:\/\/orthodoxblessings.com\/sr\/wp-json\/wp\/v2\/product"}],"about":[{"href":"https:\/\/orthodoxblessings.com\/sr\/wp-json\/wp\/v2\/types\/product"}],"wp:featuredmedia":[{"embeddable":true,"href":"https:\/\/orthodoxblessings.com\/sr\/wp-json\/wp\/v2\/media\/8490"}],"wp:attachment":[{"href":"https:\/\/orthodoxblessings.com\/sr\/wp-json\/wp\/v2\/media?parent=8141"}],"wp:term":[{"taxonomy":"product_brand","embeddable":true,"href":"https:\/\/orthodoxblessings.com\/sr\/wp-json\/wp\/v2\/product_brand?post=8141"},{"taxonomy":"product_cat","embeddable":true,"href":"https:\/\/orthodoxblessings.com\/sr\/wp-json\/wp\/v2\/product_cat?post=8141"},{"taxonomy":"product_tag","embeddable":true,"href":"https:\/\/orthodoxblessings.com\/sr\/wp-json\/wp\/v2\/product_tag?post=8141"}],"curies":[{"name":"wp","href":"https:\/\/api.w.org\/{rel}","templated":true}]}}