{"id":8126,"date":"2025-12-23T12:43:21","date_gmt":"2025-12-23T12:43:21","guid":{"rendered":"https:\/\/orthodoxblessings.com\/?post_type=product&#038;p=8126"},"modified":"2026-01-12T11:19:47","modified_gmt":"2026-01-12T11:19:47","slug":"psaltir-dzepno-izdanje","status":"publish","type":"product","link":"https:\/\/orthodoxblessings.com\/sr\/shop\/psaltir-dzepno-izdanje\/","title":{"rendered":"Psaltir &#8211; dzepno izdanje"},"content":{"rendered":"<p>Ovo je jo\u0161 jedno prelepo izdanje Psaltira\u2014osnovne bogoslu\u017ebene knjige koja sadr\u017ei 150 psalama tradicionalno pripisanih jevrejskom caru Davidu. Korica ima izuzetnu srednjovekovnu rukopisnu iluminaciju koja prikazuje cara Davida kako sedi na prestolu ispod rasko\u0161nog svoda ukra\u0161enog paunovima, pticama i motivom Drveta \u017eivota, dr\u017ee\u0107i svitak koji simbolizuje bo\u017eansku mudrost i proro\u0161tvo. Koral\u0458no-crvena pozadina stvara toplu, pobo\u017enu estetiku tipi\u010dnu za vizantijsku rukopisnu tradiciju. Objavljeno od strane Duhovnog Luga, ovo izdanje slu\u017ei kao centralna molitvena knjiga pravoslavnog bogoslu\u017eenja, kori\u0161\u0107ena za svakodnevne pobo\u017enosti, crkvene slu\u017ebe, pomen\u0435 i duhovno vo\u0111enje. Re\u010d &#8222;psalm&#8220; poti\u010de od gr\u010dkog <em>psalmos<\/em>, \u0161to zna\u010di pesma pevana uz \u017ei\u010dani instrument, a Psaltir povezuje vernike izme\u0111u Zemlje i Neba kroz koji se tra\u017ei Bo\u017eja milost.<\/p>\n","protected":false},"excerpt":{"rendered":"<p>Ovo je jo\u0161 jedno prelepo izdanje Psaltira\u2014osnovne bogoslu\u017ebene knjige koja sadr\u017ei 150 psalama tradicionalno pripisanih jevrejskom caru Davidu. Korica ima izuzetnu srednjovekovnu rukopisnu iluminaciju koja prikazuje cara Davida kako sedi na prestolu ispod rasko\u0161nog svoda ukra\u0161enog paunovima, pticama i motivom Drveta \u017eivota, dr\u017ee\u0107i svitak koji simbolizuje bo\u017eansku mudrost i proro\u0161tvo. Koral\u0458no-crvena pozadina stvara toplu, pobo\u017enu [&hellip;]<\/p>\n","protected":false},"featured_media":8484,"template":"","meta":{"give_campaign_id":0},"product_brand":[],"product_cat":[307,324],"product_tag":[],"class_list":{"0":"post-8126","1":"product","2":"type-product","3":"status-publish","4":"has-post-thumbnail","6":"product_cat-duhovna-literatura","7":"product_cat-dzepna-izdanja","9":"first","10":"instock","11":"purchasable","12":"product-type-simple"},"_links":{"self":[{"href":"https:\/\/orthodoxblessings.com\/sr\/wp-json\/wp\/v2\/product\/8126","targetHints":{"allow":["GET"]}}],"collection":[{"href":"https:\/\/orthodoxblessings.com\/sr\/wp-json\/wp\/v2\/product"}],"about":[{"href":"https:\/\/orthodoxblessings.com\/sr\/wp-json\/wp\/v2\/types\/product"}],"wp:featuredmedia":[{"embeddable":true,"href":"https:\/\/orthodoxblessings.com\/sr\/wp-json\/wp\/v2\/media\/8484"}],"wp:attachment":[{"href":"https:\/\/orthodoxblessings.com\/sr\/wp-json\/wp\/v2\/media?parent=8126"}],"wp:term":[{"taxonomy":"product_brand","embeddable":true,"href":"https:\/\/orthodoxblessings.com\/sr\/wp-json\/wp\/v2\/product_brand?post=8126"},{"taxonomy":"product_cat","embeddable":true,"href":"https:\/\/orthodoxblessings.com\/sr\/wp-json\/wp\/v2\/product_cat?post=8126"},{"taxonomy":"product_tag","embeddable":true,"href":"https:\/\/orthodoxblessings.com\/sr\/wp-json\/wp\/v2\/product_tag?post=8126"}],"curies":[{"name":"wp","href":"https:\/\/api.w.org\/{rel}","templated":true}]}}