{"id":8123,"date":"2025-12-23T12:38:49","date_gmt":"2025-12-23T12:38:49","guid":{"rendered":"https:\/\/orthodoxblessings.com\/?post_type=product&#038;p=8123"},"modified":"2026-01-12T11:16:28","modified_gmt":"2026-01-12T11:16:28","slug":"monah-kalist-milivoje-m-jovanovic","status":"publish","type":"product","link":"https:\/\/orthodoxblessings.com\/sr\/shop\/monah-kalist-milivoje-m-jovanovic\/","title":{"rendered":"Monah Kalist &#8211; Milivoje M. Jovanovi\u0107"},"content":{"rendered":"<p>Ovaj bestseler od 71.000 primeraka pri\u010da istinit\u0443 pri\u010du \u043e Monahu Kalistu, koji je \u017eiveo 95 godina (1896-1991) i proveo decenije u divljini gde ga \u010dak ni otrovne zmije nisu povredile. Pod vo\u0111stvom Svetog Vladike Nikolaja Velimirovi\u0107a, Kalist je izu\u010davao Konfucija, indijsku i gr\u010dku filozofiju, budizam, Kuran, pravoslavne i rimokatoli\u010dke dogmate i gra\u0111evinarstvo. Postao je poznati obnovitelj crkava i manastira, iscelitelj i pustinjak koji je hranio medvede i tra\u017eio samo\u043f\u043e\u0437\u043d\u0430\u045a\u0435 kroz zajedni\u0161tvo sa Bogom. Knjiga istra\u017euje veru, moralne vrednosti i duhovnu transformaciju, prikazuju\u0107i Kalistovo putovanje od svetovnih strasti do dubokog prosvetljenja. Izdava\u010d je Duhovni Lug, a korica prikazuje otrcan manastirski zid sa prozorom kroz koji se vidi stariji monah, simbolizuju\u0107i kontemplaciju i prelaz izme\u0111u zemaljskog i bo\u017eanskog. \u041d\u0430\u0442\u043fis na pole\u0111ini glasi &#8222;Dobar rat ratova\u0161, tr\u017eu svr\u0161ih, esu bli kao&#8230; Bolite se i vodite se&#8220;.<\/p>\n","protected":false},"excerpt":{"rendered":"<p>Ovaj bestseler od 71.000 primeraka pri\u010da istinit\u0443 pri\u010du \u043e Monahu Kalistu, koji je \u017eiveo 95 godina (1896-1991) i proveo decenije u divljini gde ga \u010dak ni otrovne zmije nisu povredile. Pod vo\u0111stvom Svetog Vladike Nikolaja Velimirovi\u0107a, Kalist je izu\u010davao Konfucija, indijsku i gr\u010dku filozofiju, budizam, Kuran, pravoslavne i rimokatoli\u010dke dogmate i gra\u0111evinarstvo. Postao je poznati [&hellip;]<\/p>\n","protected":false},"featured_media":8478,"template":"","meta":{"give_campaign_id":0},"product_brand":[],"product_cat":[307],"product_tag":[],"class_list":{"0":"post-8123","1":"product","2":"type-product","3":"status-publish","4":"has-post-thumbnail","6":"product_cat-duhovna-literatura","8":"first","9":"instock","10":"purchasable","11":"product-type-simple"},"_links":{"self":[{"href":"https:\/\/orthodoxblessings.com\/sr\/wp-json\/wp\/v2\/product\/8123","targetHints":{"allow":["GET"]}}],"collection":[{"href":"https:\/\/orthodoxblessings.com\/sr\/wp-json\/wp\/v2\/product"}],"about":[{"href":"https:\/\/orthodoxblessings.com\/sr\/wp-json\/wp\/v2\/types\/product"}],"wp:featuredmedia":[{"embeddable":true,"href":"https:\/\/orthodoxblessings.com\/sr\/wp-json\/wp\/v2\/media\/8478"}],"wp:attachment":[{"href":"https:\/\/orthodoxblessings.com\/sr\/wp-json\/wp\/v2\/media?parent=8123"}],"wp:term":[{"taxonomy":"product_brand","embeddable":true,"href":"https:\/\/orthodoxblessings.com\/sr\/wp-json\/wp\/v2\/product_brand?post=8123"},{"taxonomy":"product_cat","embeddable":true,"href":"https:\/\/orthodoxblessings.com\/sr\/wp-json\/wp\/v2\/product_cat?post=8123"},{"taxonomy":"product_tag","embeddable":true,"href":"https:\/\/orthodoxblessings.com\/sr\/wp-json\/wp\/v2\/product_tag?post=8123"}],"curies":[{"name":"wp","href":"https:\/\/api.w.org\/{rel}","templated":true}]}}