{"id":8117,"date":"2025-12-23T12:30:46","date_gmt":"2025-12-23T12:30:46","guid":{"rendered":"https:\/\/orthodoxblessings.com\/?post_type=product&#038;p=8117"},"modified":"2026-01-12T11:07:10","modified_gmt":"2026-01-12T11:07:10","slug":"upoznavanje-sa-sobom","status":"publish","type":"product","link":"https:\/\/orthodoxblessings.com\/sr\/shop\/upoznavanje-sa-sobom\/","title":{"rendered":"Upoznavanje sa sobom"},"content":{"rendered":"<p>Ova knjiga od 98 strana pravoslavnog psihologa Dmitrija Semenika bavi se tim kako psiholo\u0161ki problemi blokiraju duhovni razvoj i nudi puteve za njihovo prevazila\u017eenje. Semenik ispituje \u010detiri glavne prepreke: strast osu\u0111ivanja, neprijateljstvo, fanatizam i neprilago\u0111enost; la\u017ene zamene za hri\u0161\u0107ansku ljubav (uklju\u010duju\u0107i ljubavnu zavisnost); la\u017eno ose\u0107anje krivice koje se maskira kao pokajanje; i neispunjavanje za\u043f\u043e\u0432\u0435\u0434\u0438 \u043e radosti. Knjiga defini\u0161e pravoslavnu psihologiju kao oblast u nastajanju gde psiholozi pravoslavne orijentacije uspostavljaju vezu izme\u0111u crkvenih pojmova o duhovnom \u017eivotu i psiholo\u0161kih perspektiva. Mirna korica prikazuje siluetu \u010doveka na drvenom pristani\u0161tu koji posmatra planine i kristalno jezero, simbolizuju\u0107i put samoupoznavanja i duhovne refleksije. Izdava\u010d je Riznica, a knjiga uklju\u010duje dodatak Aleksandra Kolmanovskog o posvojenju roditelja.<\/p>\n","protected":false},"excerpt":{"rendered":"<p>Ova knjiga od 98 strana pravoslavnog psihologa Dmitrija Semenika bavi se tim kako psiholo\u0161ki problemi blokiraju duhovni razvoj i nudi puteve za njihovo prevazila\u017eenje. Semenik ispituje \u010detiri glavne prepreke: strast osu\u0111ivanja, neprijateljstvo, fanatizam i neprilago\u0111enost; la\u017ene zamene za hri\u0161\u0107ansku ljubav (uklju\u010duju\u0107i ljubavnu zavisnost); la\u017eno ose\u0107anje krivice koje se maskira kao pokajanje; i neispunjavanje za\u043f\u043e\u0432\u0435\u0434\u0438 \u043e [&hellip;]<\/p>\n","protected":false},"featured_media":8469,"template":"","meta":{"give_campaign_id":0},"product_brand":[],"product_cat":[307],"product_tag":[],"class_list":{"0":"post-8117","1":"product","2":"type-product","3":"status-publish","4":"has-post-thumbnail","6":"product_cat-duhovna-literatura","8":"first","9":"instock","10":"purchasable","11":"product-type-simple"},"_links":{"self":[{"href":"https:\/\/orthodoxblessings.com\/sr\/wp-json\/wp\/v2\/product\/8117","targetHints":{"allow":["GET"]}}],"collection":[{"href":"https:\/\/orthodoxblessings.com\/sr\/wp-json\/wp\/v2\/product"}],"about":[{"href":"https:\/\/orthodoxblessings.com\/sr\/wp-json\/wp\/v2\/types\/product"}],"wp:featuredmedia":[{"embeddable":true,"href":"https:\/\/orthodoxblessings.com\/sr\/wp-json\/wp\/v2\/media\/8469"}],"wp:attachment":[{"href":"https:\/\/orthodoxblessings.com\/sr\/wp-json\/wp\/v2\/media?parent=8117"}],"wp:term":[{"taxonomy":"product_brand","embeddable":true,"href":"https:\/\/orthodoxblessings.com\/sr\/wp-json\/wp\/v2\/product_brand?post=8117"},{"taxonomy":"product_cat","embeddable":true,"href":"https:\/\/orthodoxblessings.com\/sr\/wp-json\/wp\/v2\/product_cat?post=8117"},{"taxonomy":"product_tag","embeddable":true,"href":"https:\/\/orthodoxblessings.com\/sr\/wp-json\/wp\/v2\/product_tag?post=8117"}],"curies":[{"name":"wp","href":"https:\/\/api.w.org\/{rel}","templated":true}]}}