{"id":8114,"date":"2025-12-23T12:27:53","date_gmt":"2025-12-23T12:27:53","guid":{"rendered":"https:\/\/orthodoxblessings.com\/?post_type=product&#038;p=8114"},"modified":"2026-01-12T10:54:37","modified_gmt":"2026-01-12T10:54:37","slug":"negovanje-saosecanja-a-kolmanovski","status":"publish","type":"product","link":"https:\/\/orthodoxblessings.com\/sr\/shop\/negovanje-saosecanja-a-kolmanovski\/","title":{"rendered":"Negovanje saose\u0107anja &#8211; A. Kolmanovski"},"content":{"rendered":"<p>Ova pionirska knjiga poznatog ruskog psihologa i edukatora Aleksandra Kolmanovskog pru\u017ea pristupa\u010dne psiholo\u0161ke uvide u korene ljudske patnje. Kolmanovski tvrdi da psihi\u010dki problemi proizlaze iz nedostatka saose\u0107anja prema bli\u017enjima, nedovoljnog u\u010de\u0161\u0107a u \u017eivotu zajednice i nedostatka motivacije za samopromenu. Bazirana na intervjuima sa Kolmanovskim tokom decenije i objavljena putem internet-\u010dasopisa, knjiga uklju\u010duje njegov originalni program &#8222;Psihologija odnosa&#8220; koji je predavao nastavnicima, roditeljima, u\u010denicima i zaposlenima u organizacijama. Korica prikazuje kru\u017eni dijagram sa du\u0161om u centru okru\u017eenom klju\u010dnim odnosima: deca, supru\u017enik, bli\u017enji i roditelji, sa &#8222;Bo\u017ejom pomo\u0107i&#8220; na vrhu, ilustruju\u0107i kako saose\u0107anje zra\u010di napolje. Kolmanovski je radio na rehabilitaciji \u017ertava teroristi\u010dkih napada u Beslanu i u konfliktnim zonama.<\/p>\n","protected":false},"excerpt":{"rendered":"<p>Ova pionirska knjiga poznatog ruskog psihologa i edukatora Aleksandra Kolmanovskog pru\u017ea pristupa\u010dne psiholo\u0161ke uvide u korene ljudske patnje. Kolmanovski tvrdi da psihi\u010dki problemi proizlaze iz nedostatka saose\u0107anja prema bli\u017enjima, nedovoljnog u\u010de\u0161\u0107a u \u017eivotu zajednice i nedostatka motivacije za samopromenu. Bazirana na intervjuima sa Kolmanovskim tokom decenije i objavljena putem internet-\u010dasopisa, knjiga uklju\u010duje njegov originalni program [&hellip;]<\/p>\n","protected":false},"featured_media":8463,"template":"","meta":{"give_campaign_id":0},"product_brand":[],"product_cat":[307],"product_tag":[],"class_list":{"0":"post-8114","1":"product","2":"type-product","3":"status-publish","4":"has-post-thumbnail","6":"product_cat-duhovna-literatura","8":"first","9":"instock","10":"purchasable","11":"product-type-simple"},"_links":{"self":[{"href":"https:\/\/orthodoxblessings.com\/sr\/wp-json\/wp\/v2\/product\/8114","targetHints":{"allow":["GET"]}}],"collection":[{"href":"https:\/\/orthodoxblessings.com\/sr\/wp-json\/wp\/v2\/product"}],"about":[{"href":"https:\/\/orthodoxblessings.com\/sr\/wp-json\/wp\/v2\/types\/product"}],"wp:featuredmedia":[{"embeddable":true,"href":"https:\/\/orthodoxblessings.com\/sr\/wp-json\/wp\/v2\/media\/8463"}],"wp:attachment":[{"href":"https:\/\/orthodoxblessings.com\/sr\/wp-json\/wp\/v2\/media?parent=8114"}],"wp:term":[{"taxonomy":"product_brand","embeddable":true,"href":"https:\/\/orthodoxblessings.com\/sr\/wp-json\/wp\/v2\/product_brand?post=8114"},{"taxonomy":"product_cat","embeddable":true,"href":"https:\/\/orthodoxblessings.com\/sr\/wp-json\/wp\/v2\/product_cat?post=8114"},{"taxonomy":"product_tag","embeddable":true,"href":"https:\/\/orthodoxblessings.com\/sr\/wp-json\/wp\/v2\/product_tag?post=8114"}],"curies":[{"name":"wp","href":"https:\/\/api.w.org\/{rel}","templated":true}]}}