{"id":8111,"date":"2025-12-23T12:24:53","date_gmt":"2025-12-23T12:24:53","guid":{"rendered":"https:\/\/orthodoxblessings.com\/?post_type=product&#038;p=8111"},"modified":"2026-01-10T12:20:21","modified_gmt":"2026-01-10T12:20:21","slug":"ispuni-zivot-ljubavlju-dmitrij-semenik","status":"publish","type":"product","link":"https:\/\/orthodoxblessings.com\/sr\/shop\/ispuni-zivot-ljubavlju-dmitrij-semenik\/","title":{"rendered":"Ispuni \u017eivot ljubavlju &#8211; Dmitrij Semenik"},"content":{"rendered":"<p>Ova knjiga od 317 strana pravoslavnog psihologa Dmitrija Semenika bavi se fundamentalnim ljudskim pitanjem: kako nau\u010diti voleti i biti voljen na autenti\u010dan na\u010din ? Semenik tvrdi da ljubav nije slu\u010dajnost ve\u0107 ve\u0161tina koja zahteva posve\u0107en rad kroz sistematsku samoanalizu, a ne kroz ma\u0161tanja ili flert. Knjiga osvetljava kako savremeni ljudi, zbunjeni i o\u010dajni, tra\u017ee uto\u010di\u0161te u kratkotrajnim surogatima koji vode ka dubljoj praznini. Pru\u017ea prakti\u010dne smernice za svakoga ko \u017eeli da radi na sebi, poma\u017eu\u0107i \u010ditaocima da razlikuju pravu ljubav od strasti koje \u010desto me\u0161amo sa njom. Izdava\u010d je Riznica+, a korica knjige sadr\u017ei ilustraciju para sa dijalo\u0161kim obla\u010di\u0107ima koji postavljaju klju\u010dna pitanja poput &#8222;Kako da nau\u010dimo da volimo?&#8220; i &#8222;Da li ljubav zavisi od nas?&#8220;<\/p>\n","protected":false},"excerpt":{"rendered":"<p>Ova knjiga od 317 strana pravoslavnog psihologa Dmitrija Semenika bavi se fundamentalnim ljudskim pitanjem: kako nau\u010diti voleti i biti voljen na autenti\u010dan na\u010din ? Semenik tvrdi da ljubav nije slu\u010dajnost ve\u0107 ve\u0161tina koja zahteva posve\u0107en rad kroz sistematsku samoanalizu, a ne kroz ma\u0161tanja ili flert. Knjiga osvetljava kako savremeni ljudi, zbunjeni i o\u010dajni, tra\u017ee uto\u010di\u0161te [&hellip;]<\/p>\n","protected":false},"featured_media":8460,"template":"","meta":{"give_campaign_id":0},"product_brand":[],"product_cat":[307],"product_tag":[],"class_list":{"0":"post-8111","1":"product","2":"type-product","3":"status-publish","4":"has-post-thumbnail","6":"product_cat-duhovna-literatura","8":"first","9":"instock","10":"purchasable","11":"product-type-simple"},"_links":{"self":[{"href":"https:\/\/orthodoxblessings.com\/sr\/wp-json\/wp\/v2\/product\/8111","targetHints":{"allow":["GET"]}}],"collection":[{"href":"https:\/\/orthodoxblessings.com\/sr\/wp-json\/wp\/v2\/product"}],"about":[{"href":"https:\/\/orthodoxblessings.com\/sr\/wp-json\/wp\/v2\/types\/product"}],"wp:featuredmedia":[{"embeddable":true,"href":"https:\/\/orthodoxblessings.com\/sr\/wp-json\/wp\/v2\/media\/8460"}],"wp:attachment":[{"href":"https:\/\/orthodoxblessings.com\/sr\/wp-json\/wp\/v2\/media?parent=8111"}],"wp:term":[{"taxonomy":"product_brand","embeddable":true,"href":"https:\/\/orthodoxblessings.com\/sr\/wp-json\/wp\/v2\/product_brand?post=8111"},{"taxonomy":"product_cat","embeddable":true,"href":"https:\/\/orthodoxblessings.com\/sr\/wp-json\/wp\/v2\/product_cat?post=8111"},{"taxonomy":"product_tag","embeddable":true,"href":"https:\/\/orthodoxblessings.com\/sr\/wp-json\/wp\/v2\/product_tag?post=8111"}],"curies":[{"name":"wp","href":"https:\/\/api.w.org\/{rel}","templated":true}]}}