{"id":8108,"date":"2025-12-23T12:22:16","date_gmt":"2025-12-23T12:22:16","guid":{"rendered":"https:\/\/orthodoxblessings.com\/?post_type=product&#038;p=8108"},"modified":"2026-01-10T12:13:17","modified_gmt":"2026-01-10T12:13:17","slug":"pravoslavni-molitvenik","status":"publish","type":"product","link":"https:\/\/orthodoxblessings.com\/sr\/shop\/pravoslavni-molitvenik\/","title":{"rendered":"Pravoslavni molitvenik"},"content":{"rendered":"<p>Pravoslavni molitvenik je sveta zbirka dnevnih molitvi koju koriste pravoslavni hri\u0161\u0107ani \u0161irom sveta. Sadr\u017ei jutarnje i ve\u010dernje molitve, molitve za razli\u010dita vremena dana, kanone Isusu Hristu, Majci Bo\u017eijoj, an\u0111elima \u010duvarima, i molitve za bolesne i pokojne. Ova posebno izdana verzija sa formalnom crnom ko\u017enom koricama ukra\u0161enom ornamentalnim krstvima i dekorativnim obrascem predstavlja tradicionalnu liturgijsku estetiku ruske pravoslavne prakse. Pravoslavni molitvenik slu\u017ei kao duhovni vodi\u010d za laike da strukturiraju svoju dnevnu molitvu u skladu sa tradicijom Pravoslavne crkve.<\/p>\n","protected":false},"excerpt":{"rendered":"<p>Pravoslavni molitvenik je sveta zbirka dnevnih molitvi koju koriste pravoslavni hri\u0161\u0107ani \u0161irom sveta. Sadr\u017ei jutarnje i ve\u010dernje molitve, molitve za razli\u010dita vremena dana, kanone Isusu Hristu, Majci Bo\u017eijoj, an\u0111elima \u010duvarima, i molitve za bolesne i pokojne. Ova posebno izdana verzija sa formalnom crnom ko\u017enom koricama ukra\u0161enom ornamentalnim krstvima i dekorativnim obrascem predstavlja tradicionalnu liturgijsku estetiku [&hellip;]<\/p>\n","protected":false},"featured_media":8454,"template":"","meta":{"give_campaign_id":0},"product_brand":[],"product_cat":[307],"product_tag":[],"class_list":{"0":"post-8108","1":"product","2":"type-product","3":"status-publish","4":"has-post-thumbnail","6":"product_cat-duhovna-literatura","8":"first","9":"instock","10":"purchasable","11":"product-type-simple"},"_links":{"self":[{"href":"https:\/\/orthodoxblessings.com\/sr\/wp-json\/wp\/v2\/product\/8108","targetHints":{"allow":["GET"]}}],"collection":[{"href":"https:\/\/orthodoxblessings.com\/sr\/wp-json\/wp\/v2\/product"}],"about":[{"href":"https:\/\/orthodoxblessings.com\/sr\/wp-json\/wp\/v2\/types\/product"}],"wp:featuredmedia":[{"embeddable":true,"href":"https:\/\/orthodoxblessings.com\/sr\/wp-json\/wp\/v2\/media\/8454"}],"wp:attachment":[{"href":"https:\/\/orthodoxblessings.com\/sr\/wp-json\/wp\/v2\/media?parent=8108"}],"wp:term":[{"taxonomy":"product_brand","embeddable":true,"href":"https:\/\/orthodoxblessings.com\/sr\/wp-json\/wp\/v2\/product_brand?post=8108"},{"taxonomy":"product_cat","embeddable":true,"href":"https:\/\/orthodoxblessings.com\/sr\/wp-json\/wp\/v2\/product_cat?post=8108"},{"taxonomy":"product_tag","embeddable":true,"href":"https:\/\/orthodoxblessings.com\/sr\/wp-json\/wp\/v2\/product_tag?post=8108"}],"curies":[{"name":"wp","href":"https:\/\/api.w.org\/{rel}","templated":true}]}}