{"id":8105,"date":"2025-12-23T12:19:13","date_gmt":"2025-12-23T12:19:13","guid":{"rendered":"https:\/\/orthodoxblessings.com\/?post_type=product&#038;p=8105"},"modified":"2026-01-10T12:02:46","modified_gmt":"2026-01-10T12:02:46","slug":"molitvenik-i-akatisti-za-pravoslavnu-zenu","status":"publish","type":"product","link":"https:\/\/orthodoxblessings.com\/sr\/shop\/molitvenik-i-akatisti-za-pravoslavnu-zenu\/","title":{"rendered":"Molitvenik i akatisti za pravoslavnu \u017eenu"},"content":{"rendered":"<p data-start=\"1422\" data-end=\"1671\"><strong data-start=\"1422\" data-end=\"1469\">\u201eMolitvenik i akatisti za pravoslavnu \u017eenu\u201c<\/strong> je bogata zbirka molitava i akatista, pa\u017eljivo prire\u0111ena da odgovori na duhovne potrebe \u017eene u svim etapama njenog \u017eivota. Knjigu je priredila monahinja Atanasija Raki\u0107, a izdava\u010d je Manastir Rukumija.<\/p>\n<p data-start=\"1673\" data-end=\"1966\">U njoj se nalaze molitve za porodicu, decu, brak, zdravlje, trpljenje i smirenje, kao i akatisti Presvetoj Bogorodici i svetima koji su posebni za\u0161titnici \u017eena. Molitve su iskrene, duboke i bliske svakodnevnom \u017eivotu, \u010dine\u0107i ovaj molitvenik dragocenim saputnikom u li\u010dnoj i porodi\u010dnoj molitvi.<\/p>\n","protected":false},"excerpt":{"rendered":"<p>\u201eMolitvenik i akatisti za pravoslavnu \u017eenu\u201c je bogata zbirka molitava i akatista, pa\u017eljivo prire\u0111ena da odgovori na duhovne potrebe \u017eene u svim etapama njenog \u017eivota. Knjigu je priredila monahinja Atanasija Raki\u0107, a izdava\u010d je Manastir Rukumija. U njoj se nalaze molitve za porodicu, decu, brak, zdravlje, trpljenje i smirenje, kao i akatisti Presvetoj Bogorodici i [&hellip;]<\/p>\n","protected":false},"featured_media":8451,"template":"","meta":{"give_campaign_id":0},"product_brand":[],"product_cat":[307],"product_tag":[],"class_list":{"0":"post-8105","1":"product","2":"type-product","3":"status-publish","4":"has-post-thumbnail","6":"product_cat-duhovna-literatura","8":"first","9":"instock","10":"purchasable","11":"product-type-simple"},"_links":{"self":[{"href":"https:\/\/orthodoxblessings.com\/sr\/wp-json\/wp\/v2\/product\/8105","targetHints":{"allow":["GET"]}}],"collection":[{"href":"https:\/\/orthodoxblessings.com\/sr\/wp-json\/wp\/v2\/product"}],"about":[{"href":"https:\/\/orthodoxblessings.com\/sr\/wp-json\/wp\/v2\/types\/product"}],"wp:featuredmedia":[{"embeddable":true,"href":"https:\/\/orthodoxblessings.com\/sr\/wp-json\/wp\/v2\/media\/8451"}],"wp:attachment":[{"href":"https:\/\/orthodoxblessings.com\/sr\/wp-json\/wp\/v2\/media?parent=8105"}],"wp:term":[{"taxonomy":"product_brand","embeddable":true,"href":"https:\/\/orthodoxblessings.com\/sr\/wp-json\/wp\/v2\/product_brand?post=8105"},{"taxonomy":"product_cat","embeddable":true,"href":"https:\/\/orthodoxblessings.com\/sr\/wp-json\/wp\/v2\/product_cat?post=8105"},{"taxonomy":"product_tag","embeddable":true,"href":"https:\/\/orthodoxblessings.com\/sr\/wp-json\/wp\/v2\/product_tag?post=8105"}],"curies":[{"name":"wp","href":"https:\/\/api.w.org\/{rel}","templated":true}]}}