{"id":8102,"date":"2025-12-23T12:16:40","date_gmt":"2025-12-23T12:16:40","guid":{"rendered":"https:\/\/orthodoxblessings.com\/?post_type=product&#038;p=8102"},"modified":"2026-01-10T11:57:24","modified_gmt":"2026-01-10T11:57:24","slug":"nesveti-a-sveti","status":"publish","type":"product","link":"https:\/\/orthodoxblessings.com\/sr\/shop\/nesveti-a-sveti\/","title":{"rendered":"Nesveti a sveti"},"content":{"rendered":"<p data-start=\"1516\" data-end=\"1834\"><strong data-start=\"1516\" data-end=\"1552\">\u201eNesveti, a sveti i druge pri\u010de\u201c<\/strong> arhimandrita Tihona (\u0160evkunova) je zbirka istinitih pri\u010da iz savremenog crkvenog i mona\u0161kog \u017eivota. Kroz susrete sa monasima, sve\u0161tenicima i obi\u010dnim ljudima, autor pokazuje da se svetost ne ra\u0111a iz savr\u0161enstva, ve\u0107 iz borbe, slabosti, pokajanja i iskrenog odnosa prema sebi i Bogu.<\/p>\n<p data-start=\"1836\" data-end=\"2052\">Knjiga je pisana jednostavno, toplo i iskreno, sa puno duhovne dubine i \u017eivotne mudrosti. Ona razbija idealizovanu sliku vere i pokazuje hri\u0161\u0107anstvo kao \u017eiv, realan i \u010desto te\u017eak, ali istinski put preobra\u017eaja \u010doveka.<\/p>\n","protected":false},"excerpt":{"rendered":"<p>\u201eNesveti, a sveti i druge pri\u010de\u201c arhimandrita Tihona (\u0160evkunova) je zbirka istinitih pri\u010da iz savremenog crkvenog i mona\u0161kog \u017eivota. Kroz susrete sa monasima, sve\u0161tenicima i obi\u010dnim ljudima, autor pokazuje da se svetost ne ra\u0111a iz savr\u0161enstva, ve\u0107 iz borbe, slabosti, pokajanja i iskrenog odnosa prema sebi i Bogu. Knjiga je pisana jednostavno, toplo i iskreno, [&hellip;]<\/p>\n","protected":false},"featured_media":8445,"template":"","meta":{"give_campaign_id":0},"product_brand":[],"product_cat":[307],"product_tag":[],"class_list":{"0":"post-8102","1":"product","2":"type-product","3":"status-publish","4":"has-post-thumbnail","6":"product_cat-duhovna-literatura","8":"first","9":"instock","10":"purchasable","11":"product-type-simple"},"_links":{"self":[{"href":"https:\/\/orthodoxblessings.com\/sr\/wp-json\/wp\/v2\/product\/8102","targetHints":{"allow":["GET"]}}],"collection":[{"href":"https:\/\/orthodoxblessings.com\/sr\/wp-json\/wp\/v2\/product"}],"about":[{"href":"https:\/\/orthodoxblessings.com\/sr\/wp-json\/wp\/v2\/types\/product"}],"wp:featuredmedia":[{"embeddable":true,"href":"https:\/\/orthodoxblessings.com\/sr\/wp-json\/wp\/v2\/media\/8445"}],"wp:attachment":[{"href":"https:\/\/orthodoxblessings.com\/sr\/wp-json\/wp\/v2\/media?parent=8102"}],"wp:term":[{"taxonomy":"product_brand","embeddable":true,"href":"https:\/\/orthodoxblessings.com\/sr\/wp-json\/wp\/v2\/product_brand?post=8102"},{"taxonomy":"product_cat","embeddable":true,"href":"https:\/\/orthodoxblessings.com\/sr\/wp-json\/wp\/v2\/product_cat?post=8102"},{"taxonomy":"product_tag","embeddable":true,"href":"https:\/\/orthodoxblessings.com\/sr\/wp-json\/wp\/v2\/product_tag?post=8102"}],"curies":[{"name":"wp","href":"https:\/\/api.w.org\/{rel}","templated":true}]}}