{"id":8099,"date":"2025-12-23T12:13:18","date_gmt":"2025-12-23T12:13:18","guid":{"rendered":"https:\/\/orthodoxblessings.com\/?post_type=product&#038;p=8099"},"modified":"2026-01-10T11:05:01","modified_gmt":"2026-01-10T11:05:01","slug":"nedostojan-je-onaj-koji-sebe-smatra-dostojnim-iguman-nektarije","status":"publish","type":"product","link":"https:\/\/orthodoxblessings.com\/sr\/shop\/nedostojan-je-onaj-koji-sebe-smatra-dostojnim-iguman-nektarije\/","title":{"rendered":"Nedostojan je onaj koji sebe smatra dostojnim &#8211; Iguman Nektarije"},"content":{"rendered":"<p>\u201eNedostojan je onaj ko sebe smatra dostojnim\u201c (Odgovori na pitanja o ispovesti i pri\u010de\u0161c\u0301u) igumana Nektarija (Morozova) je kratak, pastirski priru\u010dnik koji odgovara na naj\u010de\u0161c\u0301e, padom i nedostatkom pitanja o iskustvima. Koji se nastavljaju i pristupanju Svetoj Tajni Pri\u010de\u0161c\u0301a sa smirenjem, a ne samopouzdanjem. Knjiga je napisana prakti\u010dnim tonom, da ohrabri \u010doveka na istoriju i nadu u Bo\u017eiju milost, bez o\u010dajanja i bez gordosti.<\/p>\n","protected":false},"excerpt":{"rendered":"<p>\u201eNedostojan je onaj ko sebe smatra dostojnim\u201c (Odgovori na pitanja o ispovesti i pri\u010de\u0161c\u0301u) igumana Nektarija (Morozova) je kratak, pastirski priru\u010dnik koji odgovara na naj\u010de\u0161c\u0301e, padom i nedostatkom pitanja o iskustvima. Koji se nastavljaju i pristupanju Svetoj Tajni Pri\u010de\u0161c\u0301a sa smirenjem, a ne samopouzdanjem. Knjiga je napisana prakti\u010dnim tonom, da ohrabri \u010doveka na istoriju i [&hellip;]<\/p>\n","protected":false},"featured_media":8442,"template":"","meta":{"give_campaign_id":0},"product_brand":[],"product_cat":[307],"product_tag":[],"class_list":{"0":"post-8099","1":"product","2":"type-product","3":"status-publish","4":"has-post-thumbnail","6":"product_cat-duhovna-literatura","8":"first","9":"instock","10":"purchasable","11":"product-type-simple"},"_links":{"self":[{"href":"https:\/\/orthodoxblessings.com\/sr\/wp-json\/wp\/v2\/product\/8099","targetHints":{"allow":["GET"]}}],"collection":[{"href":"https:\/\/orthodoxblessings.com\/sr\/wp-json\/wp\/v2\/product"}],"about":[{"href":"https:\/\/orthodoxblessings.com\/sr\/wp-json\/wp\/v2\/types\/product"}],"wp:featuredmedia":[{"embeddable":true,"href":"https:\/\/orthodoxblessings.com\/sr\/wp-json\/wp\/v2\/media\/8442"}],"wp:attachment":[{"href":"https:\/\/orthodoxblessings.com\/sr\/wp-json\/wp\/v2\/media?parent=8099"}],"wp:term":[{"taxonomy":"product_brand","embeddable":true,"href":"https:\/\/orthodoxblessings.com\/sr\/wp-json\/wp\/v2\/product_brand?post=8099"},{"taxonomy":"product_cat","embeddable":true,"href":"https:\/\/orthodoxblessings.com\/sr\/wp-json\/wp\/v2\/product_cat?post=8099"},{"taxonomy":"product_tag","embeddable":true,"href":"https:\/\/orthodoxblessings.com\/sr\/wp-json\/wp\/v2\/product_tag?post=8099"}],"curies":[{"name":"wp","href":"https:\/\/api.w.org\/{rel}","templated":true}]}}