{"id":8090,"date":"2025-12-23T11:55:25","date_gmt":"2025-12-23T11:55:25","guid":{"rendered":"https:\/\/orthodoxblessings.com\/?post_type=product&#038;p=8090"},"modified":"2026-01-10T10:20:55","modified_gmt":"2026-01-10T10:20:55","slug":"veruj-nadaj-se-i-sve-ce-dobro-biti-o-tadej-vitovnicki","status":"publish","type":"product","link":"https:\/\/orthodoxblessings.com\/sr\/shop\/veruj-nadaj-se-i-sve-ce-dobro-biti-o-tadej-vitovnicki\/","title":{"rendered":"Veruj, nadaj se i sve \u0107e dobro biti &#8211; o. Tadej Vitovni\u010dki"},"content":{"rendered":"<p>Duhovno vo\u0111stvo Vladike Irineja Bulovi\u0107a sa portretom autora u prirodi, koje poziva na autenti\u010dan \u017eivot i samo-otkrivanje kroz pravoslavnu veru, izdato u izdava\u010dkoj ku\u0107i Veselin, Smederevo.<\/p>\n","protected":false},"excerpt":{"rendered":"<p>Duhovno vo\u0111stvo Vladike Irineja Bulovi\u0107a sa portretom autora u prirodi, koje poziva na autenti\u010dan \u017eivot i samo-otkrivanje kroz pravoslavnu veru, izdato u izdava\u010dkoj ku\u0107i Veselin, Smederevo.<\/p>\n","protected":false},"featured_media":8436,"template":"","meta":{"give_campaign_id":0},"product_brand":[],"product_cat":[307],"product_tag":[],"class_list":{"0":"post-8090","1":"product","2":"type-product","3":"status-publish","4":"has-post-thumbnail","6":"product_cat-duhovna-literatura","8":"first","9":"instock","10":"purchasable","11":"product-type-simple"},"_links":{"self":[{"href":"https:\/\/orthodoxblessings.com\/sr\/wp-json\/wp\/v2\/product\/8090","targetHints":{"allow":["GET"]}}],"collection":[{"href":"https:\/\/orthodoxblessings.com\/sr\/wp-json\/wp\/v2\/product"}],"about":[{"href":"https:\/\/orthodoxblessings.com\/sr\/wp-json\/wp\/v2\/types\/product"}],"wp:featuredmedia":[{"embeddable":true,"href":"https:\/\/orthodoxblessings.com\/sr\/wp-json\/wp\/v2\/media\/8436"}],"wp:attachment":[{"href":"https:\/\/orthodoxblessings.com\/sr\/wp-json\/wp\/v2\/media?parent=8090"}],"wp:term":[{"taxonomy":"product_brand","embeddable":true,"href":"https:\/\/orthodoxblessings.com\/sr\/wp-json\/wp\/v2\/product_brand?post=8090"},{"taxonomy":"product_cat","embeddable":true,"href":"https:\/\/orthodoxblessings.com\/sr\/wp-json\/wp\/v2\/product_cat?post=8090"},{"taxonomy":"product_tag","embeddable":true,"href":"https:\/\/orthodoxblessings.com\/sr\/wp-json\/wp\/v2\/product_tag?post=8090"}],"curies":[{"name":"wp","href":"https:\/\/api.w.org\/{rel}","templated":true}]}}