{"id":8087,"date":"2025-12-23T11:51:20","date_gmt":"2025-12-23T11:51:20","guid":{"rendered":"https:\/\/orthodoxblessings.com\/?post_type=product&#038;p=8087"},"modified":"2026-01-10T10:17:12","modified_gmt":"2026-01-10T10:17:12","slug":"ne-ljubite-sveta-ni-sto-je-u-svetu","status":"publish","type":"product","link":"https:\/\/orthodoxblessings.com\/sr\/shop\/ne-ljubite-sveta-ni-sto-je-u-svetu\/","title":{"rendered":"Ne ljubite sveta ni \u0161to je u svetu"},"content":{"rendered":"<p>Duhovna knjiga koja istra\u017euje hri\u0161\u0107anski poziv na ljubav umesto osu\u0111ivanja, uz siluetu savremenog grada, izdata od strane savremene pravoslavne izdava\u010dke ku\u0107e, pogodna za li\u010dno razmi\u0161ljanje i grupnu prou\u010davanja.<\/p>\n","protected":false},"excerpt":{"rendered":"<p>Duhovna knjiga koja istra\u017euje hri\u0161\u0107anski poziv na ljubav umesto osu\u0111ivanja, uz siluetu savremenog grada, izdata od strane savremene pravoslavne izdava\u010dke ku\u0107e, pogodna za li\u010dno razmi\u0161ljanje i grupnu prou\u010davanja.<\/p>\n","protected":false},"featured_media":8433,"template":"","meta":{"give_campaign_id":0},"product_brand":[],"product_cat":[307],"product_tag":[],"class_list":{"0":"post-8087","1":"product","2":"type-product","3":"status-publish","4":"has-post-thumbnail","6":"product_cat-duhovna-literatura","8":"first","9":"instock","10":"purchasable","11":"product-type-simple"},"_links":{"self":[{"href":"https:\/\/orthodoxblessings.com\/sr\/wp-json\/wp\/v2\/product\/8087","targetHints":{"allow":["GET"]}}],"collection":[{"href":"https:\/\/orthodoxblessings.com\/sr\/wp-json\/wp\/v2\/product"}],"about":[{"href":"https:\/\/orthodoxblessings.com\/sr\/wp-json\/wp\/v2\/types\/product"}],"wp:featuredmedia":[{"embeddable":true,"href":"https:\/\/orthodoxblessings.com\/sr\/wp-json\/wp\/v2\/media\/8433"}],"wp:attachment":[{"href":"https:\/\/orthodoxblessings.com\/sr\/wp-json\/wp\/v2\/media?parent=8087"}],"wp:term":[{"taxonomy":"product_brand","embeddable":true,"href":"https:\/\/orthodoxblessings.com\/sr\/wp-json\/wp\/v2\/product_brand?post=8087"},{"taxonomy":"product_cat","embeddable":true,"href":"https:\/\/orthodoxblessings.com\/sr\/wp-json\/wp\/v2\/product_cat?post=8087"},{"taxonomy":"product_tag","embeddable":true,"href":"https:\/\/orthodoxblessings.com\/sr\/wp-json\/wp\/v2\/product_tag?post=8087"}],"curies":[{"name":"wp","href":"https:\/\/api.w.org\/{rel}","templated":true}]}}