{"id":8081,"date":"2025-12-23T11:45:05","date_gmt":"2025-12-23T11:45:05","guid":{"rendered":"https:\/\/orthodoxblessings.com\/?post_type=product&#038;p=8081"},"modified":"2026-01-10T10:09:05","modified_gmt":"2026-01-10T10:09:05","slug":"lestvica-sveti-jovan-lestvicnik","status":"publish","type":"product","link":"https:\/\/orthodoxblessings.com\/sr\/shop\/lestvica-sveti-jovan-lestvicnik\/","title":{"rendered":"Lestvica &#8211; Sveti Jovan Lestvi\u010dnik"},"content":{"rendered":"<p>Liturgijska knjiga sa celovitim tekstom Bo\u017eanske Liturgije Svetog Jovana Zlatoustog i \u010ditanjima iz Jevan\u0111elja Svetog Jovana Bogoslova, \u0161tampana u elegantnom formatu za upotrebu u ku\u0107noj molitvi ili na bogoslu\u017eenjima.<\/p>\n","protected":false},"excerpt":{"rendered":"<p>Liturgijska knjiga sa celovitim tekstom Bo\u017eanske Liturgije Svetog Jovana Zlatoustog i \u010ditanjima iz Jevan\u0111elja Svetog Jovana Bogoslova, \u0161tampana u elegantnom formatu za upotrebu u ku\u0107noj molitvi ili na bogoslu\u017eenjima.<\/p>\n","protected":false},"featured_media":8427,"template":"","meta":{"give_campaign_id":0},"product_brand":[],"product_cat":[307],"product_tag":[],"class_list":{"0":"post-8081","1":"product","2":"type-product","3":"status-publish","4":"has-post-thumbnail","6":"product_cat-duhovna-literatura","8":"first","9":"instock","10":"purchasable","11":"product-type-simple"},"_links":{"self":[{"href":"https:\/\/orthodoxblessings.com\/sr\/wp-json\/wp\/v2\/product\/8081","targetHints":{"allow":["GET"]}}],"collection":[{"href":"https:\/\/orthodoxblessings.com\/sr\/wp-json\/wp\/v2\/product"}],"about":[{"href":"https:\/\/orthodoxblessings.com\/sr\/wp-json\/wp\/v2\/types\/product"}],"wp:featuredmedia":[{"embeddable":true,"href":"https:\/\/orthodoxblessings.com\/sr\/wp-json\/wp\/v2\/media\/8427"}],"wp:attachment":[{"href":"https:\/\/orthodoxblessings.com\/sr\/wp-json\/wp\/v2\/media?parent=8081"}],"wp:term":[{"taxonomy":"product_brand","embeddable":true,"href":"https:\/\/orthodoxblessings.com\/sr\/wp-json\/wp\/v2\/product_brand?post=8081"},{"taxonomy":"product_cat","embeddable":true,"href":"https:\/\/orthodoxblessings.com\/sr\/wp-json\/wp\/v2\/product_cat?post=8081"},{"taxonomy":"product_tag","embeddable":true,"href":"https:\/\/orthodoxblessings.com\/sr\/wp-json\/wp\/v2\/product_tag?post=8081"}],"curies":[{"name":"wp","href":"https:\/\/api.w.org\/{rel}","templated":true}]}}