{"id":8078,"date":"2025-12-23T11:40:30","date_gmt":"2025-12-23T11:40:30","guid":{"rendered":"https:\/\/orthodoxblessings.com\/?post_type=product&#038;p=8078"},"modified":"2026-01-10T10:05:23","modified_gmt":"2026-01-10T10:05:23","slug":"okusite-i-vidite-zdravko-peno","status":"publish","type":"product","link":"https:\/\/orthodoxblessings.com\/sr\/shop\/okusite-i-vidite-zdravko-peno\/","title":{"rendered":"Okusite i vidite &#8211; Zdravko Peno"},"content":{"rendered":"<p>Liturgijska knjiga sa celovitim tekstom Bo\u017eanske Liturgije Svetog Jovana Zlatoustog i jevan\u0111eljskim \u010ditanjima, \u0161tampana u elegantnom formatu za upotrebu u ku\u0107noj molitvi ili na bogoslu\u017eenjima.<\/p>\n","protected":false},"excerpt":{"rendered":"<p>Liturgijska knjiga sa celovitim tekstom Bo\u017eanske Liturgije Svetog Jovana Zlatoustog i jevan\u0111eljskim \u010ditanjima, \u0161tampana u elegantnom formatu za upotrebu u ku\u0107noj molitvi ili na bogoslu\u017eenjima.<\/p>\n","protected":false},"featured_media":8424,"template":"","meta":{"give_campaign_id":0},"product_brand":[],"product_cat":[307],"product_tag":[],"class_list":{"0":"post-8078","1":"product","2":"type-product","3":"status-publish","4":"has-post-thumbnail","6":"product_cat-duhovna-literatura","8":"first","9":"instock","10":"purchasable","11":"product-type-simple"},"_links":{"self":[{"href":"https:\/\/orthodoxblessings.com\/sr\/wp-json\/wp\/v2\/product\/8078","targetHints":{"allow":["GET"]}}],"collection":[{"href":"https:\/\/orthodoxblessings.com\/sr\/wp-json\/wp\/v2\/product"}],"about":[{"href":"https:\/\/orthodoxblessings.com\/sr\/wp-json\/wp\/v2\/types\/product"}],"wp:featuredmedia":[{"embeddable":true,"href":"https:\/\/orthodoxblessings.com\/sr\/wp-json\/wp\/v2\/media\/8424"}],"wp:attachment":[{"href":"https:\/\/orthodoxblessings.com\/sr\/wp-json\/wp\/v2\/media?parent=8078"}],"wp:term":[{"taxonomy":"product_brand","embeddable":true,"href":"https:\/\/orthodoxblessings.com\/sr\/wp-json\/wp\/v2\/product_brand?post=8078"},{"taxonomy":"product_cat","embeddable":true,"href":"https:\/\/orthodoxblessings.com\/sr\/wp-json\/wp\/v2\/product_cat?post=8078"},{"taxonomy":"product_tag","embeddable":true,"href":"https:\/\/orthodoxblessings.com\/sr\/wp-json\/wp\/v2\/product_tag?post=8078"}],"curies":[{"name":"wp","href":"https:\/\/api.w.org\/{rel}","templated":true}]}}