{"id":8075,"date":"2025-12-23T11:34:47","date_gmt":"2025-12-23T11:34:47","guid":{"rendered":"https:\/\/orthodoxblessings.com\/?post_type=product&#038;p=8075"},"modified":"2026-01-10T09:57:12","modified_gmt":"2026-01-10T09:57:12","slug":"ohridski-prolog-veliki","status":"publish","type":"product","link":"https:\/\/orthodoxblessings.com\/sr\/shop\/ohridski-prolog-veliki\/","title":{"rendered":"Ohridski prolog &#8211; veliki"},"content":{"rendered":"<p>Luksuzno tvrdo ukori\u010deno sadr\u017eaj sa \u017eitijama svetitelja iz Orthodox Prologa, organizovano po liturgijskom kalendaru, sa zlatnim krstom i elegantnom bordo koricom, pogodno za svakodnevno duhovno \u010ditanje.<\/p>\n","protected":false},"excerpt":{"rendered":"<p>Luksuzno tvrdo ukori\u010deno sadr\u017eaj sa \u017eitijama svetitelja iz Orthodox Prologa, organizovano po liturgijskom kalendaru, sa zlatnim krstom i elegantnom bordo koricom, pogodno za svakodnevno duhovno \u010ditanje.<\/p>\n","protected":false},"featured_media":8421,"template":"","meta":{"give_campaign_id":0},"product_brand":[],"product_cat":[307],"product_tag":[],"class_list":{"0":"post-8075","1":"product","2":"type-product","3":"status-publish","4":"has-post-thumbnail","6":"product_cat-duhovna-literatura","8":"first","9":"instock","10":"purchasable","11":"product-type-simple"},"_links":{"self":[{"href":"https:\/\/orthodoxblessings.com\/sr\/wp-json\/wp\/v2\/product\/8075","targetHints":{"allow":["GET"]}}],"collection":[{"href":"https:\/\/orthodoxblessings.com\/sr\/wp-json\/wp\/v2\/product"}],"about":[{"href":"https:\/\/orthodoxblessings.com\/sr\/wp-json\/wp\/v2\/types\/product"}],"wp:featuredmedia":[{"embeddable":true,"href":"https:\/\/orthodoxblessings.com\/sr\/wp-json\/wp\/v2\/media\/8421"}],"wp:attachment":[{"href":"https:\/\/orthodoxblessings.com\/sr\/wp-json\/wp\/v2\/media?parent=8075"}],"wp:term":[{"taxonomy":"product_brand","embeddable":true,"href":"https:\/\/orthodoxblessings.com\/sr\/wp-json\/wp\/v2\/product_brand?post=8075"},{"taxonomy":"product_cat","embeddable":true,"href":"https:\/\/orthodoxblessings.com\/sr\/wp-json\/wp\/v2\/product_cat?post=8075"},{"taxonomy":"product_tag","embeddable":true,"href":"https:\/\/orthodoxblessings.com\/sr\/wp-json\/wp\/v2\/product_tag?post=8075"}],"curies":[{"name":"wp","href":"https:\/\/api.w.org\/{rel}","templated":true}]}}